{"id":1202,"date":"2024-11-04T18:17:39","date_gmt":"2024-11-04T17:17:39","guid":{"rendered":"https:\/\/www.marmottine.fr\/mag\/?page_id=1202"},"modified":"2024-11-04T18:17:39","modified_gmt":"2024-11-04T17:17:39","slug":"en-souvenir-de-votre-mariage-offrez-un-bijou-personnalise-a-vos-invites","status":"publish","type":"page","link":"https:\/\/www.marmottine.fr\/mag\/guides\/bijoux-personnalises\/choisir-selon-occasion\/en-souvenir-de-votre-mariage-offrez-un-bijou-personnalise-a-vos-invites","title":{"rendered":"En souvenir de votre mariage, offrez un bijou personnalis\u00e9 \u00e0 vos invit\u00e9s"},"content":{"rendered":"<h1 class=\"page-item-title\">En souvenir de votre mariage, offrez un bijou personnalis\u00e9 \u00e0 vos invit\u00e9s<\/h1>\n<p><img loading=\"lazy\" decoding=\"async\" class=\"alignnone wp-image-1203 size-full\" src=\"https:\/\/www.marmottine.fr\/mag\/wp-content\/uploads\/2024\/10\/Offrez-un-bijou-personnalise-a-vos-invites-.jpg\" alt=\"\" width=\"700\" height=\"420\" srcset=\"https:\/\/www.marmottine.fr\/mag\/wp-content\/uploads\/2024\/10\/Offrez-un-bijou-personnalise-a-vos-invites-.jpg 700w, https:\/\/www.marmottine.fr\/mag\/wp-content\/uploads\/2024\/10\/Offrez-un-bijou-personnalise-a-vos-invites--300x180.jpg 300w\" sizes=\"(max-width: 700px) 100vw, 700px\" \/><\/p>\n<div class=\"articleContent\"><span style=\"font-size: 1.7em; font-weight: bold;\">Des cadeaux pour vos invit\u00e9s<\/span><\/div>\n<div>\n<div class=\"sdsarticle-des\">\n<div class=\"e-content\">\n<p><a href=\"https:\/\/www.marmottine.fr\/mag\/guides\/bijoux-personnalises\/choisir-selon-occasion\">Pour le plus beau jour de votre vie vous avez pens\u00e9 \u00e0 tout<\/a>,\u00a0de la r\u00e9servation de la salle au traiteur en passant par vos tenues et vos alliances. Mais avez-vous pens\u00e9 \u00e0 laisser un souvenir \u00e0 vos proches, plus particuli\u00e8rement \u00e0 ceux qui se seront le plus investis dans votre mariage\u00a0? Vos t\u00e9moins, vos demoiselles d\u2019honneur, les enfants d\u2019honneur\u2026 pour eux aussi ce jour est important. Le r\u00f4le que vous leur confiez rel\u00e8ve d\u2019une symbolique forte. C\u2019est pourquoi il est de bon ton d\u2019offrir un cadeau en souvenir de ce bel \u00e9v\u00e9nement auquel ils auront particip\u00e9 activement.\u00a0Parmi les id\u00e9es de cadeaux pour vos invit\u00e9s, le\u00a0<strong>bijou personnalis\u00e9<\/strong>\u00a0arrive en t\u00eate, quel que soit le style du mariage.<\/p>\n<h2>Quel bijou personnalis\u00e9 pour mes invit\u00e9s\u00a0?<\/h2>\n<p>Pour les t\u00e9moins, les demoiselles et gar\u00e7ons d\u2019honneur, un grand classique est d\u2019offrir un bracelet cordon avec une m\u00e9daille en argent sur laquelle on grave un message\u00a0: la date du mariage et les pr\u00e9noms des \u00e9poux. Variante sympathique et discr\u00e8te pour les messieurs\u00a0: une paire de boutons de manchettes personnalis\u00e9e avec la date de l\u2019\u00e9v\u00e9nement et les initiales des mari\u00e9s.<\/p>\n<p>Quant aux enfants d\u2019honneur, malgr\u00e9 leur \u00e2ge (ils sont parfois tr\u00e8s jeunes) ils sont sensibles \u00e0 un petit\u00a0<strong>cadeau personnalis\u00e9<\/strong>\u00a0rien que pour eux, en souvenir de cette journ\u00e9e. Cela peut \u00eatre un petit bracelet coordonn\u00e9 au code couleur du mariage, un collier avec un pendentif rappelant encore le th\u00e8me du mariage (fleur, Paris, bord de mer, campagne\u2026). Cela peut aussi \u00eatre la r\u00e9plique miniature du\u00a0 cadeau choisi pour les t\u00e9moins.<\/p>\n<p>Quel que soit le th\u00e8me de votre mariage, et quel que soit votre budget, avec un peu d\u2019imagination, il est tr\u00e8s facile de trouver un bijou personnalis\u00e9 pour vos invit\u00e9s. N\u2019h\u00e9sitez pas \u00e0 sortir des sentiers battus, \u00e0 innover. Vous avez une id\u00e9e qui ne s\u2019est jamais faites\u00a0? Foncez\u00a0! Vous marquerez d\u2019autant plus les esprits\u00a0!<\/p>\n<\/div>\n<\/div>\n<div class=\"sdstags-update\"><span class=\"tags\"><b>tags:\u00a0<\/b><a href=\"https:\/\/www.marmottine.fr\/les-news-de-marmottine\/tag\/mariage\">mariage<\/a><\/span><\/div>\n<\/div>\n","protected":false},"excerpt":{"rendered":"<p>En souvenir de votre mariage, offrez un bijou personnalis\u00e9 \u00e0 vos invit\u00e9s Des cadeaux pour vos invit\u00e9s Pour le plus [&hellip;]<\/p>\n","protected":false},"author":5,"featured_media":1203,"parent":440,"menu_order":4,"comment_status":"closed","ping_status":"closed","template":"","meta":{"site-sidebar-layout":"default","site-content-layout":"","ast-site-content-layout":"default","site-content-style":"default","site-sidebar-style":"default","ast-global-header-display":"","ast-banner-title-visibility":"","ast-main-header-display":"","ast-hfb-above-header-display":"","ast-hfb-below-header-display":"","ast-hfb-mobile-header-display":"","site-post-title":"","ast-breadcrumbs-content":"","ast-featured-img":"","footer-sml-layout":"","theme-transparent-header-meta":"default","adv-header-id-meta":"","stick-header-meta":"","header-above-stick-meta":"","header-main-stick-meta":"","header-below-stick-meta":"","astra-migrate-meta-layouts":"set","ast-page-background-enabled":"default","ast-page-background-meta":{"desktop":{"background-color":"var(--ast-global-color-4)","background-image":"","background-repeat":"repeat","background-position":"center center","background-size":"auto","background-attachment":"scroll","background-type":"","background-media":"","overlay-type":"","overlay-color":"","overlay-gradient":""},"tablet":{"background-color":"","background-image":"","background-repeat":"repeat","background-position":"center center","background-size":"auto","background-attachment":"scroll","background-type":"","background-media":"","overlay-type":"","overlay-color":"","overlay-gradient":""},"mobile":{"background-color":"","background-image":"","background-repeat":"repeat","background-position":"center center","background-size":"auto","background-attachment":"scroll","background-type":"","background-media":"","overlay-type":"","overlay-color":"","overlay-gradient":""}},"ast-content-background-meta":{"desktop":{"background-color":"var(--ast-global-color-5)","background-image":"","background-repeat":"repeat","background-position":"center center","background-size":"auto","background-attachment":"scroll","background-type":"","background-media":"","overlay-type":"","overlay-color":"","overlay-gradient":""},"tablet":{"background-color":"var(--ast-global-color-5)","background-image":"","background-repeat":"repeat","background-position":"center center","background-size":"auto","background-attachment":"scroll","background-type":"","background-media":"","overlay-type":"","overlay-color":"","overlay-gradient":""},"mobile":{"background-color":"var(--ast-global-color-5)","background-image":"","background-repeat":"repeat","background-position":"center center","background-size":"auto","background-attachment":"scroll","background-type":"","background-media":"","overlay-type":"","overlay-color":"","overlay-gradient":""}},"footnotes":""},"aioseo_notices":[],"_links":{"self":[{"href":"https:\/\/www.marmottine.fr\/mag\/wp-json\/wp\/v2\/pages\/1202"}],"collection":[{"href":"https:\/\/www.marmottine.fr\/mag\/wp-json\/wp\/v2\/pages"}],"about":[{"href":"https:\/\/www.marmottine.fr\/mag\/wp-json\/wp\/v2\/types\/page"}],"author":[{"embeddable":true,"href":"https:\/\/www.marmottine.fr\/mag\/wp-json\/wp\/v2\/users\/5"}],"replies":[{"embeddable":true,"href":"https:\/\/www.marmottine.fr\/mag\/wp-json\/wp\/v2\/comments?post=1202"}],"version-history":[{"count":2,"href":"https:\/\/www.marmottine.fr\/mag\/wp-json\/wp\/v2\/pages\/1202\/revisions"}],"predecessor-version":[{"id":1275,"href":"https:\/\/www.marmottine.fr\/mag\/wp-json\/wp\/v2\/pages\/1202\/revisions\/1275"}],"up":[{"embeddable":true,"href":"https:\/\/www.marmottine.fr\/mag\/wp-json\/wp\/v2\/pages\/440"}],"wp:featuredmedia":[{"embeddable":true,"href":"https:\/\/www.marmottine.fr\/mag\/wp-json\/wp\/v2\/media\/1203"}],"wp:attachment":[{"href":"https:\/\/www.marmottine.fr\/mag\/wp-json\/wp\/v2\/media?parent=1202"}],"curies":[{"name":"wp","href":"https:\/\/api.w.org\/{rel}","templated":true}]}}