{"id":1187,"date":"2024-11-04T18:07:48","date_gmt":"2024-11-04T17:07:48","guid":{"rendered":"https:\/\/www.marmottine.fr\/mag\/?page_id=1187"},"modified":"2024-11-04T18:07:48","modified_gmt":"2024-11-04T17:07:48","slug":"mikado-une-autre-idee-des-bijoux-enfant","status":"publish","type":"page","link":"https:\/\/www.marmottine.fr\/mag\/guides\/bijoux-personnalises\/par-marque\/mikado-une-autre-idee-des-bijoux-enfant","title":{"rendered":"Mikado : une autre id\u00e9e des bijoux enfant"},"content":{"rendered":"<h1 class=\"page-item-title\"><span class=\"ez-toc-section\" id=\"Mikado_une_autre_idee_des_bijoux_enfant\"><\/span>Mikado : une autre id\u00e9e des bijoux enfant<span class=\"ez-toc-section-end\"><\/span><\/h1><div id=\"ez-toc-container\" class=\"ez-toc-v2_0_69_1 counter-hierarchy ez-toc-counter ez-toc-grey ez-toc-container-direction\">\n<div class=\"ez-toc-title-container\">\n<p class=\"ez-toc-title\" style=\"cursor:inherit\">Sommaire<\/p>\n<span class=\"ez-toc-title-toggle\"><a href=\"#\" class=\"ez-toc-pull-right ez-toc-btn ez-toc-btn-xs ez-toc-btn-default ez-toc-toggle\" aria-label=\"Toggle Table of Content\"><span class=\"ez-toc-js-icon-con\"><span class=\"\"><span class=\"eztoc-hide\" style=\"display:none;\">Toggle<\/span><span class=\"ez-toc-icon-toggle-span\"><svg style=\"fill: #999;color:#999\" xmlns=\"http:\/\/www.w3.org\/2000\/svg\" class=\"list-377408\" width=\"20px\" height=\"20px\" viewBox=\"0 0 24 24\" fill=\"none\"><path d=\"M6 6H4v2h2V6zm14 0H8v2h12V6zM4 11h2v2H4v-2zm16 0H8v2h12v-2zM4 16h2v2H4v-2zm16 0H8v2h12v-2z\" fill=\"currentColor\"><\/path><\/svg><svg style=\"fill: #999;color:#999\" class=\"arrow-unsorted-368013\" xmlns=\"http:\/\/www.w3.org\/2000\/svg\" width=\"10px\" height=\"10px\" viewBox=\"0 0 24 24\" version=\"1.2\" baseProfile=\"tiny\"><path d=\"M18.2 9.3l-6.2-6.3-6.2 6.3c-.2.2-.3.4-.3.7s.1.5.3.7c.2.2.4.3.7.3h11c.3 0 .5-.1.7-.3.2-.2.3-.5.3-.7s-.1-.5-.3-.7zM5.8 14.7l6.2 6.3 6.2-6.3c.2-.2.3-.5.3-.7s-.1-.5-.3-.7c-.2-.2-.4-.3-.7-.3h-11c-.3 0-.5.1-.7.3-.2.2-.3.5-.3.7s.1.5.3.7z\"\/><\/svg><\/span><\/span><\/span><\/a><\/span><\/div>\n<nav><ul class='ez-toc-list ez-toc-list-level-1 ' ><li class='ez-toc-page-1 ez-toc-heading-level-1'><a class=\"ez-toc-link ez-toc-heading-1\" href=\"https:\/\/www.marmottine.fr\/mag\/guides\/bijoux-personnalises\/par-marque\/mikado-une-autre-idee-des-bijoux-enfant\/#Mikado_une_autre_idee_des_bijoux_enfant\" title=\"Mikado : une autre id\u00e9e des bijoux enfant\">Mikado : une autre id\u00e9e des bijoux enfant<\/a><ul class='ez-toc-list-level-2' ><li class='ez-toc-heading-level-2'><a class=\"ez-toc-link ez-toc-heading-2\" href=\"https:\/\/www.marmottine.fr\/mag\/guides\/bijoux-personnalises\/par-marque\/mikado-une-autre-idee-des-bijoux-enfant\/#Faire_un_cadeau_de_naissance_inoubliable\" title=\"Faire un cadeau de naissance inoubliable\">Faire un cadeau de naissance inoubliable<\/a><\/li><li class='ez-toc-page-1 ez-toc-heading-level-2'><a class=\"ez-toc-link ez-toc-heading-3\" href=\"https:\/\/www.marmottine.fr\/mag\/guides\/bijoux-personnalises\/par-marque\/mikado-une-autre-idee-des-bijoux-enfant\/#Offrir_un_cadeau_de_bapteme_original\" title=\"Offrir un cadeau de bapt\u00eame original\">Offrir un cadeau de bapt\u00eame original<\/a><\/li><li class='ez-toc-page-1 ez-toc-heading-level-2'><a class=\"ez-toc-link ez-toc-heading-4\" href=\"https:\/\/www.marmottine.fr\/mag\/guides\/bijoux-personnalises\/par-marque\/mikado-une-autre-idee-des-bijoux-enfant\/#Proposer_un_cadeau_de_communion_pour_un_adolescent_daujourdhui\" title=\"Proposer un cadeau de communion pour un adolescent d\u2019aujourd\u2019hui\">Proposer un cadeau de communion pour un adolescent d\u2019aujourd\u2019hui<\/a><\/li><\/ul><\/li><\/ul><\/nav><\/div>\n\n<p><img loading=\"lazy\" decoding=\"async\" class=\"alignnone wp-image-1188 size-full\" src=\"https:\/\/www.marmottine.fr\/mag\/wp-content\/uploads\/2024\/10\/Mikado-une-autre-idee-des-bijoux-enfant-.jpg\" alt=\"\" width=\"700\" height=\"420\" srcset=\"https:\/\/www.marmottine.fr\/mag\/wp-content\/uploads\/2024\/10\/Mikado-une-autre-idee-des-bijoux-enfant-.jpg 700w, https:\/\/www.marmottine.fr\/mag\/wp-content\/uploads\/2024\/10\/Mikado-une-autre-idee-des-bijoux-enfant--300x180.jpg 300w\" sizes=\"(max-width: 700px) 100vw, 700px\" \/><\/p>\n<div class=\"articleContent\"><span style=\"font-size: 16px;\">La marque <\/span><a style=\"font-size: 16px; background-color: #ffffff;\" href=\"http:\/\/www.marmottine.fr\/77-mikado\" target=\"_blank\" rel=\"noopener\"><strong>MIKADO<\/strong><\/a><span style=\"font-size: 16px;\">\u00a0est la <a href=\"https:\/\/www.marmottine.fr\/mag\/guides\/bijoux-personnalises\/par-marque\">collection de joaillerie pour enfants<\/a>, petits et grands. Cr\u00e9\u00e9e il y a seulement quelques ann\u00e9es, elle s\u2019est impos\u00e9e rapidement comme une marque incontournable pour faire des cadeaux, du berceau \u00e0 l\u2019ado. Le tour de force de Mikado est d\u2019avoir repens\u00e9 totalement l\u2019univers des\u00a0<\/span><strong style=\"font-size: 16px;\">bijoux enfant<\/strong><span style=\"font-size: 16px;\">. En partant des grands classiques\u00a0(gourmettes et m\u00e9dailles), Mikado a d\u00e9clin\u00e9 des collections de bijoux r\u00e9pondant aux attentes des clients pour offrir un bijou pr\u00e9cieux \u00e0 l\u2019occasion d\u2019un \u00e9v\u00e9nement important de la vie, mais un bijou moderne, tendance et intemporel, que l\u2019enfant pourra porter longtemps, m\u00eame \u00e0 l\u2019\u00e2ge adulte.<\/span><\/div>\n<div>\n<div class=\"sdsarticle-des\">\n<div class=\"e-content\">\n<h2><span class=\"ez-toc-section\" id=\"Faire_un_cadeau_de_naissance_inoubliable\"><\/span>Faire un cadeau de naissance inoubliable<span class=\"ez-toc-section-end\"><\/span><\/h2>\n<p>Chez\u00a0<strong>Mikado<\/strong>, le\u00a0<a href=\"http:\/\/www.marmottine.fr\/15-naissance#\/marque-mikado\" target=\"_blank\" rel=\"noopener\"><strong>cadeau de naissance<\/strong><\/a>, qui fait son grand retour, est interpr\u00e9t\u00e9 avec originalit\u00e9. Le bracelet\u00a0<strong>Life<\/strong>\u00a0est un bracelet identit\u00e9 reprenant,\u00a0 telle sur une plaque militaire, le pr\u00e9nom de l\u2019enfant, mais aussi sa date, son heure et son lieu de naissance. Les pendentifs\u00a0<strong>Flag<\/strong>\u00a0et\u00a0<strong>Homeland<\/strong>\u00a0reprennent quant \u00e0 eux les couleurs du drapeau du pays de naissance avec des pierres pr\u00e9cieuses. La collection\u00a0<strong>Newborn<\/strong>\u00a0repr\u00e9sente le sigle f\u00e9minin ou masculin et la pierre du mois de naissance. De belles mani\u00e8res de f\u00eater l\u2019arriv\u00e9e d\u2019un petit\u00a0!<\/p>\n<h2><span class=\"ez-toc-section\" id=\"Offrir_un_cadeau_de_bapteme_original\"><\/span>Offrir un cadeau de bapt\u00eame original<span class=\"ez-toc-section-end\"><\/span><\/h2>\n<p>Le\u00a0<a href=\"http:\/\/www.marmottine.fr\/7-bapteme#\/marque-mikado\" target=\"_blank\" rel=\"noopener\"><strong>cadeau de bapt\u00eame<\/strong><\/a>\u00a0est devenu un casse-t\u00eate\u00a0: lass\u00e9s des m\u00e9dailles de bapt\u00eames classiques, les parents recherchent des designs plus modernes. Dans cet esprit, Mikado a repens\u00e9 le dessin de la croix dans les collections\u00a0<a href=\"http:\/\/www.marmottine.fr\/93-amen\" target=\"_blank\" rel=\"noopener\"><strong>Amen<\/strong><\/a>,\u00a0<a href=\"http:\/\/www.marmottine.fr\/104-gospel\" target=\"_blank\" rel=\"noopener\"><strong>Gospel<\/strong>\u00a0<\/a>et\u00a0<a href=\"http:\/\/www.marmottine.fr\/92-i-believe\" target=\"_blank\" rel=\"noopener\"><strong>I Believe<\/strong><\/a>. D\u2019autre part, l\u2019augmentation des bapt\u00eames la\u00efques (ou bapt\u00eames r\u00e9publicains) oriente leurs recherches vers des bijoux non religieux. Les collections\u00a0<a href=\"http:\/\/www.marmottine.fr\/89-i-am-bracelet\" target=\"_blank\" rel=\"noopener\"><strong>I am<\/strong><\/a>\u00a0(a boy ou a girl),\u00a0<a href=\"http:\/\/www.marmottine.fr\/121-sex-symbol\" target=\"_blank\" rel=\"noopener\"><strong>Sex Symbol<\/strong><\/a>,\u00a0<strong>Disco<\/strong>\u00a0et\u00a0<strong>Genetix<\/strong>\u00a0affichent fi\u00e8rement le sexe de l\u2019enfant, en bracelet ou en pendentif.<\/p>\n<h2><span class=\"ez-toc-section\" id=\"Proposer_un_cadeau_de_communion_pour_un_adolescent_daujourdhui\"><\/span>Proposer un cadeau de communion pour un adolescent d\u2019aujourd\u2019hui<span class=\"ez-toc-section-end\"><\/span><\/h2>\n<p>M\u00eame constat avec le\u00a0<a href=\"http:\/\/www.marmottine.fr\/10-communion#\/marque-mikado\" target=\"_blank\" rel=\"noopener\"><strong>cadeau de communion<\/strong><\/a>\u00a0: difficile de trouver un bijou que le pr\u00e9-ado appr\u00e9ciera\u00a0! Un pendentif ou un bracelet qui soit \u00e0 la fois le symbole de cet \u00e9v\u00e9nement religieux et un bijou facile \u00e0 porter au quotidien. Et l\u00e0 encore, Mikado a tout compris\u00a0! Mention sp\u00e9ciale pour la collection\u00a0<a href=\"http:\/\/www.marmottine.fr\/144-hip-hop\" target=\"_blank\" rel=\"noopener\"><strong>Hip Hop<\/strong><\/a>, avec son bracelet cuir aux couleurs lumineuses et sa plaque personnalisable. M\u00eame chose pour la collection\u00a0<strong>Moana<\/strong>, sublime pendentif et sa perle des mers du Sud, tellement chic pour une jeune fille\u00a0!\u00a0Quant \u00e0 la collection\u00a0<a href=\"http:\/\/www.marmottine.fr\/91-paloma\" target=\"_blank\" rel=\"noopener\"><strong>Paloma<\/strong><\/a>, elle immortalise la colombe, symbole de la communion mais aussi de la libert\u00e9.<\/p>\n<p>Enfin, d\u00e9tail important, Mikado a eu la bonne id\u00e9e de d\u00e9cliner chaque collection en argent, en or jaune, or blanc et or rose. D\u2019autre part, la plupart des bijoux sont personnalisables, par la gravure d\u2019un pr\u00e9nom et d\u2019une date, par le choix de pierres pr\u00e9cieuses. Ce qui laisse une large palette de possibilit\u00e9s et de prix !<\/p>\n<\/div>\n<\/div>\n<div class=\"sdstags-update\"><span class=\"tags\"><b>tags:\u00a0<\/b><a href=\"https:\/\/www.marmottine.fr\/les-news-de-marmottine\/tag\/Mikado-bijoux\">Mikado-bijoux<\/a><\/span><\/div>\n<\/div>\n","protected":false},"excerpt":{"rendered":"<p>Mikado : une autre id\u00e9e des bijoux enfant La marque MIKADO\u00a0est la collection de joaillerie pour enfants, petits et grands. [&hellip;]<\/p>\n","protected":false},"author":5,"featured_media":1188,"parent":647,"menu_order":10,"comment_status":"closed","ping_status":"closed","template":"","meta":{"site-sidebar-layout":"default","site-content-layout":"","ast-site-content-layout":"default","site-content-style":"default","site-sidebar-style":"default","ast-global-header-display":"","ast-banner-title-visibility":"","ast-main-header-display":"","ast-hfb-above-header-display":"","ast-hfb-below-header-display":"","ast-hfb-mobile-header-display":"","site-post-title":"","ast-breadcrumbs-content":"","ast-featured-img":"","footer-sml-layout":"","theme-transparent-header-meta":"default","adv-header-id-meta":"","stick-header-meta":"","header-above-stick-meta":"","header-main-stick-meta":"","header-below-stick-meta":"","astra-migrate-meta-layouts":"set","ast-page-background-enabled":"default","ast-page-background-meta":{"desktop":{"background-color":"var(--ast-global-color-4)","background-image":"","background-repeat":"repeat","background-position":"center center","background-size":"auto","background-attachment":"scroll","background-type":"","background-media":"","overlay-type":"","overlay-color":"","overlay-gradient":""},"tablet":{"background-color":"","background-image":"","background-repeat":"repeat","background-position":"center center","background-size":"auto","background-attachment":"scroll","background-type":"","background-media":"","overlay-type":"","overlay-color":"","overlay-gradient":""},"mobile":{"background-color":"","background-image":"","background-repeat":"repeat","background-position":"center center","background-size":"auto","background-attachment":"scroll","background-type":"","background-media":"","overlay-type":"","overlay-color":"","overlay-gradient":""}},"ast-content-background-meta":{"desktop":{"background-color":"var(--ast-global-color-5)","background-image":"","background-repeat":"repeat","background-position":"center center","background-size":"auto","background-attachment":"scroll","background-type":"","background-media":"","overlay-type":"","overlay-color":"","overlay-gradient":""},"tablet":{"background-color":"var(--ast-global-color-5)","background-image":"","background-repeat":"repeat","background-position":"center center","background-size":"auto","background-attachment":"scroll","background-type":"","background-media":"","overlay-type":"","overlay-color":"","overlay-gradient":""},"mobile":{"background-color":"var(--ast-global-color-5)","background-image":"","background-repeat":"repeat","background-position":"center center","background-size":"auto","background-attachment":"scroll","background-type":"","background-media":"","overlay-type":"","overlay-color":"","overlay-gradient":""}},"footnotes":""},"aioseo_notices":[],"_links":{"self":[{"href":"https:\/\/www.marmottine.fr\/mag\/wp-json\/wp\/v2\/pages\/1187"}],"collection":[{"href":"https:\/\/www.marmottine.fr\/mag\/wp-json\/wp\/v2\/pages"}],"about":[{"href":"https:\/\/www.marmottine.fr\/mag\/wp-json\/wp\/v2\/types\/page"}],"author":[{"embeddable":true,"href":"https:\/\/www.marmottine.fr\/mag\/wp-json\/wp\/v2\/users\/5"}],"replies":[{"embeddable":true,"href":"https:\/\/www.marmottine.fr\/mag\/wp-json\/wp\/v2\/comments?post=1187"}],"version-history":[{"count":3,"href":"https:\/\/www.marmottine.fr\/mag\/wp-json\/wp\/v2\/pages\/1187\/revisions"}],"predecessor-version":[{"id":1261,"href":"https:\/\/www.marmottine.fr\/mag\/wp-json\/wp\/v2\/pages\/1187\/revisions\/1261"}],"up":[{"embeddable":true,"href":"https:\/\/www.marmottine.fr\/mag\/wp-json\/wp\/v2\/pages\/647"}],"wp:featuredmedia":[{"embeddable":true,"href":"https:\/\/www.marmottine.fr\/mag\/wp-json\/wp\/v2\/media\/1188"}],"wp:attachment":[{"href":"https:\/\/www.marmottine.fr\/mag\/wp-json\/wp\/v2\/media?parent=1187"}],"curies":[{"name":"wp","href":"https:\/\/api.w.org\/{rel}","templated":true}]}}