{"id":1180,"date":"2024-11-04T18:02:36","date_gmt":"2024-11-04T17:02:36","guid":{"rendered":"https:\/\/www.marmottine.fr\/mag\/?page_id=1180"},"modified":"2024-11-04T18:02:36","modified_gmt":"2024-11-04T17:02:36","slug":"pourquoi-choisir-un-bijou-made-in-france","status":"publish","type":"page","link":"https:\/\/www.marmottine.fr\/mag\/guides\/bijoux-personnalises\/matieres\/pourquoi-choisir-un-bijou-made-in-france","title":{"rendered":"Pourquoi choisir un bijou made in France ?"},"content":{"rendered":"<h1><span class=\"ez-toc-section\" id=\"Pourquoi_choisir_un_bijou_made_in_France\"><\/span>Pourquoi choisir un bijou made in France ?<span class=\"ez-toc-section-end\"><\/span><\/h1><div id=\"ez-toc-container\" class=\"ez-toc-v2_0_69_1 counter-hierarchy ez-toc-counter ez-toc-grey ez-toc-container-direction\">\n<div class=\"ez-toc-title-container\">\n<p class=\"ez-toc-title\" style=\"cursor:inherit\">Sommaire<\/p>\n<span class=\"ez-toc-title-toggle\"><a href=\"#\" class=\"ez-toc-pull-right ez-toc-btn ez-toc-btn-xs ez-toc-btn-default ez-toc-toggle\" aria-label=\"Toggle Table of Content\"><span class=\"ez-toc-js-icon-con\"><span class=\"\"><span class=\"eztoc-hide\" style=\"display:none;\">Toggle<\/span><span class=\"ez-toc-icon-toggle-span\"><svg style=\"fill: #999;color:#999\" xmlns=\"http:\/\/www.w3.org\/2000\/svg\" class=\"list-377408\" width=\"20px\" height=\"20px\" viewBox=\"0 0 24 24\" fill=\"none\"><path d=\"M6 6H4v2h2V6zm14 0H8v2h12V6zM4 11h2v2H4v-2zm16 0H8v2h12v-2zM4 16h2v2H4v-2zm16 0H8v2h12v-2z\" fill=\"currentColor\"><\/path><\/svg><svg style=\"fill: #999;color:#999\" class=\"arrow-unsorted-368013\" xmlns=\"http:\/\/www.w3.org\/2000\/svg\" width=\"10px\" height=\"10px\" viewBox=\"0 0 24 24\" version=\"1.2\" baseProfile=\"tiny\"><path d=\"M18.2 9.3l-6.2-6.3-6.2 6.3c-.2.2-.3.4-.3.7s.1.5.3.7c.2.2.4.3.7.3h11c.3 0 .5-.1.7-.3.2-.2.3-.5.3-.7s-.1-.5-.3-.7zM5.8 14.7l6.2 6.3 6.2-6.3c.2-.2.3-.5.3-.7s-.1-.5-.3-.7c-.2-.2-.4-.3-.7-.3h-11c-.3 0-.5.1-.7.3-.2.2-.3.5-.3.7s.1.5.3.7z\"\/><\/svg><\/span><\/span><\/span><\/a><\/span><\/div>\n<nav><ul class='ez-toc-list ez-toc-list-level-1 ' ><li class='ez-toc-page-1 ez-toc-heading-level-1'><a class=\"ez-toc-link ez-toc-heading-1\" href=\"https:\/\/www.marmottine.fr\/mag\/guides\/bijoux-personnalises\/matieres\/pourquoi-choisir-un-bijou-made-in-france\/#Pourquoi_choisir_un_bijou_made_in_France\" title=\"Pourquoi choisir un bijou made in France ?\">Pourquoi choisir un bijou made in France ?<\/a><ul class='ez-toc-list-level-2' ><li class='ez-toc-heading-level-2'><a class=\"ez-toc-link ez-toc-heading-2\" href=\"https:\/\/www.marmottine.fr\/mag\/guides\/bijoux-personnalises\/matieres\/pourquoi-choisir-un-bijou-made-in-france\/#Un_secteur_tres_reglemente\" title=\"Un secteur tr\u00e8s r\u00e9glement\u00e9\">Un secteur tr\u00e8s r\u00e9glement\u00e9<\/a><\/li><li class='ez-toc-page-1 ez-toc-heading-level-2'><a class=\"ez-toc-link ez-toc-heading-3\" href=\"https:\/\/www.marmottine.fr\/mag\/guides\/bijoux-personnalises\/matieres\/pourquoi-choisir-un-bijou-made-in-france\/#Des_metiers_a_proteger\" title=\"Des m\u00e9tiers \u00e0 prot\u00e9ger\">Des m\u00e9tiers \u00e0 prot\u00e9ger<\/a><\/li><\/ul><\/li><\/ul><\/nav><\/div>\n\n<p><img loading=\"lazy\" decoding=\"async\" class=\"alignnone wp-image-1181 size-full\" src=\"https:\/\/www.marmottine.fr\/mag\/wp-content\/uploads\/2024\/10\/Pourquoi-choisir-un-bijou-made-in-France-.jpg\" alt=\"\" width=\"700\" height=\"420\" srcset=\"https:\/\/www.marmottine.fr\/mag\/wp-content\/uploads\/2024\/10\/Pourquoi-choisir-un-bijou-made-in-France-.jpg 700w, https:\/\/www.marmottine.fr\/mag\/wp-content\/uploads\/2024\/10\/Pourquoi-choisir-un-bijou-made-in-France--300x180.jpg 300w\" sizes=\"(max-width: 700px) 100vw, 700px\" \/><\/p>\n<div class=\"articleContent\"><span style=\"font-size: 16px;\"><a href=\"https:\/\/www.marmottine.fr\/mag\/guides\/bijoux-personnalises\/matieres\">Le \u00a0made in France<\/a> est plus que jamais \u00e0 l\u2019ordre du jour dans les discours des candidats \u00e0 la Pr\u00e9sidentielle. Chez Marmottine, on n\u2019a pas attendu que le sujet soit \u00e0 la mode. Voil\u00e0 dix ans que votre boutique en ligne pr\u00e9f\u00e9r\u00e9e distribue des \u00ab bijoux tendance made in France \u00bb. Car pour nous, la fabrication fran\u00e7aise est un gage de qualit\u00e9 et une d\u00e9marche \u00e9thique, contribuant \u00e0 la p\u00e9rennit\u00e9 d\u2019une fili\u00e8re au savoir-faire ancestral.<\/span><\/div>\n<div><\/div>\n<div>\n<div class=\"sdsarticle-des\">\n<div class=\"e-content\">\n<h2><span class=\"ez-toc-section\" id=\"Un_secteur_tres_reglemente\"><\/span>Un secteur tr\u00e8s r\u00e9glement\u00e9<span class=\"ez-toc-section-end\"><\/span><\/h2>\n<p>En achetant un\u00a0<strong>bijou made in France<\/strong>, vous avez la garantie d\u2019acqu\u00e9rir un bijou r\u00e8glement\u00e9 par l\u2019Etat.<\/p>\n<p>Tout d\u2019abord, la composition des m\u00e9taux pr\u00e9cieux doit respecter les teneurs suivantes\u00a0:<\/p>\n<p><strong>Pour l\u2019or<\/strong>\u00a0: 999, 916\u00a0, 750, 585 et 375 milli\u00e8mes. En France le plus utilis\u00e9 est l\u2019or 750 milli\u00e8mes (18 carats) et depuis quelques ann\u00e9es on voit appara\u00eetre de plus en plus de bijoux 375 milli\u00e8mes (9 carats). Pour en savoir plus, lire\u00a0<a href=\"http:\/\/www.marmottine.fr\/les-news-de-marmottine\/14_difference-9-carats-et-18-carats\" target=\"_blank\" rel=\"noopener\">notre article sur la diff\u00e9rence entre l\u2019or 9 carats et l\u2019or 18 carats<\/a>.<\/p>\n<p><strong>Pour l\u2019argent<\/strong>\u00a0: 999, 925 et 800 milli\u00e8mes.<\/p>\n<p><strong>Pour le platine<\/strong>\u00a0: 999, 950, 900 et 850 milli\u00e8mes.<\/p>\n<p>Ensuite, votre bijou doit comporter un titre l\u00e9gal, que l\u2019on appelle un\u00a0<strong>poin\u00e7on<\/strong>. Il existe deux poin\u00e7ons obligatoires\u00a0:<\/p>\n<p><strong>Le poin\u00e7on de responsabilit\u00e9<\/strong>\u00a0(la signature du fabricant)\u00a0: il est repr\u00e9sent\u00e9 dans un losange, par un symbole ou les initiales du professionnel. Cette forme de poin\u00e7on remonte \u00e0 1797 et atteste de la fabrication fran\u00e7aise (ou communautaire) du bijou. Pour les produits import\u00e9s d\u2019autres pays, le poin\u00e7on figure dans un ovale.<\/p>\n<p><strong>Le poin\u00e7on de garantie<\/strong>\u00a0pour les bijoux en or et platine sup\u00e9rieurs \u00e0 3 grammes, et les bijoux en argent sup\u00e9rieurs \u00e0 30 grammes. C\u2019est celui qui garantit le titre du m\u00e9tal pr\u00e9cieux, r\u00e8glement\u00e9 par l\u2019Etat. Vous reconnaitrez les poin\u00e7ons de garantie ais\u00e9ment car il en existe trois\u00a0:<\/p>\n<ul>\n<li>La t\u00eate d\u2019aigle pour l\u2019or 750 milli\u00e8me (18 carats)<\/li>\n<li>La t\u00eate de Minerve pour l\u2019argent 800 ou 925 milli\u00e8mes<\/li>\n<li>La t\u00eate de chien pour le platine 950 milli\u00e8mes<\/li>\n<\/ul>\n<p>Enfin, \u00a0l\u2019arr\u00eat\u00e9 du 18 juillet 2000 interdit la mise sur le march\u00e9 de produits contenant du nickel, souvent source d\u2019allergies.<\/p>\n<h2><span class=\"ez-toc-section\" id=\"Des_metiers_a_proteger\"><\/span>Des m\u00e9tiers \u00e0 prot\u00e9ger<span class=\"ez-toc-section-end\"><\/span><\/h2>\n<p>On l\u2019oublie souvent, mais la qualit\u00e9 de votre bijou d\u00e9pend du savoir-faire des artisans qui l\u2019ont fa\u00e7onn\u00e9. Un\u00a0<strong>bijou made in France<\/strong>\u00a0sera pass\u00e9 dans les mains expertes de professionnels, h\u00e9ritiers d\u2019une tradition joailli\u00e8re s\u00e9culaire. Maquettiste, fondeur, graveur, appr\u00eateur, \u00e9mailleur, sertisseur, gemmologue, diamantaire, \u00a0lapidaire, polisseur, cha\u00eeniste, chimiste\u2026 la qualit\u00e9 de chaque \u00e9tape de la r\u00e9alisation conditionne la p\u00e9rennit\u00e9 de votre bijou au fil des ann\u00e9es. Il faut du temps pour former les apprentis et, face \u00e0 la concurrence grandissante de certaines r\u00e9gions du globe, o\u00f9 la main d\u2019\u0153uvre est beaucoup moins ch\u00e8re, certains m\u00e9tiers disparaissent en France. Il\u00a0 faut savoir que le ratio valeur travail\/co\u00fbt des mati\u00e8res premi\u00e8res s\u2019est invers\u00e9 en deux d\u00e9cennies. Aujourd\u2019hui, la valeur d\u2019un bijou est constitu\u00e9e majoritairement du prix de la fa\u00e7on (90%) alors que cette part ne repr\u00e9sentait que 20 % il y a seulement 20 ans\u00a0! Acheter un<strong>\u00a0bijou made in France<\/strong>\u00a0est non seulement un gage de qualit\u00e9 mais aussi une d\u00e9marche citoyenne, qui permet de valoriser et entretenir toute une fili\u00e8re industrielle.<\/p>\n<\/div>\n<\/div>\n<div class=\"sdstags-update\"><span class=\"tags\"><b>tags:\u00a0<\/b><a href=\"https:\/\/www.marmottine.fr\/les-news-de-marmottine\/tag\/bijou-made-in-France\">bijou-made-in-France<\/a><\/span><\/div>\n<\/div>\n","protected":false},"excerpt":{"rendered":"<p>Pourquoi choisir un bijou made in France ? Le \u00a0made in France est plus que jamais \u00e0 l\u2019ordre du jour [&hellip;]<\/p>\n","protected":false},"author":5,"featured_media":1181,"parent":854,"menu_order":0,"comment_status":"closed","ping_status":"closed","template":"","meta":{"site-sidebar-layout":"default","site-content-layout":"","ast-site-content-layout":"default","site-content-style":"default","site-sidebar-style":"default","ast-global-header-display":"","ast-banner-title-visibility":"","ast-main-header-display":"","ast-hfb-above-header-display":"","ast-hfb-below-header-display":"","ast-hfb-mobile-header-display":"","site-post-title":"","ast-breadcrumbs-content":"","ast-featured-img":"","footer-sml-layout":"","theme-transparent-header-meta":"default","adv-header-id-meta":"","stick-header-meta":"","header-above-stick-meta":"","header-main-stick-meta":"","header-below-stick-meta":"","astra-migrate-meta-layouts":"set","ast-page-background-enabled":"default","ast-page-background-meta":{"desktop":{"background-color":"var(--ast-global-color-4)","background-image":"","background-repeat":"repeat","background-position":"center center","background-size":"auto","background-attachment":"scroll","background-type":"","background-media":"","overlay-type":"","overlay-color":"","overlay-gradient":""},"tablet":{"background-color":"","background-image":"","background-repeat":"repeat","background-position":"center center","background-size":"auto","background-attachment":"scroll","background-type":"","background-media":"","overlay-type":"","overlay-color":"","overlay-gradient":""},"mobile":{"background-color":"","background-image":"","background-repeat":"repeat","background-position":"center center","background-size":"auto","background-attachment":"scroll","background-type":"","background-media":"","overlay-type":"","overlay-color":"","overlay-gradient":""}},"ast-content-background-meta":{"desktop":{"background-color":"var(--ast-global-color-5)","background-image":"","background-repeat":"repeat","background-position":"center center","background-size":"auto","background-attachment":"scroll","background-type":"","background-media":"","overlay-type":"","overlay-color":"","overlay-gradient":""},"tablet":{"background-color":"var(--ast-global-color-5)","background-image":"","background-repeat":"repeat","background-position":"center center","background-size":"auto","background-attachment":"scroll","background-type":"","background-media":"","overlay-type":"","overlay-color":"","overlay-gradient":""},"mobile":{"background-color":"var(--ast-global-color-5)","background-image":"","background-repeat":"repeat","background-position":"center center","background-size":"auto","background-attachment":"scroll","background-type":"","background-media":"","overlay-type":"","overlay-color":"","overlay-gradient":""}},"footnotes":""},"aioseo_notices":[],"_links":{"self":[{"href":"https:\/\/www.marmottine.fr\/mag\/wp-json\/wp\/v2\/pages\/1180"}],"collection":[{"href":"https:\/\/www.marmottine.fr\/mag\/wp-json\/wp\/v2\/pages"}],"about":[{"href":"https:\/\/www.marmottine.fr\/mag\/wp-json\/wp\/v2\/types\/page"}],"author":[{"embeddable":true,"href":"https:\/\/www.marmottine.fr\/mag\/wp-json\/wp\/v2\/users\/5"}],"replies":[{"embeddable":true,"href":"https:\/\/www.marmottine.fr\/mag\/wp-json\/wp\/v2\/comments?post=1180"}],"version-history":[{"count":3,"href":"https:\/\/www.marmottine.fr\/mag\/wp-json\/wp\/v2\/pages\/1180\/revisions"}],"predecessor-version":[{"id":1255,"href":"https:\/\/www.marmottine.fr\/mag\/wp-json\/wp\/v2\/pages\/1180\/revisions\/1255"}],"up":[{"embeddable":true,"href":"https:\/\/www.marmottine.fr\/mag\/wp-json\/wp\/v2\/pages\/854"}],"wp:featuredmedia":[{"embeddable":true,"href":"https:\/\/www.marmottine.fr\/mag\/wp-json\/wp\/v2\/media\/1181"}],"wp:attachment":[{"href":"https:\/\/www.marmottine.fr\/mag\/wp-json\/wp\/v2\/media?parent=1180"}],"curies":[{"name":"wp","href":"https:\/\/api.w.org\/{rel}","templated":true}]}}