{"id":1176,"date":"2024-11-04T18:13:22","date_gmt":"2024-11-04T17:13:22","guid":{"rendered":"https:\/\/www.marmottine.fr\/mag\/?page_id=1176"},"modified":"2024-11-04T18:13:22","modified_gmt":"2024-11-04T17:13:22","slug":"les-montres-jaz-lheure-made-in-france-depuis-1919","status":"publish","type":"page","link":"https:\/\/www.marmottine.fr\/mag\/guides\/bijoux-personnalises\/par-marque\/les-montres-jaz-lheure-made-in-france-depuis-1919","title":{"rendered":"Les Montres JAZ : l\u2019heure made in France depuis 1919"},"content":{"rendered":"<div class=\"articleContent\">\n<h1>Les Montres JAZ : l\u2019heure made in France depuis 1919<\/h1>\n<p><img loading=\"lazy\" decoding=\"async\" class=\"alignnone wp-image-1177 size-full\" src=\"https:\/\/www.marmottine.fr\/mag\/wp-content\/uploads\/2024\/10\/montres-jaz.jpg\" alt=\"\" width=\"700\" height=\"420\" srcset=\"https:\/\/www.marmottine.fr\/mag\/wp-content\/uploads\/2024\/10\/montres-jaz.jpg 700w, https:\/\/www.marmottine.fr\/mag\/wp-content\/uploads\/2024\/10\/montres-jaz-300x180.jpg 300w\" sizes=\"(max-width: 700px) 100vw, 700px\" \/><\/p>\n<p><span style=\"font-size: 1.7em; font-weight: bold;\">Jaz, une marque horlog\u00e8re fran\u00e7aise<\/span><\/p>\n<p>&nbsp;<\/p>\n<\/div>\n<div>\n<div class=\"sdsarticle-des\">\n<div class=\"e-content\">\n<p>Les\u00a0<strong>montres JAZ<\/strong>\u00a0sont li\u00e9es \u00e0 la grande histoire de l\u2019horlogerie fran\u00e7aise.<a href=\"https:\/\/www.marmottine.fr\/mag\/guides\/bijoux-personnalises\/par-marque\"> D\u2019abord c\u00e9l\u00e8bre pour son r\u00e9veil, la marque JAZ<\/a>, cr\u00e9\u00e9e en 1919, conna\u00eetra un succ\u00e8s foudroyant en France et \u00e0 l\u2019\u00e9tranger. A la lib\u00e9ration, JAZ devient la premi\u00e8re marque horlog\u00e8re fran\u00e7aise. Plus d\u2019un million de r\u00e9veils, d\u2019horloges, de pendules et de montres sont produits chaque ann\u00e9e jusque dans les ann\u00e9es 80, o\u00f9 la mode des montres en plastiques bas de gamme, \u00e0 quartz et affichage digital, sonne le glas des belles montres m\u00e9caniques au savoir-faire fran\u00e7ais.<\/p>\n<p>Aujourd\u2019hui, la marque revient en force gr\u00e2ce \u00e0 l\u2019intervention d\u2019un entrepreneur avis\u00e9 qui a su tirer parti de \u00a0deux tendances tr\u00e8s porteuses\u00a0: le vintage et la qualit\u00e9 Made in France. Forte de son riche h\u00e9ritage, la marque \u00e0 l\u2019oiseau jaseur vient de sortir deux collections inspir\u00e9es de ses mod\u00e8les phares\u00a0des ann\u00e9es 70 :\u00a0<strong>Classic<\/strong>\u00a0et\u00a0<strong>Vintage<\/strong>. La premi\u00e8re reprend le design art d\u00e9co \u00a0\u00e9pur\u00e9 aux lignes droites des montres de nos grands-p\u00e8res. La seconde s\u2019inspire des mod\u00e8les audacieux des sixties et des seventies, aux boitiers imposants et aux couleurs marqu\u00e9es.<\/p>\n<h2>Des montres made in France<\/h2>\n<p>Chaque montre a \u00e9t\u00e9 soigneusement redessin\u00e9e par un bureau de style, qui a extrait la quintessence des mod\u00e8les et des d\u00e9tails qui ont marqu\u00e9 leur \u00e9poque. Les mouvements sont \u00e0 quartz sauf pour le mod\u00e8le JAZ 3003 Automatique. Les prix sont tr\u00e8s raisonnables\u00a0: de 79 \u00e0 229 euros. Cette mode du vintage pourrait bien faire rena\u00eetre les ateliers fran\u00e7ais au savoir-faire horloger ancestral, un peu oubli\u00e9 des derni\u00e8res d\u00e9cennies ou en tout cas r\u00e9serv\u00e9 \u00e0 l\u2019horlogerie de luxe. La qualit\u00e9 Made in France pour de belles montres \u00e0 la port\u00e9e de tous\u00a0: voil\u00e0 une nouvelle qui ravira les amoureux des belles montres anciennes, amateurs de qualit\u00e9 et de beaut\u00e9. L\u2019arriv\u00e9e des nouvelles\u00a0<strong>montres JAZ<\/strong>\u00a0tombe \u00e0 point nomm\u00e9 pour les f\u00eates de fin d\u2019ann\u00e9e\u00a0!<\/p>\n<\/div>\n<\/div>\n<div class=\"sdstags-update\"><span class=\"tags\"><b>tags:\u00a0<\/b><a href=\"https:\/\/www.marmottine.fr\/les-news-de-marmottine\/tag\/montres-jaz\">montres-jaz<\/a><\/span><\/div>\n<\/div>\n","protected":false},"excerpt":{"rendered":"<p>Les Montres JAZ : l\u2019heure made in France depuis 1919 Jaz, une marque horlog\u00e8re fran\u00e7aise &nbsp; Les\u00a0montres JAZ\u00a0sont li\u00e9es \u00e0 [&hellip;]<\/p>\n","protected":false},"author":5,"featured_media":1177,"parent":647,"menu_order":9,"comment_status":"closed","ping_status":"closed","template":"","meta":{"site-sidebar-layout":"default","site-content-layout":"","ast-site-content-layout":"default","site-content-style":"default","site-sidebar-style":"default","ast-global-header-display":"","ast-banner-title-visibility":"","ast-main-header-display":"","ast-hfb-above-header-display":"","ast-hfb-below-header-display":"","ast-hfb-mobile-header-display":"","site-post-title":"","ast-breadcrumbs-content":"","ast-featured-img":"","footer-sml-layout":"","theme-transparent-header-meta":"default","adv-header-id-meta":"","stick-header-meta":"","header-above-stick-meta":"","header-main-stick-meta":"","header-below-stick-meta":"","astra-migrate-meta-layouts":"set","ast-page-background-enabled":"default","ast-page-background-meta":{"desktop":{"background-color":"var(--ast-global-color-4)","background-image":"","background-repeat":"repeat","background-position":"center center","background-size":"auto","background-attachment":"scroll","background-type":"","background-media":"","overlay-type":"","overlay-color":"","overlay-gradient":""},"tablet":{"background-color":"","background-image":"","background-repeat":"repeat","background-position":"center center","background-size":"auto","background-attachment":"scroll","background-type":"","background-media":"","overlay-type":"","overlay-color":"","overlay-gradient":""},"mobile":{"background-color":"","background-image":"","background-repeat":"repeat","background-position":"center center","background-size":"auto","background-attachment":"scroll","background-type":"","background-media":"","overlay-type":"","overlay-color":"","overlay-gradient":""}},"ast-content-background-meta":{"desktop":{"background-color":"var(--ast-global-color-5)","background-image":"","background-repeat":"repeat","background-position":"center center","background-size":"auto","background-attachment":"scroll","background-type":"","background-media":"","overlay-type":"","overlay-color":"","overlay-gradient":""},"tablet":{"background-color":"var(--ast-global-color-5)","background-image":"","background-repeat":"repeat","background-position":"center center","background-size":"auto","background-attachment":"scroll","background-type":"","background-media":"","overlay-type":"","overlay-color":"","overlay-gradient":""},"mobile":{"background-color":"var(--ast-global-color-5)","background-image":"","background-repeat":"repeat","background-position":"center center","background-size":"auto","background-attachment":"scroll","background-type":"","background-media":"","overlay-type":"","overlay-color":"","overlay-gradient":""}},"footnotes":""},"aioseo_notices":[],"_links":{"self":[{"href":"https:\/\/www.marmottine.fr\/mag\/wp-json\/wp\/v2\/pages\/1176"}],"collection":[{"href":"https:\/\/www.marmottine.fr\/mag\/wp-json\/wp\/v2\/pages"}],"about":[{"href":"https:\/\/www.marmottine.fr\/mag\/wp-json\/wp\/v2\/types\/page"}],"author":[{"embeddable":true,"href":"https:\/\/www.marmottine.fr\/mag\/wp-json\/wp\/v2\/users\/5"}],"replies":[{"embeddable":true,"href":"https:\/\/www.marmottine.fr\/mag\/wp-json\/wp\/v2\/comments?post=1176"}],"version-history":[{"count":4,"href":"https:\/\/www.marmottine.fr\/mag\/wp-json\/wp\/v2\/pages\/1176\/revisions"}],"predecessor-version":[{"id":1273,"href":"https:\/\/www.marmottine.fr\/mag\/wp-json\/wp\/v2\/pages\/1176\/revisions\/1273"}],"up":[{"embeddable":true,"href":"https:\/\/www.marmottine.fr\/mag\/wp-json\/wp\/v2\/pages\/647"}],"wp:featuredmedia":[{"embeddable":true,"href":"https:\/\/www.marmottine.fr\/mag\/wp-json\/wp\/v2\/media\/1177"}],"wp:attachment":[{"href":"https:\/\/www.marmottine.fr\/mag\/wp-json\/wp\/v2\/media?parent=1176"}],"curies":[{"name":"wp","href":"https:\/\/api.w.org\/{rel}","templated":true}]}}