{"id":1169,"date":"2024-11-04T18:12:29","date_gmt":"2024-11-04T17:12:29","guid":{"rendered":"https:\/\/www.marmottine.fr\/mag\/?page_id=1169"},"modified":"2024-11-04T18:12:51","modified_gmt":"2024-11-04T17:12:51","slug":"petits-tresors-createur-de-bijoux-personnalises","status":"publish","type":"page","link":"https:\/\/www.marmottine.fr\/mag\/guides\/bijoux-personnalises\/par-marque\/petits-tresors-createur-de-bijoux-personnalises","title":{"rendered":"Petits Tr\u00e9sors : cr\u00e9ateur de bijoux personnalis\u00e9s"},"content":{"rendered":"<h1><span class=\"ez-toc-section\" id=\"Petits_Tresors_createur_de_bijoux_personnalises\"><\/span>Petits Tr\u00e9sors : cr\u00e9ateur de bijoux personnalis\u00e9s<span class=\"ez-toc-section-end\"><\/span><\/h1><div id=\"ez-toc-container\" class=\"ez-toc-v2_0_69_1 counter-hierarchy ez-toc-counter ez-toc-grey ez-toc-container-direction\">\n<div class=\"ez-toc-title-container\">\n<p class=\"ez-toc-title\" style=\"cursor:inherit\">Sommaire<\/p>\n<span class=\"ez-toc-title-toggle\"><a href=\"#\" class=\"ez-toc-pull-right ez-toc-btn ez-toc-btn-xs ez-toc-btn-default ez-toc-toggle\" aria-label=\"Toggle Table of Content\"><span class=\"ez-toc-js-icon-con\"><span class=\"\"><span class=\"eztoc-hide\" style=\"display:none;\">Toggle<\/span><span class=\"ez-toc-icon-toggle-span\"><svg style=\"fill: #999;color:#999\" xmlns=\"http:\/\/www.w3.org\/2000\/svg\" class=\"list-377408\" width=\"20px\" height=\"20px\" viewBox=\"0 0 24 24\" fill=\"none\"><path d=\"M6 6H4v2h2V6zm14 0H8v2h12V6zM4 11h2v2H4v-2zm16 0H8v2h12v-2zM4 16h2v2H4v-2zm16 0H8v2h12v-2z\" fill=\"currentColor\"><\/path><\/svg><svg style=\"fill: #999;color:#999\" class=\"arrow-unsorted-368013\" xmlns=\"http:\/\/www.w3.org\/2000\/svg\" width=\"10px\" height=\"10px\" viewBox=\"0 0 24 24\" version=\"1.2\" baseProfile=\"tiny\"><path d=\"M18.2 9.3l-6.2-6.3-6.2 6.3c-.2.2-.3.4-.3.7s.1.5.3.7c.2.2.4.3.7.3h11c.3 0 .5-.1.7-.3.2-.2.3-.5.3-.7s-.1-.5-.3-.7zM5.8 14.7l6.2 6.3 6.2-6.3c.2-.2.3-.5.3-.7s-.1-.5-.3-.7c-.2-.2-.4-.3-.7-.3h-11c-.3 0-.5.1-.7.3-.2.2-.3.5-.3.7s.1.5.3.7z\"\/><\/svg><\/span><\/span><\/span><\/a><\/span><\/div>\n<nav><ul class='ez-toc-list ez-toc-list-level-1 ' ><li class='ez-toc-page-1 ez-toc-heading-level-1'><a class=\"ez-toc-link ez-toc-heading-1\" href=\"https:\/\/www.marmottine.fr\/mag\/guides\/bijoux-personnalises\/par-marque\/petits-tresors-createur-de-bijoux-personnalises\/#Petits_Tresors_createur_de_bijoux_personnalises\" title=\"Petits Tr\u00e9sors : cr\u00e9ateur de bijoux personnalis\u00e9s\">Petits Tr\u00e9sors : cr\u00e9ateur de bijoux personnalis\u00e9s<\/a><ul class='ez-toc-list-level-2' ><li class='ez-toc-heading-level-2'><a class=\"ez-toc-link ez-toc-heading-2\" href=\"https:\/\/www.marmottine.fr\/mag\/guides\/bijoux-personnalises\/par-marque\/petits-tresors-createur-de-bijoux-personnalises\/#Une_creatrice_de_talent\" title=\"Une cr\u00e9atrice de talent\">Une cr\u00e9atrice de talent<\/a><\/li><li class='ez-toc-page-1 ez-toc-heading-level-2'><a class=\"ez-toc-link ez-toc-heading-3\" href=\"https:\/\/www.marmottine.fr\/mag\/guides\/bijoux-personnalises\/par-marque\/petits-tresors-createur-de-bijoux-personnalises\/#Des_bracelets_a_graver_pour_femme\" title=\"Des bracelets \u00e0 graver pour femme\">Des bracelets \u00e0 graver pour femme<\/a><\/li><li class='ez-toc-page-1 ez-toc-heading-level-2'><a class=\"ez-toc-link ez-toc-heading-4\" href=\"https:\/\/www.marmottine.fr\/mag\/guides\/bijoux-personnalises\/par-marque\/petits-tresors-createur-de-bijoux-personnalises\/#Une_collection_de_premiers_bijoux_pour_bebes_et_enfants\" title=\"Une collection de premiers bijoux pour b\u00e9b\u00e9s et enfants\">Une collection de premiers bijoux pour b\u00e9b\u00e9s et enfants<\/a><\/li><li class='ez-toc-page-1 ez-toc-heading-level-2'><a class=\"ez-toc-link ez-toc-heading-5\" href=\"https:\/\/www.marmottine.fr\/mag\/guides\/bijoux-personnalises\/par-marque\/petits-tresors-createur-de-bijoux-personnalises\/#Les_hommes_aussi_aiment_les_bijoux_personnalises\" title=\"Les hommes aussi aiment les bijoux personnalis\u00e9s\">Les hommes aussi aiment les bijoux personnalis\u00e9s<\/a><\/li><\/ul><\/li><\/ul><\/nav><\/div>\n\n<p><img loading=\"lazy\" decoding=\"async\" class=\"alignnone wp-image-1170 size-full\" src=\"https:\/\/www.marmottine.fr\/mag\/wp-content\/uploads\/2024\/10\/Petits-Tresors-createur-de-bijoux-personnal.jpg\" alt=\"\" width=\"700\" height=\"420\" srcset=\"https:\/\/www.marmottine.fr\/mag\/wp-content\/uploads\/2024\/10\/Petits-Tresors-createur-de-bijoux-personnal.jpg 700w, https:\/\/www.marmottine.fr\/mag\/wp-content\/uploads\/2024\/10\/Petits-Tresors-createur-de-bijoux-personnal-300x180.jpg 300w\" sizes=\"(max-width: 700px) 100vw, 700px\" \/><\/p>\n<div class=\"articleContent\"><span style=\"font-size: 16px;\">Ce qui nous a s\u00e9duits chez <\/span><strong style=\"font-size: 16px;\">Petits Tr\u00e9sors<\/strong><span style=\"font-size: 16px;\">, c\u2019est avant tout un style qui a donn\u00e9 ses lettres de noblesse aux\u00a0<\/span><strong style=\"font-size: 16px;\">bijoux personnalis\u00e9s<\/strong><span style=\"font-size: 16px;\">. <a href=\"https:\/\/www.marmottine.fr\/mag\/guides\/bijoux-personnalises\/par-marque\">Ce sont des collections chics et tendance<\/a> qui correspondent \u00e0 l\u2019ADN de notre boutique en ligne. Et aussi un rapport qualit\u00e9-prix qui permet de faire des cadeaux ravissants pour toutes les occasions et dans tous les budgets.<\/span><\/div>\n<div>\n<div class=\"sdsarticle-des\">\n<div class=\"e-content\">\n<h2><span class=\"ez-toc-section\" id=\"Une_creatrice_de_talent\"><\/span>Une cr\u00e9atrice de talent<span class=\"ez-toc-section-end\"><\/span><\/h2>\n<p>A l\u2019origine de la marque, une jeune maman a fait d\u2019un hobby son activit\u00e9 professionnelle. Elle s\u2019amusait \u00e0 graver des m\u00e9dailles en argent pour en faire des bijoux et distribuer des cadeaux \u00e0 son entourage\u00a0: bracelet naissance pour le petit dernier, bracelet maman avec autant de breloques que d\u2019enfants que comportait sa famille\u2026 de v\u00e9ritables petits tr\u00e9sors qui ont s\u00e9duit une client\u00e8le grandissante. Dix ans plus tard, Petits Tr\u00e9sors poursuit son aventure.<\/p>\n<h2><span class=\"ez-toc-section\" id=\"Des_bracelets_a_graver_pour_femme\"><\/span>Des bracelets \u00e0 graver pour femme<span class=\"ez-toc-section-end\"><\/span><\/h2>\n<p>Les premi\u00e8res collections de Petits Tr\u00e9sors furent essentiellement des bracelets\u00a0: mini-jetons, cibles, m\u00e9dailles en breloque,\u2026 mont\u00e9s sur des liens en coton cir\u00e9. Puis ils se d\u00e9clin\u00e8rent en collier et sautoirs. Au fil des ann\u00e9es, les collections s\u2019\u00e9toff\u00e8rent en fonction des modes\u00a0: breloques en nacre, tissus Liberty, pompons, pierres fines et pierres pr\u00e9cieuses vinrent agr\u00e9menter les mod\u00e8les pour coller \u00e0 la tendance.\u00a0 Les premi\u00e8res collections en argent furent vite compl\u00e9t\u00e9es par du plaqu\u00e9 or. Une collection pr\u00e9cieuse en or 18 carats et une autre en or 9 carats quant \u00e0 elles vinrent r\u00e9pondre \u00e0 la demande de bijoux de c\u00e9r\u00e9monie.<\/p>\n<h2><span class=\"ez-toc-section\" id=\"Une_collection_de_premiers_bijoux_pour_bebes_et_enfants\"><\/span>Une collection de premiers bijoux pour b\u00e9b\u00e9s et enfants<span class=\"ez-toc-section-end\"><\/span><\/h2>\n<p>Les enfants ne sont pas en reste car quasiment tous les mod\u00e8les sont d\u00e9clin\u00e9s pour les petits. De la gourmette en argent au bracelet mini jeton en or avec diamant, Petits Tr\u00e9sors propose une large gamme de premiers bijoux personnalis\u00e9s \u00e0 offrir \u00e0 l\u2019occasion d\u2019une naissance ou d\u2019un bapt\u00eame. Mais aussi des id\u00e9es de cadeau tr\u00e8s abordables \u00e0 offrir pour un anniversaire, une f\u00eate ou encore No\u00ebl.<\/p>\n<h2><span class=\"ez-toc-section\" id=\"Les_hommes_aussi_aiment_les_bijoux_personnalises\"><\/span>Les hommes aussi aiment les bijoux personnalis\u00e9s<span class=\"ez-toc-section-end\"><\/span><\/h2>\n<p>Depuis quelques ann\u00e9es, les hommes aussi succombent au charme des\u00a0<strong>bijoux personnalis\u00e9s<\/strong>\u00a0! Bracelets cordons, bracelets cuir et autres boutons de manchettes ne d\u00e9rogent pas \u00e0 la r\u00e8gle\u00a0: que ce soit pour un papa ou pour son amoureux, on personnalise, on grave, bref on offre un peu de soi.<\/p>\n<p>Dans un souci permanent de qualit\u00e9, la marque Petits Tr\u00e9sors poursuit son aventure et imagine chaque saison de nouvelles collections tendance, aux couleurs de la vie, tout en conservant ses collections historiques au succ\u00e8s intact. 2017 devrait \u00eatre une ann\u00e9e riche en nouveaut\u00e9s, que nous serons ravis de vous pr\u00e9senter dans les prochains mois. Inscrivez-vous \u00e0 notre newsletter pour ne rien rater\u00a0!<\/p>\n<\/div>\n<\/div>\n<div class=\"sdstags-update\"><span class=\"tags\"><b>tags:\u00a0<\/b><a href=\"https:\/\/www.marmottine.fr\/les-news-de-marmottine\/tag\/bijoux-personnalises\">bijoux-personnalises<\/a><\/span><\/div>\n<\/div>\n","protected":false},"excerpt":{"rendered":"<p>Petits Tr\u00e9sors : cr\u00e9ateur de bijoux personnalis\u00e9s Ce qui nous a s\u00e9duits chez Petits Tr\u00e9sors, c\u2019est avant tout un style [&hellip;]<\/p>\n","protected":false},"author":5,"featured_media":1170,"parent":647,"menu_order":8,"comment_status":"closed","ping_status":"closed","template":"","meta":{"site-sidebar-layout":"default","site-content-layout":"","ast-site-content-layout":"default","site-content-style":"default","site-sidebar-style":"default","ast-global-header-display":"","ast-banner-title-visibility":"","ast-main-header-display":"","ast-hfb-above-header-display":"","ast-hfb-below-header-display":"","ast-hfb-mobile-header-display":"","site-post-title":"","ast-breadcrumbs-content":"","ast-featured-img":"","footer-sml-layout":"","theme-transparent-header-meta":"default","adv-header-id-meta":"","stick-header-meta":"","header-above-stick-meta":"","header-main-stick-meta":"","header-below-stick-meta":"","astra-migrate-meta-layouts":"set","ast-page-background-enabled":"default","ast-page-background-meta":{"desktop":{"background-color":"var(--ast-global-color-4)","background-image":"","background-repeat":"repeat","background-position":"center center","background-size":"auto","background-attachment":"scroll","background-type":"","background-media":"","overlay-type":"","overlay-color":"","overlay-gradient":""},"tablet":{"background-color":"","background-image":"","background-repeat":"repeat","background-position":"center center","background-size":"auto","background-attachment":"scroll","background-type":"","background-media":"","overlay-type":"","overlay-color":"","overlay-gradient":""},"mobile":{"background-color":"","background-image":"","background-repeat":"repeat","background-position":"center center","background-size":"auto","background-attachment":"scroll","background-type":"","background-media":"","overlay-type":"","overlay-color":"","overlay-gradient":""}},"ast-content-background-meta":{"desktop":{"background-color":"var(--ast-global-color-5)","background-image":"","background-repeat":"repeat","background-position":"center center","background-size":"auto","background-attachment":"scroll","background-type":"","background-media":"","overlay-type":"","overlay-color":"","overlay-gradient":""},"tablet":{"background-color":"var(--ast-global-color-5)","background-image":"","background-repeat":"repeat","background-position":"center center","background-size":"auto","background-attachment":"scroll","background-type":"","background-media":"","overlay-type":"","overlay-color":"","overlay-gradient":""},"mobile":{"background-color":"var(--ast-global-color-5)","background-image":"","background-repeat":"repeat","background-position":"center center","background-size":"auto","background-attachment":"scroll","background-type":"","background-media":"","overlay-type":"","overlay-color":"","overlay-gradient":""}},"footnotes":""},"aioseo_notices":[],"_links":{"self":[{"href":"https:\/\/www.marmottine.fr\/mag\/wp-json\/wp\/v2\/pages\/1169"}],"collection":[{"href":"https:\/\/www.marmottine.fr\/mag\/wp-json\/wp\/v2\/pages"}],"about":[{"href":"https:\/\/www.marmottine.fr\/mag\/wp-json\/wp\/v2\/types\/page"}],"author":[{"embeddable":true,"href":"https:\/\/www.marmottine.fr\/mag\/wp-json\/wp\/v2\/users\/5"}],"replies":[{"embeddable":true,"href":"https:\/\/www.marmottine.fr\/mag\/wp-json\/wp\/v2\/comments?post=1169"}],"version-history":[{"count":3,"href":"https:\/\/www.marmottine.fr\/mag\/wp-json\/wp\/v2\/pages\/1169\/revisions"}],"predecessor-version":[{"id":1272,"href":"https:\/\/www.marmottine.fr\/mag\/wp-json\/wp\/v2\/pages\/1169\/revisions\/1272"}],"up":[{"embeddable":true,"href":"https:\/\/www.marmottine.fr\/mag\/wp-json\/wp\/v2\/pages\/647"}],"wp:featuredmedia":[{"embeddable":true,"href":"https:\/\/www.marmottine.fr\/mag\/wp-json\/wp\/v2\/media\/1170"}],"wp:attachment":[{"href":"https:\/\/www.marmottine.fr\/mag\/wp-json\/wp\/v2\/media?parent=1169"}],"curies":[{"name":"wp","href":"https:\/\/api.w.org\/{rel}","templated":true}]}}