{"id":1149,"date":"2024-11-04T18:25:51","date_gmt":"2024-11-04T17:25:51","guid":{"rendered":"https:\/\/www.marmottine.fr\/mag\/?page_id=1149"},"modified":"2024-11-04T18:27:31","modified_gmt":"2024-11-04T17:27:31","slug":"quand-la-gourmette-bebe-se-reinvente","status":"publish","type":"page","link":"https:\/\/www.marmottine.fr\/mag\/guides\/bijoux-personnalises\/choisir\/gourmette-personnalisee\/quand-la-gourmette-bebe-se-reinvente","title":{"rendered":"Quand la gourmette b\u00e9b\u00e9 se r\u00e9invente"},"content":{"rendered":"<h1 class=\"page-item-title\"><span class=\"ez-toc-section\" id=\"Quand_la_gourmette_bebe_se_reinvente\"><\/span>Quand la gourmette b\u00e9b\u00e9 se r\u00e9invente<span class=\"ez-toc-section-end\"><\/span><\/h1><div id=\"ez-toc-container\" class=\"ez-toc-v2_0_69_1 counter-hierarchy ez-toc-counter ez-toc-grey ez-toc-container-direction\">\n<div class=\"ez-toc-title-container\">\n<p class=\"ez-toc-title\" style=\"cursor:inherit\">Sommaire<\/p>\n<span class=\"ez-toc-title-toggle\"><a href=\"#\" class=\"ez-toc-pull-right ez-toc-btn ez-toc-btn-xs ez-toc-btn-default ez-toc-toggle\" aria-label=\"Toggle Table of Content\"><span class=\"ez-toc-js-icon-con\"><span class=\"\"><span class=\"eztoc-hide\" style=\"display:none;\">Toggle<\/span><span class=\"ez-toc-icon-toggle-span\"><svg style=\"fill: #999;color:#999\" xmlns=\"http:\/\/www.w3.org\/2000\/svg\" class=\"list-377408\" width=\"20px\" height=\"20px\" viewBox=\"0 0 24 24\" fill=\"none\"><path d=\"M6 6H4v2h2V6zm14 0H8v2h12V6zM4 11h2v2H4v-2zm16 0H8v2h12v-2zM4 16h2v2H4v-2zm16 0H8v2h12v-2z\" fill=\"currentColor\"><\/path><\/svg><svg style=\"fill: #999;color:#999\" class=\"arrow-unsorted-368013\" xmlns=\"http:\/\/www.w3.org\/2000\/svg\" width=\"10px\" height=\"10px\" viewBox=\"0 0 24 24\" version=\"1.2\" baseProfile=\"tiny\"><path d=\"M18.2 9.3l-6.2-6.3-6.2 6.3c-.2.2-.3.4-.3.7s.1.5.3.7c.2.2.4.3.7.3h11c.3 0 .5-.1.7-.3.2-.2.3-.5.3-.7s-.1-.5-.3-.7zM5.8 14.7l6.2 6.3 6.2-6.3c.2-.2.3-.5.3-.7s-.1-.5-.3-.7c-.2-.2-.4-.3-.7-.3h-11c-.3 0-.5.1-.7.3-.2.2-.3.5-.3.7s.1.5.3.7z\"\/><\/svg><\/span><\/span><\/span><\/a><\/span><\/div>\n<nav><ul class='ez-toc-list ez-toc-list-level-1 ' ><li class='ez-toc-page-1 ez-toc-heading-level-1'><a class=\"ez-toc-link ez-toc-heading-1\" href=\"https:\/\/www.marmottine.fr\/mag\/guides\/bijoux-personnalises\/choisir\/gourmette-personnalisee\/quand-la-gourmette-bebe-se-reinvente\/#Quand_la_gourmette_bebe_se_reinvente\" title=\"Quand la gourmette b\u00e9b\u00e9 se r\u00e9invente\">Quand la gourmette b\u00e9b\u00e9 se r\u00e9invente<\/a><ul class='ez-toc-list-level-2' ><li class='ez-toc-heading-level-2'><a class=\"ez-toc-link ez-toc-heading-2\" href=\"https:\/\/www.marmottine.fr\/mag\/guides\/bijoux-personnalises\/choisir\/gourmette-personnalisee\/quand-la-gourmette-bebe-se-reinvente\/#Differentes_matieres_pour_des_gourmettes_differentes\" title=\"Diff\u00e9rentes mati\u00e8res pour des gourmettes diff\u00e9rentes\">Diff\u00e9rentes mati\u00e8res pour des gourmettes diff\u00e9rentes<\/a><\/li><li class='ez-toc-page-1 ez-toc-heading-level-2'><a class=\"ez-toc-link ez-toc-heading-3\" href=\"https:\/\/www.marmottine.fr\/mag\/guides\/bijoux-personnalises\/choisir\/gourmette-personnalisee\/quand-la-gourmette-bebe-se-reinvente\/#Des_gourmettes_sur_cordon_pour_un_look_casual_chic\" title=\"Des gourmettes sur cordon pour un look casual chic\">Des gourmettes sur cordon pour un look casual chic<\/a><\/li><li class='ez-toc-page-1 ez-toc-heading-level-2'><a class=\"ez-toc-link ez-toc-heading-4\" href=\"https:\/\/www.marmottine.fr\/mag\/guides\/bijoux-personnalises\/choisir\/gourmette-personnalisee\/quand-la-gourmette-bebe-se-reinvente\/#Des_formes_de_gourmettes_originales_et_inattendues\" title=\"Des formes de gourmettes originales et inattendues\">Des formes de gourmettes originales et inattendues<\/a><\/li><\/ul><\/li><\/ul><\/nav><\/div>\n\n<p><img loading=\"lazy\" decoding=\"async\" class=\"alignnone wp-image-1150 size-full\" src=\"https:\/\/www.marmottine.fr\/mag\/wp-content\/uploads\/2024\/10\/quand-la-gourmette-bebe-se-reinvente.jpg\" alt=\"\" width=\"700\" height=\"420\" srcset=\"https:\/\/www.marmottine.fr\/mag\/wp-content\/uploads\/2024\/10\/quand-la-gourmette-bebe-se-reinvente.jpg 700w, https:\/\/www.marmottine.fr\/mag\/wp-content\/uploads\/2024\/10\/quand-la-gourmette-bebe-se-reinvente-300x180.jpg 300w\" sizes=\"(max-width: 700px) 100vw, 700px\" \/><\/p>\n<div class=\"articleContent\"><span style=\"font-size: 16px;\"><a href=\"https:\/\/www.marmottine.fr\/mag\/guides\/bijoux-personnalises\/choisir\/gourmette-personnalisee\">La gourmette b\u00e9b\u00e9 a bien chang\u00e9<\/a> ! Avec l\u2019explosion de l\u2019offre de bijoux pour enfants, les cr\u00e9ateurs se sont pench\u00e9s sur ce mod\u00e8le de bijou ancien et l\u2019ont quelque peu d\u00e9poussi\u00e9r\u00e9. D\u00e8s l\u2019origine, la gourmette a \u00e9t\u00e9 le cadeau id\u00e9al \u00e0 offrir pour un bapt\u00eame : reproduction miniature du lourd bracelet gourmette pour adulte, la gourmette b\u00e9b\u00e9 se rapproche plus du bracelet identit\u00e9. Pratique, elle r\u00e9pond au double besoin d\u2019offrir un bijou personnalis\u00e9 \u00e0 un b\u00e9b\u00e9 d\u00e8s sa naissance, sur lequel on vient inscrire son pr\u00e9nom et sa date (de naissance ou de bapt\u00eame). Historiquement, ce premier bijou \u00e9tait r\u00e9alis\u00e9 en or jaune, le m\u00e9tal pr\u00e9cieux par excellence. Sa forme est rest\u00e9e quasi identique pendant des d\u00e9cennies : une plaque rectangulaire mont\u00e9e sur une cha\u00eene dite \u00ab gourmette \u00bb pr\u00e9cis\u00e9ment ! Depuis quelques ann\u00e9es sont apparues de nouvelles gourmettes r\u00e9solument tendance, qui rompent avec ce classicisme un peu tristounet\u2026<\/span><\/div>\n<div>\n<div class=\"sdsarticle-des\">\n<div class=\"e-content\">\n<h2><span class=\"ez-toc-section\" id=\"Differentes_matieres_pour_des_gourmettes_differentes\"><\/span>Diff\u00e9rentes mati\u00e8res pour des gourmettes diff\u00e9rentes<span class=\"ez-toc-section-end\"><\/span><\/h2>\n<p>Tout d\u2019abord, de l\u2019or jaune 18 carats, l\u2019offre s\u2019est progressivement tourn\u00e9e vers d\u2019autres m\u00e9taux moins on\u00e9reux, comme l\u2019or jaune 9 carats ou l\u2019argent 925 milli\u00e8mes. Moins cher car compos\u00e9 de moins d\u2019or pur, l\u2019or 9 carats n\u2019en est pas moins solide, au contraire, ce qui pr\u00e9sente un avantage certain pour un bijou port\u00e9 par un petit enfant. L\u2019argent, rhodi\u00e9 ou pas, est \u00e9galement tr\u00e8s pris\u00e9 car il permet de proposer des mod\u00e8les moins chers, au look plus actuel. Les bijoux en argent sont plus faciles \u00e0 porter au quotidien, et l\u2019on se permet plus de fantaisies dans les collections. L\u2019or rose fait \u00e9galement une belle perc\u00e9e depuis quelques ann\u00e9es, et propose des mod\u00e8les de gourmettes aux accents r\u00e9tros, finalement tr\u00e8s actuels. La\u00a0<strong>collection Lovely de Petits Tr\u00e9sors\u00a0<\/strong>est un bel exemple de gourmettes modernes en argent ou en plaqu\u00e9 or.<\/p>\n<h2><span class=\"ez-toc-section\" id=\"Des_gourmettes_sur_cordon_pour_un_look_casual_chic\"><\/span>Des gourmettes sur cordon pour un look casual chic<span class=\"ez-toc-section-end\"><\/span><\/h2>\n<p>Les gourmettes de bapt\u00eame n\u2019ont pas \u00e9chapp\u00e9 \u00e0 la grosse tendance des bracelets cordons\u00a0! Et c\u2019est tant mieux, car le r\u00e9sultat est original et pratique\u00a0! Ces mod\u00e8les \u00e9pousent parfaitement le poignet de l\u2019enfant et suivent sont \u00e9volution tout au long de sa croissance\u00a0: finis les probl\u00e8mes de taille\u00a0! D\u2019autre part, plus solide qu\u2019une cha\u00eene, le cordon est facile \u00e0 remplacer d\u00e8s qu\u2019il montre quelques signes de fatigue ou si l\u2019on veut changer de couleur en fonction des saisons, ou des tenues vestimentaires de l\u2019enfant\u00a0! Enfin, ces gourmettes nouvelle-g\u00e9n\u00e9ration, au look r\u00e9solument moderne, se portent beaucoup plus facilement et les parents h\u00e9sitent moins \u00e0 les mettre au poignet de leur enfant. Votre cadeau aura moins de risque de finir au fond d\u2019un tiroir\u2026 Parmi les best, on notera trois collections tr\u00e8s demand\u00e9es chez Mikado\u00a0: le\u00a0<strong>bracelet I am\u00a0<\/strong>(I am a boy ou I am a girl),\u00a0<strong>le bracelet I am a star\u00a0<\/strong>(petit fr\u00e8re du bracelet I am rehauss\u00e9 d\u2019un diamant) et enfin le\u00a0<strong>bracelet Life<\/strong>\u00a0(et sa plaque identitaire reprenant, telle une plaque militaire, les dates, heures et lieux de naissance du b\u00e9b\u00e9).<\/p>\n<h2><span class=\"ez-toc-section\" id=\"Des_formes_de_gourmettes_originales_et_inattendues\"><\/span>Des formes de gourmettes originales et inattendues<span class=\"ez-toc-section-end\"><\/span><\/h2>\n<p>Certaines formes sont surprenantes\u00a0! On est m\u00eame tr\u00e8s loin des plaques rectangulaires\u00a0! Ainsi, chez\u00a0<strong>La F\u00e9e Galipette<\/strong>, les gourmettes se font nuages, avec la complicit\u00e9 d\u2019un personnage de son univers onirique. Chez Daddo, les gourmettes reprennent les silhouettes des f\u00e9es et des princesses ch\u00e8res \u00e0 la marque. Chez<strong>\u00a0Augis\u00a0<\/strong>et<strong>\u00a0Loupidou<\/strong>, ce sont les personnages qui sont \u00e0 l\u2019honneur.<\/p>\n<p>Que vous recherchiez une gourmette fille ou une gourmette gar\u00e7on, vous trouverez votre bonheur dans l\u2019offre foisonnante des cr\u00e9ateurs de bijoux pour enfants, quel que soit votre style, du plus classique au plus d\u00e9cal\u00e9. Pour vous guider dans votre choix, nous vous conseillons de prendre en compte l\u2019\u00e2ge de l\u2019enfant, le style de bapt\u00eame (s\u2019il s\u2019agit d\u2019un bapt\u00eame religieux ou la\u00efque), et de consulter les parents avant votre achat, pour \u00eatre s\u00fbr que l\u2019enfant portera sa gourmette\u00a0!<\/p>\n<p>Retrouvez notre s\u00e9lection de\u00a0<strong><a href=\"https:\/\/www.marmottine.fr\/55-gourmette-\" target=\"_blank\" rel=\"noopener\">gourmette b\u00e9b\u00e9<\/a><\/strong>\u00a0sur Marmottine.fr.<\/p>\n<\/div>\n<\/div>\n<div class=\"sdstags-update\"><span class=\"tags\"><b>tags:\u00a0<\/b><a href=\"https:\/\/www.marmottine.fr\/les-news-de-marmottine\/tag\/gourmette-b%C3%A9b%C3%A9\">gourmette-b\u00e9b\u00e9<\/a><\/span><\/div>\n<\/div>\n","protected":false},"excerpt":{"rendered":"<p>Quand la gourmette b\u00e9b\u00e9 se r\u00e9invente La gourmette b\u00e9b\u00e9 a bien chang\u00e9 ! Avec l\u2019explosion de l\u2019offre de bijoux pour [&hellip;]<\/p>\n","protected":false},"author":5,"featured_media":1150,"parent":218,"menu_order":0,"comment_status":"closed","ping_status":"closed","template":"","meta":{"site-sidebar-layout":"default","site-content-layout":"","ast-site-content-layout":"default","site-content-style":"default","site-sidebar-style":"default","ast-global-header-display":"","ast-banner-title-visibility":"","ast-main-header-display":"","ast-hfb-above-header-display":"","ast-hfb-below-header-display":"","ast-hfb-mobile-header-display":"","site-post-title":"","ast-breadcrumbs-content":"","ast-featured-img":"","footer-sml-layout":"","theme-transparent-header-meta":"default","adv-header-id-meta":"","stick-header-meta":"","header-above-stick-meta":"","header-main-stick-meta":"","header-below-stick-meta":"","astra-migrate-meta-layouts":"set","ast-page-background-enabled":"default","ast-page-background-meta":{"desktop":{"background-color":"var(--ast-global-color-4)","background-image":"","background-repeat":"repeat","background-position":"center center","background-size":"auto","background-attachment":"scroll","background-type":"","background-media":"","overlay-type":"","overlay-color":"","overlay-gradient":""},"tablet":{"background-color":"","background-image":"","background-repeat":"repeat","background-position":"center center","background-size":"auto","background-attachment":"scroll","background-type":"","background-media":"","overlay-type":"","overlay-color":"","overlay-gradient":""},"mobile":{"background-color":"","background-image":"","background-repeat":"repeat","background-position":"center center","background-size":"auto","background-attachment":"scroll","background-type":"","background-media":"","overlay-type":"","overlay-color":"","overlay-gradient":""}},"ast-content-background-meta":{"desktop":{"background-color":"var(--ast-global-color-5)","background-image":"","background-repeat":"repeat","background-position":"center center","background-size":"auto","background-attachment":"scroll","background-type":"","background-media":"","overlay-type":"","overlay-color":"","overlay-gradient":""},"tablet":{"background-color":"var(--ast-global-color-5)","background-image":"","background-repeat":"repeat","background-position":"center center","background-size":"auto","background-attachment":"scroll","background-type":"","background-media":"","overlay-type":"","overlay-color":"","overlay-gradient":""},"mobile":{"background-color":"var(--ast-global-color-5)","background-image":"","background-repeat":"repeat","background-position":"center center","background-size":"auto","background-attachment":"scroll","background-type":"","background-media":"","overlay-type":"","overlay-color":"","overlay-gradient":""}},"footnotes":""},"aioseo_notices":[],"_links":{"self":[{"href":"https:\/\/www.marmottine.fr\/mag\/wp-json\/wp\/v2\/pages\/1149"}],"collection":[{"href":"https:\/\/www.marmottine.fr\/mag\/wp-json\/wp\/v2\/pages"}],"about":[{"href":"https:\/\/www.marmottine.fr\/mag\/wp-json\/wp\/v2\/types\/page"}],"author":[{"embeddable":true,"href":"https:\/\/www.marmottine.fr\/mag\/wp-json\/wp\/v2\/users\/5"}],"replies":[{"embeddable":true,"href":"https:\/\/www.marmottine.fr\/mag\/wp-json\/wp\/v2\/comments?post=1149"}],"version-history":[{"count":3,"href":"https:\/\/www.marmottine.fr\/mag\/wp-json\/wp\/v2\/pages\/1149\/revisions"}],"predecessor-version":[{"id":1289,"href":"https:\/\/www.marmottine.fr\/mag\/wp-json\/wp\/v2\/pages\/1149\/revisions\/1289"}],"up":[{"embeddable":true,"href":"https:\/\/www.marmottine.fr\/mag\/wp-json\/wp\/v2\/pages\/218"}],"wp:featuredmedia":[{"embeddable":true,"href":"https:\/\/www.marmottine.fr\/mag\/wp-json\/wp\/v2\/media\/1150"}],"wp:attachment":[{"href":"https:\/\/www.marmottine.fr\/mag\/wp-json\/wp\/v2\/media?parent=1149"}],"curies":[{"name":"wp","href":"https:\/\/api.w.org\/{rel}","templated":true}]}}