{"id":1146,"date":"2024-11-04T18:12:00","date_gmt":"2024-11-04T17:12:00","guid":{"rendered":"https:\/\/www.marmottine.fr\/mag\/?page_id=1146"},"modified":"2024-11-04T18:12:00","modified_gmt":"2024-11-04T17:12:00","slug":"augis-signe-des-medailles-de-bapteme-depuis-100-ans","status":"publish","type":"page","link":"https:\/\/www.marmottine.fr\/mag\/guides\/bijoux-personnalises\/par-marque\/augis-signe-des-medailles-de-bapteme-depuis-100-ans","title":{"rendered":"Augis signe des m\u00e9dailles de bapt\u00eame depuis 100 ans"},"content":{"rendered":"<h1 class=\"page-item-title\"><span class=\"ez-toc-section\" id=\"Augis_signe_des_medailles_de_bapteme_depuis_100_ans\"><\/span>Augis signe des m\u00e9dailles de bapt\u00eame depuis 100 ans<span class=\"ez-toc-section-end\"><\/span><\/h1><div id=\"ez-toc-container\" class=\"ez-toc-v2_0_69_1 counter-hierarchy ez-toc-counter ez-toc-grey ez-toc-container-direction\">\n<div class=\"ez-toc-title-container\">\n<p class=\"ez-toc-title\" style=\"cursor:inherit\">Sommaire<\/p>\n<span class=\"ez-toc-title-toggle\"><a href=\"#\" class=\"ez-toc-pull-right ez-toc-btn ez-toc-btn-xs ez-toc-btn-default ez-toc-toggle\" aria-label=\"Toggle Table of Content\"><span class=\"ez-toc-js-icon-con\"><span class=\"\"><span class=\"eztoc-hide\" style=\"display:none;\">Toggle<\/span><span class=\"ez-toc-icon-toggle-span\"><svg style=\"fill: #999;color:#999\" xmlns=\"http:\/\/www.w3.org\/2000\/svg\" class=\"list-377408\" width=\"20px\" height=\"20px\" viewBox=\"0 0 24 24\" fill=\"none\"><path d=\"M6 6H4v2h2V6zm14 0H8v2h12V6zM4 11h2v2H4v-2zm16 0H8v2h12v-2zM4 16h2v2H4v-2zm16 0H8v2h12v-2z\" fill=\"currentColor\"><\/path><\/svg><svg style=\"fill: #999;color:#999\" class=\"arrow-unsorted-368013\" xmlns=\"http:\/\/www.w3.org\/2000\/svg\" width=\"10px\" height=\"10px\" viewBox=\"0 0 24 24\" version=\"1.2\" baseProfile=\"tiny\"><path d=\"M18.2 9.3l-6.2-6.3-6.2 6.3c-.2.2-.3.4-.3.7s.1.5.3.7c.2.2.4.3.7.3h11c.3 0 .5-.1.7-.3.2-.2.3-.5.3-.7s-.1-.5-.3-.7zM5.8 14.7l6.2 6.3 6.2-6.3c.2-.2.3-.5.3-.7s-.1-.5-.3-.7c-.2-.2-.4-.3-.7-.3h-11c-.3 0-.5.1-.7.3-.2.2-.3.5-.3.7s.1.5.3.7z\"\/><\/svg><\/span><\/span><\/span><\/a><\/span><\/div>\n<nav><ul class='ez-toc-list ez-toc-list-level-1 ' ><li class='ez-toc-page-1 ez-toc-heading-level-1'><a class=\"ez-toc-link ez-toc-heading-1\" href=\"https:\/\/www.marmottine.fr\/mag\/guides\/bijoux-personnalises\/par-marque\/augis-signe-des-medailles-de-bapteme-depuis-100-ans\/#Augis_signe_des_medailles_de_bapteme_depuis_100_ans\" title=\"Augis signe des m\u00e9dailles de bapt\u00eame depuis 100 ans\">Augis signe des m\u00e9dailles de bapt\u00eame depuis 100 ans<\/a><ul class='ez-toc-list-level-2' ><li class='ez-toc-heading-level-2'><a class=\"ez-toc-link ez-toc-heading-2\" href=\"https:\/\/www.marmottine.fr\/mag\/guides\/bijoux-personnalises\/par-marque\/augis-signe-des-medailles-de-bapteme-depuis-100-ans\/#Lhistoire_de_la_dynastie_familiale_Augis\" title=\"L&rsquo;histoire de la dynastie familiale Augis\">L&rsquo;histoire de la dynastie familiale Augis<\/a><\/li><li class='ez-toc-page-1 ez-toc-heading-level-2'><a class=\"ez-toc-link ez-toc-heading-3\" href=\"https:\/\/www.marmottine.fr\/mag\/guides\/bijoux-personnalises\/par-marque\/augis-signe-des-medailles-de-bapteme-depuis-100-ans\/#Une_grande_marque_francaise_de_medailles_de_bapteme\" title=\"Une grande marque fran\u00e7aise de m\u00e9dailles de bapt\u00eame\">Une grande marque fran\u00e7aise de m\u00e9dailles de bapt\u00eame<\/a><\/li><li class='ez-toc-page-1 ez-toc-heading-level-2'><a class=\"ez-toc-link ez-toc-heading-4\" href=\"https:\/\/www.marmottine.fr\/mag\/guides\/bijoux-personnalises\/par-marque\/augis-signe-des-medailles-de-bapteme-depuis-100-ans\/#Les_nouvelles_tendances_en_matiere_de_bijoux_de_bapteme\" title=\"Les nouvelles tendances en mati\u00e8re de bijoux de bapt\u00eame\">Les nouvelles tendances en mati\u00e8re de bijoux de bapt\u00eame<\/a><\/li><li class='ez-toc-page-1 ez-toc-heading-level-2'><a class=\"ez-toc-link ez-toc-heading-5\" href=\"https:\/\/www.marmottine.fr\/mag\/guides\/bijoux-personnalises\/par-marque\/augis-signe-des-medailles-de-bapteme-depuis-100-ans\/#Decouvrez_les_collections_de_medailles_Augis\" title=\"D\u00e9couvrez les collections de m\u00e9dailles Augis\">D\u00e9couvrez les collections de m\u00e9dailles Augis<\/a><\/li><\/ul><\/li><\/ul><\/nav><\/div>\n\n<p><img loading=\"lazy\" decoding=\"async\" class=\"alignnone wp-image-1147 size-full\" src=\"https:\/\/www.marmottine.fr\/mag\/wp-content\/uploads\/2024\/10\/Augis-signe-des-medailles-de-bapteme-depuis-p.jpg\" alt=\"\" width=\"700\" height=\"420\" srcset=\"https:\/\/www.marmottine.fr\/mag\/wp-content\/uploads\/2024\/10\/Augis-signe-des-medailles-de-bapteme-depuis-p.jpg 700w, https:\/\/www.marmottine.fr\/mag\/wp-content\/uploads\/2024\/10\/Augis-signe-des-medailles-de-bapteme-depuis-p-300x180.jpg 300w\" sizes=\"(max-width: 700px) 100vw, 700px\" \/><\/p>\n<div class=\"articleContent\"><span style=\"font-size: 16px;\">La maison Augis, fond\u00e9e en 1830, a fourni des g\u00e9n\u00e9rations d\u2019enfants en m\u00e9dailles de bapt\u00eame. <a href=\"https:\/\/www.marmottine.fr\/mag\/guides\/bijoux-personnalises\/par-marque\">Si la marque perdure aujourd\u2019hui<\/a>, c\u2019est gr\u00e2ce \u00e0 son savoir-faire centenaire et \u00e0 la qualit\u00e9 de fabrication des bijoux, mais aussi \u00e0 l\u2019originalit\u00e9 de ses mod\u00e8les imagin\u00e9s par des bijoutiers cr\u00e9ateurs.<\/span><\/div>\n<div>\n<div class=\"sdsarticle-des\">\n<div class=\"e-content\">\n<h2><span class=\"ez-toc-section\" id=\"Lhistoire_de_la_dynastie_familiale_Augis\"><\/span><strong>L&rsquo;histoire de la dynastie familiale Augis<\/strong><span class=\"ez-toc-section-end\"><\/span><\/h2>\n<p>L\u2019histoire d\u2019<strong><a href=\"https:\/\/www.marmottine.fr\/147-augis\" target=\"_blank\" rel=\"noopener\">Augis<\/a><\/strong>\u00a0\u00a0remonte \u00e0 1830, date \u00e0 laquelle un certain Eug\u00e8ne Coquais ouvre une bijouterie\u00a0; il en offrira une \u00e0 chacun de ses 13 enfants, marquant ainsi le d\u00e9but d\u2019une dynastie. Mais c\u2019est Alphonse Augis, \u00e0 qui l\u2019on doit le A de la marque A. Augis, qui cr\u00e9e l\u2019\u00e9v\u00e9nement en 1907 en lan\u00e7ant la M\u00e9daille d\u2019Amour avec cette c\u00e9l\u00e8bre phrase \u00ab\u00a0Aujourd\u2019hui plus qu\u2019hier et bien moins que demain\u00a0\u00bb. Inspir\u00e9e par l\u2019un des vers du po\u00e8me de Rosemonde G\u00e9rard \u00e0 son mari Edmond Rostand (l\u2019auteur de Cyrano de Bergerac), cette expression bien connue des amoureux romantiques va faire la fortune et la renomm\u00e9e mondiale de la marque Augis. Forte de ce succ\u00e8s et de son savoir-faire, la famille Augis va d\u00e9velopper, tout au long du XX\u00e8me si\u00e8cle, des collections de bijoux symboliques.<\/p>\n<h2><span class=\"ez-toc-section\" id=\"Une_grande_marque_francaise_de_medailles_de_bapteme\"><\/span>Une grande marque fran\u00e7aise de m\u00e9dailles de bapt\u00eame<span class=\"ez-toc-section-end\"><\/span><\/h2>\n<p>C\u2019est donc tout naturellement que la maison cr\u00e9e des m\u00e9dailles de bapt\u00eame. La marque devient incontournable et fournit des g\u00e9n\u00e9rations de baptis\u00e9s. Les mod\u00e8les phares de la maison sont des m\u00e9dailles classiques repr\u00e9sentant la Vierge, le Christ et des Saints Patrons. Certaines collections perdurent encore aujourd\u2019hui et sont devenues des classiques, comme\u00a0<strong><a href=\"https:\/\/www.marmottine.fr\/155-les-loupiots\" target=\"_blank\" rel=\"noopener\">les Loupiots<\/a>,<\/strong>\u00a0ces petits personnages en relief symbolisant l\u2019enfance (ange \u00e0 la colombe, petite fille \u00e0 la poup\u00e9e, enfant priant). Pr\u00e9curseur et visionnaire, Augis est \u00e9galement le premier bijoutier \u00e0 imaginer des pendentifs en forme de personnages\u2026 des mod\u00e8les revenus sur le devant de la sc\u00e8ne depuis une dizaine d\u2019ann\u00e9es par nombre de fabricants\u00a0!<\/p>\n<h2><span class=\"ez-toc-section\" id=\"Les_nouvelles_tendances_en_matiere_de_bijoux_de_bapteme\"><\/span>Les nouvelles tendances en mati\u00e8re de bijoux de bapt\u00eame<span class=\"ez-toc-section-end\"><\/span><\/h2>\n<p>Maison centenaire, Augis a su s\u2019adapter aux exigences du march\u00e9 et aux nouvelles tendances. Historiquement r\u00e9alis\u00e9es en or jaune 18 carats, certaines m\u00e9dailles de bapt\u00eame sont maintenant propos\u00e9es en or 9 carats, afin de palier \u00e0 l\u2019augmentation vertigineuse du cours de l\u2019or. (Pour tout savoir sur la diff\u00e9rence entre l\u2019or 18 carats et l\u2019or 9 carats, nous vous invitons \u00e0 lire\u00a0<a href=\"https:\/\/www.marmottine.fr\/les-news-de-marmottine\/14_difference-9-carats-et-18-carats\" target=\"_blank\" rel=\"noopener\">notre article sur le sujet<\/a>.) D\u2019autre part, avec l\u2019apparition des bapt\u00eames la\u00efques et l\u2019interdiction du port de signes religieux distinctifs \u00e0 l\u2019\u00e9cole, les motifs sur les m\u00e9dailles de bapt\u00eame ont \u00e9volu\u00e9. Les th\u00e9matiques religieuses ont fait place \u00e0 des symboles comme l\u2019ange, l\u2019\u00e9toile, l\u2019arbre de vie, la colombe, \u00a0les enfants, ou encore les signes du Zodiaque.<\/p>\n<p>De la M\u00e9daille d\u2019Amour \u00e0 la m\u00e9daille de bapt\u00eame il n\u2019y a qu\u2019un pas, qu\u2019Augis a franchi avec brio, pour le plus grand bonheur de g\u00e9n\u00e9rations d\u2019enfants. Signe distinctif des m\u00e9dailles de la marque, la signature Augis vous certifie que vous d\u00e9tenez une m\u00e9daille originale. Regardez dans vos bijoux de famille, il se pourrait bien que vous poss\u00e9diez un collector\u2026<\/p>\n<h2><span class=\"ez-toc-section\" id=\"Decouvrez_les_collections_de_medailles_Augis\"><\/span>D\u00e9couvrez les collections de m\u00e9dailles Augis<span class=\"ez-toc-section-end\"><\/span><\/h2>\n<p><a class=\"btn btn-default\" href=\"https:\/\/www.marmottine.fr\/155-les-loupiots\" target=\"_blank\" rel=\"noopener\">Les Loupiots<\/a><\/p>\n<p><a class=\"btn btn-default\" href=\"https:\/\/www.marmottine.fr\/166-medailles-ajourees\" target=\"_blank\" rel=\"noopener\">Les m\u00e9dailles ajour\u00e9es<\/a><\/p>\n<p><a class=\"btn btn-default\" href=\"https:\/\/www.marmottine.fr\/161-medailles-anges\" target=\"_blank\" rel=\"noopener\">Les m\u00e9dailles anges<\/a><\/p>\n<p><a class=\"btn btn-default\" href=\"https:\/\/www.marmottine.fr\/167-les-petites-bouilles\" target=\"_blank\" rel=\"noopener\">Les Petites Bouilles<\/a><\/p>\n<p><a class=\"btn btn-default\" href=\"https:\/\/www.marmottine.fr\/203-medailles-laiques\" target=\"_blank\" rel=\"noopener\">Les m\u00e9dailles la\u00efques<\/a><\/p>\n<p><a class=\"btn btn-default\" href=\"https:\/\/www.marmottine.fr\/162-les-petits-tresors\" target=\"_blank\" rel=\"noopener\">Les Petits Tr\u00e9sors<\/a><\/p>\n<p><a class=\"btn btn-default\" href=\"https:\/\/www.marmottine.fr\/177-les-zodiaques\" target=\"_blank\" rel=\"noopener\">Les Zodiaques<\/a><\/p>\n<p><b>tags:\u00a0<\/b><a href=\"https:\/\/www.marmottine.fr\/les-news-de-marmottine\/tag\/m%C3%A9daille-augis\">m\u00e9daille-augis<\/a><\/p>\n<\/div>\n<\/div>\n<\/div>\n","protected":false},"excerpt":{"rendered":"<p>Augis signe des m\u00e9dailles de bapt\u00eame depuis 100 ans La maison Augis, fond\u00e9e en 1830, a fourni des g\u00e9n\u00e9rations d\u2019enfants [&hellip;]<\/p>\n","protected":false},"author":5,"featured_media":1147,"parent":647,"menu_order":7,"comment_status":"closed","ping_status":"closed","template":"","meta":{"site-sidebar-layout":"default","site-content-layout":"","ast-site-content-layout":"default","site-content-style":"default","site-sidebar-style":"default","ast-global-header-display":"","ast-banner-title-visibility":"","ast-main-header-display":"","ast-hfb-above-header-display":"","ast-hfb-below-header-display":"","ast-hfb-mobile-header-display":"","site-post-title":"","ast-breadcrumbs-content":"","ast-featured-img":"","footer-sml-layout":"","theme-transparent-header-meta":"default","adv-header-id-meta":"","stick-header-meta":"","header-above-stick-meta":"","header-main-stick-meta":"","header-below-stick-meta":"","astra-migrate-meta-layouts":"set","ast-page-background-enabled":"default","ast-page-background-meta":{"desktop":{"background-color":"var(--ast-global-color-4)","background-image":"","background-repeat":"repeat","background-position":"center center","background-size":"auto","background-attachment":"scroll","background-type":"","background-media":"","overlay-type":"","overlay-color":"","overlay-gradient":""},"tablet":{"background-color":"","background-image":"","background-repeat":"repeat","background-position":"center center","background-size":"auto","background-attachment":"scroll","background-type":"","background-media":"","overlay-type":"","overlay-color":"","overlay-gradient":""},"mobile":{"background-color":"","background-image":"","background-repeat":"repeat","background-position":"center center","background-size":"auto","background-attachment":"scroll","background-type":"","background-media":"","overlay-type":"","overlay-color":"","overlay-gradient":""}},"ast-content-background-meta":{"desktop":{"background-color":"var(--ast-global-color-5)","background-image":"","background-repeat":"repeat","background-position":"center center","background-size":"auto","background-attachment":"scroll","background-type":"","background-media":"","overlay-type":"","overlay-color":"","overlay-gradient":""},"tablet":{"background-color":"var(--ast-global-color-5)","background-image":"","background-repeat":"repeat","background-position":"center center","background-size":"auto","background-attachment":"scroll","background-type":"","background-media":"","overlay-type":"","overlay-color":"","overlay-gradient":""},"mobile":{"background-color":"var(--ast-global-color-5)","background-image":"","background-repeat":"repeat","background-position":"center center","background-size":"auto","background-attachment":"scroll","background-type":"","background-media":"","overlay-type":"","overlay-color":"","overlay-gradient":""}},"footnotes":""},"aioseo_notices":[],"_links":{"self":[{"href":"https:\/\/www.marmottine.fr\/mag\/wp-json\/wp\/v2\/pages\/1146"}],"collection":[{"href":"https:\/\/www.marmottine.fr\/mag\/wp-json\/wp\/v2\/pages"}],"about":[{"href":"https:\/\/www.marmottine.fr\/mag\/wp-json\/wp\/v2\/types\/page"}],"author":[{"embeddable":true,"href":"https:\/\/www.marmottine.fr\/mag\/wp-json\/wp\/v2\/users\/5"}],"replies":[{"embeddable":true,"href":"https:\/\/www.marmottine.fr\/mag\/wp-json\/wp\/v2\/comments?post=1146"}],"version-history":[{"count":3,"href":"https:\/\/www.marmottine.fr\/mag\/wp-json\/wp\/v2\/pages\/1146\/revisions"}],"predecessor-version":[{"id":1271,"href":"https:\/\/www.marmottine.fr\/mag\/wp-json\/wp\/v2\/pages\/1146\/revisions\/1271"}],"up":[{"embeddable":true,"href":"https:\/\/www.marmottine.fr\/mag\/wp-json\/wp\/v2\/pages\/647"}],"wp:featuredmedia":[{"embeddable":true,"href":"https:\/\/www.marmottine.fr\/mag\/wp-json\/wp\/v2\/media\/1147"}],"wp:attachment":[{"href":"https:\/\/www.marmottine.fr\/mag\/wp-json\/wp\/v2\/media?parent=1146"}],"curies":[{"name":"wp","href":"https:\/\/api.w.org\/{rel}","templated":true}]}}