{"id":1139,"date":"2024-11-04T18:11:27","date_gmt":"2024-11-04T17:11:27","guid":{"rendered":"https:\/\/www.marmottine.fr\/mag\/?page_id=1139"},"modified":"2024-11-04T18:11:27","modified_gmt":"2024-11-04T17:11:27","slug":"la-fabuleuse-histoire-du-bracelet-cuir-flowersforzoe","status":"publish","type":"page","link":"https:\/\/www.marmottine.fr\/mag\/guides\/bijoux-personnalises\/par-marque\/la-fabuleuse-histoire-du-bracelet-cuir-flowersforzoe","title":{"rendered":"La fabuleuse histoire du bracelet cuir FlowersForZo\u00e9"},"content":{"rendered":"<h1>La fabuleuse histoire du bracelet cuir FlowersForZo\u00e9<\/h1>\n<p><img loading=\"lazy\" decoding=\"async\" class=\"alignnone wp-image-1140 size-full\" src=\"https:\/\/www.marmottine.fr\/mag\/wp-content\/uploads\/2024\/10\/La-fabuleuse-histoire-du-bracelet-cuir-Flower.jpg\" alt=\"\" width=\"700\" height=\"420\" srcset=\"https:\/\/www.marmottine.fr\/mag\/wp-content\/uploads\/2024\/10\/La-fabuleuse-histoire-du-bracelet-cuir-Flower.jpg 700w, https:\/\/www.marmottine.fr\/mag\/wp-content\/uploads\/2024\/10\/La-fabuleuse-histoire-du-bracelet-cuir-Flower-300x180.jpg 300w\" sizes=\"(max-width: 700px) 100vw, 700px\" \/><\/p>\n<div class=\"articleContent\"><span style=\"font-size: 1.7em; font-weight: bold;\">Une marque de bijoux du Nord de la France<\/span><\/div>\n<div>\n<div class=\"sdsarticle-des\">\n<div class=\"e-content\">\n<p>Chez Marmottine on aime les histoires <a href=\"https:\/\/www.marmottine.fr\/mag\/guides\/bijoux-personnalises\/par-marque\">et les marques de bijoux<\/a>, et celle du bracelet cuir FlowersForZo\u00e9 est l\u2019une de nos pr\u00e9f\u00e9r\u00e9es. Quand, en 2004, Caroline cr\u00e9e ses bijoux en porcelaine, qu\u2019elle colorie de ses pinceaux sur un tour de potier, ce n\u2019est alors qu\u2019une passion d\u00e9marr\u00e9e dans sa maison du Nord de la France. Elle est loin d\u2019imaginer le d\u00e9veloppement fulgurant de son entreprise.<\/p>\n<p>Ses bijoux plaisent imm\u00e9diatement et elle se fait rep\u00e9rer par le magasin Le Printemps \u00e0 \u00a0Lille. Tr\u00e8s vite, elle d\u00e9couvre les possibilit\u00e9s infinies du cuir et c\u2019est finalement ce mat\u00e9riau noble qu\u2019elle va travailler, fa\u00e7onner, et qui lui permettra de se \u00a0d\u00e9velopper. \u00a0FlowersForZo\u00e9 en hommage \u00e0 la chanson de Lenny Kravitz qu\u2019il composa pour sa fille Zo\u00e9, \u00e9galement le pr\u00e9nom de la fille de Caroline.<\/p>\n<h2>Un bracelet en cuir au fermoir aimant\u00e9<\/h2>\n<p>Le succ\u00e8s vient donc d\u2019un\u00a0<strong>bracelet cuir<\/strong>, mais pas n\u2019importe lequel. Caroline imagine un bracelet ultra pratique \u00e0 mettre gr\u00e2ce \u00e0 un syst\u00e8me de fermoir aimant\u00e9 qu\u2019elle \u00e9labore avec des professionnels de l\u2019usinage de pr\u00e9cision. Une fois au poignet, l\u2019aimant \u00a0ne risque pas de l\u00e2cher. Chaque fermoir est ensuite plaqu\u00e9 argent ou plaqu\u00e9 or, selon la finition que la cr\u00e9atrice a imagin\u00e9 pour le mod\u00e8le. Les cuirs proviennent des peausseries \u00e9galement fournisseurs de grandes marques de maroquinerie de luxe. Les bracelets sont imagin\u00e9s et fabriqu\u00e9s dans son atelier du Nord de la France. \u00a0Tr\u00e8s vite, la gamme s\u2019\u00e9tend aux boucles d\u2019oreilles et aux colliers et sautoirs. La collection enfant d\u00e9cline quant \u00e0 elle les best-of de la collection femme. Depuis deux saisons, les hommes ont eux aussi leur collection de bracelets cuir adapt\u00e9s \u00e0 leurs poignets masculins.<\/p>\n<p><img loading=\"lazy\" decoding=\"async\" src=\"https:\/\/marmottine.fr\/img\/cms\/FFZNouveau%20dossier\/ffz2.jpg\" alt=\"\" width=\"700\" height=\"420\" \/><\/p>\n<p>En 2015, face au d\u00e9veloppement fulgurant de la marque, Marine rejoint Caroline \u00e0 la t\u00eate de l\u2019entreprise. La marketeuse rejoint la cr\u00e9atrice pour poursuivre l\u2019aventure au-del\u00e0 des fronti\u00e8res.<\/p>\n<p>Aujourd\u2019hui, FlowersForZo\u00e9 c\u2019est\u00a020 employ\u00e9s et 80000 clients dans le monde, 10 corners au Printemps, 2 aux Galeries Lafayette et 1 au BHV Le \u00a0Marais depuis peu et une premi\u00e8re boutique en propre \u00e0 S\u00e9oul. C\u2019est pour Marmottine une belle aventure humaine commenc\u00e9e en 2012 et renouvel\u00e9e chaque ann\u00e9e avec 2 collections saisonni\u00e8res. Porter un bijou FlowersForZo\u00e9, c\u2019est acqu\u00e9rir une pi\u00e8ce de luxe artisanal \u00e0 l\u2019\u00e9l\u00e9gance intemporelle. Que ce soit pour une femme, un homme ou un enfant, offrir un bijou FlowersForZo\u00e9 c\u2019est offrir une pi\u00e8ce de luxe \u00e0 la fran\u00e7aise.<\/p>\n<p><b>tags:\u00a0<\/b><a href=\"https:\/\/www.marmottine.fr\/les-news-de-marmottine\/tag\/bracelet-cuir\">bracelet-cuir<\/a><\/p>\n<\/div>\n<\/div>\n<\/div>\n","protected":false},"excerpt":{"rendered":"<p>La fabuleuse histoire du bracelet cuir FlowersForZo\u00e9 Une marque de bijoux du Nord de la France Chez Marmottine on aime [&hellip;]<\/p>\n","protected":false},"author":5,"featured_media":1140,"parent":647,"menu_order":6,"comment_status":"closed","ping_status":"closed","template":"","meta":{"site-sidebar-layout":"default","site-content-layout":"","ast-site-content-layout":"default","site-content-style":"default","site-sidebar-style":"default","ast-global-header-display":"","ast-banner-title-visibility":"","ast-main-header-display":"","ast-hfb-above-header-display":"","ast-hfb-below-header-display":"","ast-hfb-mobile-header-display":"","site-post-title":"","ast-breadcrumbs-content":"","ast-featured-img":"","footer-sml-layout":"","theme-transparent-header-meta":"default","adv-header-id-meta":"","stick-header-meta":"","header-above-stick-meta":"","header-main-stick-meta":"","header-below-stick-meta":"","astra-migrate-meta-layouts":"set","ast-page-background-enabled":"default","ast-page-background-meta":{"desktop":{"background-color":"var(--ast-global-color-4)","background-image":"","background-repeat":"repeat","background-position":"center center","background-size":"auto","background-attachment":"scroll","background-type":"","background-media":"","overlay-type":"","overlay-color":"","overlay-gradient":""},"tablet":{"background-color":"","background-image":"","background-repeat":"repeat","background-position":"center center","background-size":"auto","background-attachment":"scroll","background-type":"","background-media":"","overlay-type":"","overlay-color":"","overlay-gradient":""},"mobile":{"background-color":"","background-image":"","background-repeat":"repeat","background-position":"center center","background-size":"auto","background-attachment":"scroll","background-type":"","background-media":"","overlay-type":"","overlay-color":"","overlay-gradient":""}},"ast-content-background-meta":{"desktop":{"background-color":"var(--ast-global-color-5)","background-image":"","background-repeat":"repeat","background-position":"center center","background-size":"auto","background-attachment":"scroll","background-type":"","background-media":"","overlay-type":"","overlay-color":"","overlay-gradient":""},"tablet":{"background-color":"var(--ast-global-color-5)","background-image":"","background-repeat":"repeat","background-position":"center center","background-size":"auto","background-attachment":"scroll","background-type":"","background-media":"","overlay-type":"","overlay-color":"","overlay-gradient":""},"mobile":{"background-color":"var(--ast-global-color-5)","background-image":"","background-repeat":"repeat","background-position":"center center","background-size":"auto","background-attachment":"scroll","background-type":"","background-media":"","overlay-type":"","overlay-color":"","overlay-gradient":""}},"footnotes":""},"aioseo_notices":[],"_links":{"self":[{"href":"https:\/\/www.marmottine.fr\/mag\/wp-json\/wp\/v2\/pages\/1139"}],"collection":[{"href":"https:\/\/www.marmottine.fr\/mag\/wp-json\/wp\/v2\/pages"}],"about":[{"href":"https:\/\/www.marmottine.fr\/mag\/wp-json\/wp\/v2\/types\/page"}],"author":[{"embeddable":true,"href":"https:\/\/www.marmottine.fr\/mag\/wp-json\/wp\/v2\/users\/5"}],"replies":[{"embeddable":true,"href":"https:\/\/www.marmottine.fr\/mag\/wp-json\/wp\/v2\/comments?post=1139"}],"version-history":[{"count":4,"href":"https:\/\/www.marmottine.fr\/mag\/wp-json\/wp\/v2\/pages\/1139\/revisions"}],"predecessor-version":[{"id":1270,"href":"https:\/\/www.marmottine.fr\/mag\/wp-json\/wp\/v2\/pages\/1139\/revisions\/1270"}],"up":[{"embeddable":true,"href":"https:\/\/www.marmottine.fr\/mag\/wp-json\/wp\/v2\/pages\/647"}],"wp:featuredmedia":[{"embeddable":true,"href":"https:\/\/www.marmottine.fr\/mag\/wp-json\/wp\/v2\/media\/1140"}],"wp:attachment":[{"href":"https:\/\/www.marmottine.fr\/mag\/wp-json\/wp\/v2\/media?parent=1139"}],"curies":[{"name":"wp","href":"https:\/\/api.w.org\/{rel}","templated":true}]}}