{"id":1136,"date":"2024-11-04T18:31:30","date_gmt":"2024-11-04T17:31:30","guid":{"rendered":"https:\/\/www.marmottine.fr\/mag\/?page_id=1136"},"modified":"2024-11-04T18:31:30","modified_gmt":"2024-11-04T17:31:30","slug":"le-grand-retour-de-la-medaille","status":"publish","type":"page","link":"https:\/\/www.marmottine.fr\/mag\/guides\/bijoux-personnalises\/choisir\/medaille-personnalisee\/le-grand-retour-de-la-medaille","title":{"rendered":"Le grand retour de la m\u00e9daille"},"content":{"rendered":"<h1>Le grand retour de la m\u00e9daille<\/h1>\n<p><img loading=\"lazy\" decoding=\"async\" class=\"alignnone wp-image-1137 size-full\" src=\"https:\/\/www.marmottine.fr\/mag\/wp-content\/uploads\/2024\/10\/Le-grand-retour-de-la-medaille-.jpg\" alt=\"\" width=\"700\" height=\"420\" srcset=\"https:\/\/www.marmottine.fr\/mag\/wp-content\/uploads\/2024\/10\/Le-grand-retour-de-la-medaille-.jpg 700w, https:\/\/www.marmottine.fr\/mag\/wp-content\/uploads\/2024\/10\/Le-grand-retour-de-la-medaille--300x180.jpg 300w\" sizes=\"(max-width: 700px) 100vw, 700px\" \/><\/p>\n<div class=\"articleContent\"><span style=\"font-size: 1.7em; font-weight: bold;\">La m\u00e9daille, nouveau bijou tendance<\/span><\/div>\n<div>\n<div class=\"sdsarticle-des\">\n<div class=\"e-content\">\n<p>La\u00a0<a href=\"https:\/\/www.marmottine.fr\/232-medaille\" target=\"_blank\" rel=\"noopener\"><strong>m\u00e9daille<\/strong><\/a>\u00a0a de beaux jours devant elle si l\u2019on en croit les collections de bijoux des cr\u00e9ateurs et les photos des people qui ne quittent plus la leur. On ne vous parle pas l\u00e0 <a href=\"https:\/\/www.marmottine.fr\/mag\/guides\/bijoux-personnalises\/choisir\/medaille-personnalisee\">de votre m\u00e9daille de bapt\u00eame avec votre pr\u00e9nom grav\u00e9 au verso<\/a>, mais d\u2019un bijou \u00e0 part enti\u00e8re, un pendentif port\u00e9 en collier ou en sautoir, de forme ronde, orn\u00e9 d\u2019un motif ou d\u2019un message. Le d\u00e9tail chic\u00a0: porter sa m\u00e9daille en superposition avec d\u2019autres colliers. La m\u00e9daille de cou est traditionnellement\u00a0\u00a0ronde, de belle taille (minimum 18 mm de diam\u00e8tre), en or jaune (dont c\u2019est le grand retour \u00e9galement\u00a0!) et porteuse d\u2019un message. Les cr\u00e9ateurs de bijoux l\u2019on revisit\u00e9e et proposent des mod\u00e8les en argent, en or blanc et en or rose (dont c\u2019est la grande tendance \u00e9galement). La forme s\u2019allonge pour des mod\u00e8les de forme ovale, certains mod\u00e8les se sertissent de pierres pr\u00e9cieuses ou de pierres fines pour un r\u00e9sultat tr\u00e8s \u00ab\u00a0glitter\u00a0\u00bb. D\u2019autres accueillent une forme d\u00e9tour\u00e9e en leur centre. Enfin, la tendance du bijou personnalis\u00e9 ne se d\u00e9mentant pas, la plupart des m\u00e9dailles sont personnalisables, avec la gravure d\u2019un message personnel, d\u2019un pr\u00e9nom et parfois m\u00eame d\u2019une empreinte digitale ou d\u2019un dessin d\u2019enfant. A l\u2019approche d\u2019un \u00e9v\u00e9nement \u00e0 f\u00eater (anniversaire, f\u00eate des m\u00e8res, No\u00ebl, Saint Valentin\u2026) pensez \u00e0 la\u00a0<a href=\"https:\/\/www.marmottine.fr\/232-medaille\" target=\"_blank\" rel=\"noopener\"><strong>m\u00e9daille pour femme<\/strong><\/a>\u00a0: vous ferez une heureuse avec un cadeau \u00e0 la fois traditionnel et tr\u00e8s contemporain.<\/p>\n<h2>D\u00e9couvrez nos m\u00e9dailles-coups de c\u0153ur<\/h2>\n<p>La plus classique : la\u00a0<a href=\"https:\/\/www.marmottine.fr\/pendentifs-et-colliers-personnalises\/214-petits-tresors-pendentif-message-d-amour-plaque-or.html\" target=\"_blank\" rel=\"noopener\">m\u00e9daille ronde en plaqu\u00e9 or jaune<\/a>, avec un message personnel grav\u00e9 au recto ou au verso, simple et efficace.<br \/>\nLa plus symbolique : la\u00a0<a href=\"https:\/\/www.marmottine.fr\/medailles\/1918-je-t-ador-medaille-mathis.html\" target=\"_blank\" rel=\"noopener\">m\u00e9daille arbre de vie<\/a>, d\u00e9clin\u00e9e en argent ou en or, avec un arbre figuratif ou stylis\u00e9. L\u2019arbre repr\u00e9sente l\u2019ancrage avec ses racines, et la transmission avec les branches.<br \/>\nLa plus originale\u00a0: la\u00a0<a href=\"https:\/\/www.marmottine.fr\/pastille\/1316-les-empreintes-pendentif-pastille-argent-avec-beliere.html\" target=\"_blank\" rel=\"noopener\">petite pastille ronde personnalis\u00e9e\u00a0avec une empreinte digitale<\/a>. Vous seule saurez de quelle empreinte il s\u2019agit. \u00c7a marche aussi avec des empreintes de main ou de pied\u2026<br \/>\nLa plus sentimentale\u00a0: la\u00a0<a href=\"https:\/\/www.marmottine.fr\/fete-des-meres\/1713-monnaie-de-paris-pendentif-maman-je-t-aime-pour-toujours-argent.html\" target=\"_blank\" rel=\"noopener\">m\u00e9daille maman je t\u2019aime pour toujours,<\/a>\u00a0grav\u00e9e dans une typographie enfantine rappelant l\u2019\u00e9criture cursive que les petits apprennent\u00a0 \u00e0 l\u2019\u00e9cole.<\/p>\n<div>\n<div class=\"sdstags-update\"><span class=\"tags\"><b>tags:\u00a0<\/b><a href=\"https:\/\/www.marmottine.fr\/les-news-de-marmottine\/tag\/m%C3%A9daille-femme\">m\u00e9daille-femme<\/a><\/span><\/div>\n<\/div>\n<\/div>\n<\/div>\n<\/div>\n","protected":false},"excerpt":{"rendered":"<p>Le grand retour de la m\u00e9daille La m\u00e9daille, nouveau bijou tendance La\u00a0m\u00e9daille\u00a0a de beaux jours devant elle si l\u2019on en [&hellip;]<\/p>\n","protected":false},"author":5,"featured_media":1137,"parent":220,"menu_order":2,"comment_status":"closed","ping_status":"closed","template":"","meta":{"site-sidebar-layout":"default","site-content-layout":"","ast-site-content-layout":"default","site-content-style":"default","site-sidebar-style":"default","ast-global-header-display":"","ast-banner-title-visibility":"","ast-main-header-display":"","ast-hfb-above-header-display":"","ast-hfb-below-header-display":"","ast-hfb-mobile-header-display":"","site-post-title":"","ast-breadcrumbs-content":"","ast-featured-img":"","footer-sml-layout":"","theme-transparent-header-meta":"default","adv-header-id-meta":"","stick-header-meta":"","header-above-stick-meta":"","header-main-stick-meta":"","header-below-stick-meta":"","astra-migrate-meta-layouts":"set","ast-page-background-enabled":"default","ast-page-background-meta":{"desktop":{"background-color":"var(--ast-global-color-4)","background-image":"","background-repeat":"repeat","background-position":"center center","background-size":"auto","background-attachment":"scroll","background-type":"","background-media":"","overlay-type":"","overlay-color":"","overlay-gradient":""},"tablet":{"background-color":"","background-image":"","background-repeat":"repeat","background-position":"center center","background-size":"auto","background-attachment":"scroll","background-type":"","background-media":"","overlay-type":"","overlay-color":"","overlay-gradient":""},"mobile":{"background-color":"","background-image":"","background-repeat":"repeat","background-position":"center center","background-size":"auto","background-attachment":"scroll","background-type":"","background-media":"","overlay-type":"","overlay-color":"","overlay-gradient":""}},"ast-content-background-meta":{"desktop":{"background-color":"var(--ast-global-color-5)","background-image":"","background-repeat":"repeat","background-position":"center center","background-size":"auto","background-attachment":"scroll","background-type":"","background-media":"","overlay-type":"","overlay-color":"","overlay-gradient":""},"tablet":{"background-color":"var(--ast-global-color-5)","background-image":"","background-repeat":"repeat","background-position":"center center","background-size":"auto","background-attachment":"scroll","background-type":"","background-media":"","overlay-type":"","overlay-color":"","overlay-gradient":""},"mobile":{"background-color":"var(--ast-global-color-5)","background-image":"","background-repeat":"repeat","background-position":"center center","background-size":"auto","background-attachment":"scroll","background-type":"","background-media":"","overlay-type":"","overlay-color":"","overlay-gradient":""}},"footnotes":""},"aioseo_notices":[],"_links":{"self":[{"href":"https:\/\/www.marmottine.fr\/mag\/wp-json\/wp\/v2\/pages\/1136"}],"collection":[{"href":"https:\/\/www.marmottine.fr\/mag\/wp-json\/wp\/v2\/pages"}],"about":[{"href":"https:\/\/www.marmottine.fr\/mag\/wp-json\/wp\/v2\/types\/page"}],"author":[{"embeddable":true,"href":"https:\/\/www.marmottine.fr\/mag\/wp-json\/wp\/v2\/users\/5"}],"replies":[{"embeddable":true,"href":"https:\/\/www.marmottine.fr\/mag\/wp-json\/wp\/v2\/comments?post=1136"}],"version-history":[{"count":4,"href":"https:\/\/www.marmottine.fr\/mag\/wp-json\/wp\/v2\/pages\/1136\/revisions"}],"predecessor-version":[{"id":1299,"href":"https:\/\/www.marmottine.fr\/mag\/wp-json\/wp\/v2\/pages\/1136\/revisions\/1299"}],"up":[{"embeddable":true,"href":"https:\/\/www.marmottine.fr\/mag\/wp-json\/wp\/v2\/pages\/220"}],"wp:featuredmedia":[{"embeddable":true,"href":"https:\/\/www.marmottine.fr\/mag\/wp-json\/wp\/v2\/media\/1137"}],"wp:attachment":[{"href":"https:\/\/www.marmottine.fr\/mag\/wp-json\/wp\/v2\/media?parent=1136"}],"curies":[{"name":"wp","href":"https:\/\/api.w.org\/{rel}","templated":true}]}}