{"id":1126,"date":"2024-11-04T18:05:37","date_gmt":"2024-11-04T17:05:37","guid":{"rendered":"https:\/\/www.marmottine.fr\/mag\/?page_id=1126"},"modified":"2024-11-04T18:05:37","modified_gmt":"2024-11-04T17:05:37","slug":"larbre-de-vie-envahit-la-bijouterie","status":"publish","type":"page","link":"https:\/\/www.marmottine.fr\/mag\/guides\/bijoux-personnalises\/forme\/arbre-de-vie\/larbre-de-vie-envahit-la-bijouterie","title":{"rendered":"L\u2019arbre de vie envahit la bijouterie !"},"content":{"rendered":"<h1><span class=\"ez-toc-section\" id=\"Larbre_de_vie_envahit_la_bijouterie\"><\/span>L\u2019arbre de vie envahit la bijouterie !<span class=\"ez-toc-section-end\"><\/span><\/h1><div id=\"ez-toc-container\" class=\"ez-toc-v2_0_69_1 counter-hierarchy ez-toc-counter ez-toc-grey ez-toc-container-direction\">\n<div class=\"ez-toc-title-container\">\n<p class=\"ez-toc-title\" style=\"cursor:inherit\">Sommaire<\/p>\n<span class=\"ez-toc-title-toggle\"><a href=\"#\" class=\"ez-toc-pull-right ez-toc-btn ez-toc-btn-xs ez-toc-btn-default ez-toc-toggle\" aria-label=\"Toggle Table of Content\"><span class=\"ez-toc-js-icon-con\"><span class=\"\"><span class=\"eztoc-hide\" style=\"display:none;\">Toggle<\/span><span class=\"ez-toc-icon-toggle-span\"><svg style=\"fill: #999;color:#999\" xmlns=\"http:\/\/www.w3.org\/2000\/svg\" class=\"list-377408\" width=\"20px\" height=\"20px\" viewBox=\"0 0 24 24\" fill=\"none\"><path d=\"M6 6H4v2h2V6zm14 0H8v2h12V6zM4 11h2v2H4v-2zm16 0H8v2h12v-2zM4 16h2v2H4v-2zm16 0H8v2h12v-2z\" fill=\"currentColor\"><\/path><\/svg><svg style=\"fill: #999;color:#999\" class=\"arrow-unsorted-368013\" xmlns=\"http:\/\/www.w3.org\/2000\/svg\" width=\"10px\" height=\"10px\" viewBox=\"0 0 24 24\" version=\"1.2\" baseProfile=\"tiny\"><path d=\"M18.2 9.3l-6.2-6.3-6.2 6.3c-.2.2-.3.4-.3.7s.1.5.3.7c.2.2.4.3.7.3h11c.3 0 .5-.1.7-.3.2-.2.3-.5.3-.7s-.1-.5-.3-.7zM5.8 14.7l6.2 6.3 6.2-6.3c.2-.2.3-.5.3-.7s-.1-.5-.3-.7c-.2-.2-.4-.3-.7-.3h-11c-.3 0-.5.1-.7.3-.2.2-.3.5-.3.7s.1.5.3.7z\"\/><\/svg><\/span><\/span><\/span><\/a><\/span><\/div>\n<nav><ul class='ez-toc-list ez-toc-list-level-1 ' ><li class='ez-toc-page-1 ez-toc-heading-level-1'><a class=\"ez-toc-link ez-toc-heading-1\" href=\"https:\/\/www.marmottine.fr\/mag\/guides\/bijoux-personnalises\/forme\/arbre-de-vie\/larbre-de-vie-envahit-la-bijouterie\/#Larbre_de_vie_envahit_la_bijouterie\" title=\"L\u2019arbre de vie envahit la bijouterie !\">L\u2019arbre de vie envahit la bijouterie !<\/a><ul class='ez-toc-list-level-2' ><li class='ez-toc-heading-level-2'><a class=\"ez-toc-link ez-toc-heading-2\" href=\"https:\/\/www.marmottine.fr\/mag\/guides\/bijoux-personnalises\/forme\/arbre-de-vie\/larbre-de-vie-envahit-la-bijouterie\/#Quelle_est_la_signification_de_larbre_de_vie\" title=\"Quelle est la signification de l\u2019arbre de vie\u00a0?\">Quelle est la signification de l\u2019arbre de vie\u00a0?<\/a><\/li><li class='ez-toc-page-1 ez-toc-heading-level-2'><a class=\"ez-toc-link ez-toc-heading-3\" href=\"https:\/\/www.marmottine.fr\/mag\/guides\/bijoux-personnalises\/forme\/arbre-de-vie\/larbre-de-vie-envahit-la-bijouterie\/#A_qui_et_a_quelle_occasion_offrir_un_bijou_arbre_de_vie\" title=\"A qui et \u00e0 quelle occasion offrir un bijou arbre de vie\u00a0?\">A qui et \u00e0 quelle occasion offrir un bijou arbre de vie\u00a0?<\/a><\/li><li class='ez-toc-page-1 ez-toc-heading-level-2'><a class=\"ez-toc-link ez-toc-heading-4\" href=\"https:\/\/www.marmottine.fr\/mag\/guides\/bijoux-personnalises\/forme\/arbre-de-vie\/larbre-de-vie-envahit-la-bijouterie\/#Quel_modele_darbre_choisir_parmi_les_medailles_et_les_pendentifs_proposes\" title=\"Quel mod\u00e8le d\u2019arbre choisir parmi les m\u00e9dailles et les pendentifs propos\u00e9s\u00a0?\">Quel mod\u00e8le d\u2019arbre choisir parmi les m\u00e9dailles et les pendentifs propos\u00e9s\u00a0?<\/a><\/li><\/ul><\/li><\/ul><\/nav><\/div>\n\n<p><img loading=\"lazy\" decoding=\"async\" class=\"alignnone wp-image-1127 size-full\" src=\"https:\/\/www.marmottine.fr\/mag\/wp-content\/uploads\/2024\/10\/L-arbre-de-vie-envahit-la-bijouterie-.jpg\" alt=\"\" width=\"700\" height=\"420\" srcset=\"https:\/\/www.marmottine.fr\/mag\/wp-content\/uploads\/2024\/10\/L-arbre-de-vie-envahit-la-bijouterie-.jpg 700w, https:\/\/www.marmottine.fr\/mag\/wp-content\/uploads\/2024\/10\/L-arbre-de-vie-envahit-la-bijouterie--300x180.jpg 300w\" sizes=\"(max-width: 700px) 100vw, 700px\" \/><\/p>\n<div class=\"articleContent\"><span style=\"font-size: 16px;\">Depuis quelques saisons, <a href=\"https:\/\/www.marmottine.fr\/mag\/guides\/bijoux-personnalises\/forme\/arbre-de-vie\">l\u2019arbre de vie<\/a> est devenu un symbole \u00e0 la mode qui a investi les collections de bijoux, que ce soit en bijouterie fantaisie, en bijouterie classique ou en joaillerie. Marmottine a d\u00e9crypt\u00e9 ce ph\u00e9nom\u00e8ne qui n\u2019est pas pr\u00eat de s\u2019arr\u00eater.<\/span><\/div>\n<div>\n<div class=\"sdsarticle-des\">\n<div class=\"e-content\">\n<h2><span class=\"ez-toc-section\" id=\"Quelle_est_la_signification_de_larbre_de_vie\"><\/span>Quelle est la signification de l\u2019arbre de vie\u00a0?<span class=\"ez-toc-section-end\"><\/span><\/h2>\n<p>Symbole la\u00efque, l\u2019arbre de vie repr\u00e9sente une succession de m\u00e9taphores et rev\u00eat plusieurs significations. Chaque partie de l\u2019arbre renvoie \u00e0 une symbolique forte.<\/p>\n<p>Les racines de l\u2019arbre \u00e9voquent l\u2019importance de ses origines, de son patrimoine culturel et de son ADN. Elles sont le symbole de notre ancrage dans la vie.<\/p>\n<p>Le tronc, qu\u2019il soit large et puissant, ou fin et souple, renvoie \u00e0 la solidit\u00e9, la droiture, la fiabilit\u00e9 du chemin de la vie.<\/p>\n<p>Les branches qui s\u2019\u00e9l\u00e8vent vers le ciel sont autant de ramifications qui \u00e9voquent les diff\u00e9rents chemins de la vie, les directions que nous prenons, volontairement ou non, et qui nous font avancer.<\/p>\n<p>Les feuilles sont autant d\u2019exp\u00e9riences qui enrichissent le parcours d\u2019une vie, des rencontres qui apparaissent et disparaissent, des amours qui naissent et se meurent, le renouveau aussi, \u00e0 chaque saison.<\/p>\n<p><a href=\"https:\/\/www.marmottine.fr\/lucas-lucor\/2456-pendentif-arbre-de-vie-or-jaune-18k-lucas-lucor.html\" target=\"_blank\" rel=\"noopener\"><img loading=\"lazy\" decoding=\"async\" src=\"https:\/\/www.marmottine.fr\/img\/cms\/ARBRE%20DE%20VIE\/arbre-de-vie-decoupe.jpg\" alt=\"\" width=\"700\" height=\"420\" \/><\/a><\/p>\n<p>&nbsp;<\/p>\n<h2><span class=\"ez-toc-section\" id=\"A_qui_et_a_quelle_occasion_offrir_un_bijou_arbre_de_vie\"><\/span>A qui et \u00e0 quelle occasion offrir un bijou arbre de vie\u00a0?<span class=\"ez-toc-section-end\"><\/span><\/h2>\n<p>L\u2019arbre de vie est souvent choisi comme m\u00e9daille de bapt\u00eame, de la part des parrains et marraines, qui voient en lui un symbole fort \u00e0 transmettre \u00e0 leur filleul. R\u00e9cemment, une cliente nous confiait avoir choisi une m\u00e9daille arbre de vie pour sa filleule, grande pr\u00e9matur\u00e9e, pour qui les d\u00e9buts de vie furent difficiles, mais qui est devenue une fillette solide, pleine de vie et en bonne sant\u00e9. Sa m\u00e9daille lui correspond parfaitement\u00a0!<\/p>\n<p>Mais ce symbole n\u2019est pas l\u2019apanage des b\u00e9b\u00e9s et des enfants. Nous sommes r\u00e9guli\u00e8rement interrog\u00e9s par des adultes qui recherchent ce type de bijou pour les raisons \u00e9voqu\u00e9es plus haut\u00a0: l\u2019arbre envoie un message de solidit\u00e9, de droiture et de puissance qui correspond \u00e0 certaines personnes. Une de nos clientes a fait de l\u2019arbre le logo de son entreprise\u00a0car il correspondait \u00e0 ses valeurs qu\u2019elle souhaitait v\u00e9hiculer dans son business. Nous lui avons cr\u00e9\u00e9 un pendentif arbre de vie correspondant.<\/p>\n<p>R\u00e9cemment, une maman recherchait une m\u00e9daille arbre de vie avec les pr\u00e9noms de ses enfants grav\u00e9s, car pour elle l\u2019arbre repr\u00e9sentait sa structure familiale, et les branches, sa fratrie. Nous lui avons r\u00e9alis\u00e9 un mod\u00e8le sur-mesure en or blanc, qui ne ressemble \u00e0 aucun autre.<\/p>\n<p><a href=\"https:\/\/www.marmottine.fr\/lucas-lucor\/2324-medaille-arbre-de-vie-colombe-or-jaune-18k-lucas-lucor.html\"><img loading=\"lazy\" decoding=\"async\" src=\"https:\/\/www.marmottine.fr\/img\/cms\/ARBRE%20DE%20VIE\/arbre-de-vie-colombe.jpg\" alt=\"\" width=\"700\" height=\"420\" \/><\/a><\/p>\n<h2><span class=\"ez-toc-section\" id=\"Quel_modele_darbre_choisir_parmi_les_medailles_et_les_pendentifs_proposes\"><\/span><b>Quel mod\u00e8le d\u2019arbre choisir parmi les m\u00e9dailles et les pendentifs propos\u00e9s\u00a0?<\/b><span class=\"ez-toc-section-end\"><\/span><\/h2>\n<p>La grande vari\u00e9t\u00e9 des mod\u00e8les s\u2019adapte \u00e0 chaque situation.<\/p>\n<p>La mati\u00e8re a son importance. En argent, le plus abordable, le bijou correspondra \u00e0 un cadeau simple, offert \u00e0 l\u2019occasion d\u2019un anniversaire par exemple. En or, 9k ou 18k, il conviendra plus particuli\u00e8rement pour un \u00e9v\u00e9nement important comme un bapt\u00eame, une communion, un anniversaire embl\u00e9matique. Si l\u2019or jaune reste un grand classique, l\u2019or blanc (ou or gris) a de nombreux adeptes. Il est plus moderne, plus masculin, il sera souvent choisi pour faire un cadeau \u00e0 un gar\u00e7on.<\/p>\n<p>La nacre a fait son apparition chez la F\u00e9e Galipette par exemple, avec un mod\u00e8le d\u2019une rare finesse, mettant en sc\u00e8ne un arbre aux oiseaux enti\u00e8rement d\u00e9tour\u00e9 pos\u00e9 sur une nacre blanche.<\/p>\n<p>La taille guidera \u00e9galement votre choix\u00a0: une m\u00e9daille de bapt\u00eame mesurera entre 14 et 16 mm quand un m\u00e9daillon aura des proportions plus imposantes (entre 16 et 18 mm), et le pendentif pourra mesurer jusqu\u2019\u00e0 22 mm de diam\u00e8tre.<\/p>\n<p>Quant au dessin de l\u2019arbre, il en existe une multitude. Les cr\u00e9ateurs ont dessin\u00e9 des mod\u00e8les tr\u00e8s vari\u00e9s qui correspondent \u00e0 des styles tr\u00e8s diff\u00e9rents. S\u2019ils sont classiques et figuratifs \u00e0 la Monnaie de Paris, ils seront plus modernes et \u00e9pur\u00e9s chez le cr\u00e9ateur Mikado ou encore JeT\u2019Ador, avec un jeu des mati\u00e8res int\u00e9ressant (surfaces polies et bross\u00e9es m\u00e9lang\u00e9es, parties d\u00e9tour\u00e9es). Le cr\u00e9ateur de m\u00e9dailles de bapt\u00eame Augis est encore plus audacieux\u00a0: il transforme les feuilles en c\u0153urs, ajoute des animaux (des oiseaux, des colombes, des biches) tout en proposant des mod\u00e8les tr\u00e8s classiques.<\/p>\n<p><a href=\"https:\/\/www.marmottine.fr\/medailles-laiques\/2262-medaille-arbre-de-vie-oiseau-or-jaune-augis.html\" target=\"_blank\" rel=\"noopener\"><img loading=\"lazy\" decoding=\"async\" src=\"https:\/\/www.marmottine.fr\/img\/cms\/ARBRE%20DE%20VIE\/arbre-de-vie-oiseau.jpg\" alt=\"\" width=\"700\" height=\"420\" \/><\/a><\/p>\n<p>D\u00e9nichez votre\u00a0<strong><a href=\"https:\/\/www.marmottine.fr\/227-medaille-arbre\" target=\"_blank\" rel=\"noopener\">m\u00e9daille arbre de vie<\/a><\/strong>\u00a0parmi notre s\u00e9lection et n\u2019h\u00e9sitez pas \u00e0 nous demander conseil pour choisir la v\u00f4tre\u00a0!<\/p>\n<\/div>\n<\/div>\n<\/div>\n","protected":false},"excerpt":{"rendered":"<p>L\u2019arbre de vie envahit la bijouterie ! Depuis quelques saisons, l\u2019arbre de vie est devenu un symbole \u00e0 la mode [&hellip;]<\/p>\n","protected":false},"author":5,"featured_media":1127,"parent":122,"menu_order":0,"comment_status":"closed","ping_status":"closed","template":"","meta":{"site-sidebar-layout":"default","site-content-layout":"","ast-site-content-layout":"default","site-content-style":"default","site-sidebar-style":"default","ast-global-header-display":"","ast-banner-title-visibility":"","ast-main-header-display":"","ast-hfb-above-header-display":"","ast-hfb-below-header-display":"","ast-hfb-mobile-header-display":"","site-post-title":"","ast-breadcrumbs-content":"","ast-featured-img":"","footer-sml-layout":"","theme-transparent-header-meta":"default","adv-header-id-meta":"","stick-header-meta":"","header-above-stick-meta":"","header-main-stick-meta":"","header-below-stick-meta":"","astra-migrate-meta-layouts":"set","ast-page-background-enabled":"default","ast-page-background-meta":{"desktop":{"background-color":"var(--ast-global-color-4)","background-image":"","background-repeat":"repeat","background-position":"center center","background-size":"auto","background-attachment":"scroll","background-type":"","background-media":"","overlay-type":"","overlay-color":"","overlay-gradient":""},"tablet":{"background-color":"","background-image":"","background-repeat":"repeat","background-position":"center center","background-size":"auto","background-attachment":"scroll","background-type":"","background-media":"","overlay-type":"","overlay-color":"","overlay-gradient":""},"mobile":{"background-color":"","background-image":"","background-repeat":"repeat","background-position":"center center","background-size":"auto","background-attachment":"scroll","background-type":"","background-media":"","overlay-type":"","overlay-color":"","overlay-gradient":""}},"ast-content-background-meta":{"desktop":{"background-color":"var(--ast-global-color-5)","background-image":"","background-repeat":"repeat","background-position":"center center","background-size":"auto","background-attachment":"scroll","background-type":"","background-media":"","overlay-type":"","overlay-color":"","overlay-gradient":""},"tablet":{"background-color":"var(--ast-global-color-5)","background-image":"","background-repeat":"repeat","background-position":"center center","background-size":"auto","background-attachment":"scroll","background-type":"","background-media":"","overlay-type":"","overlay-color":"","overlay-gradient":""},"mobile":{"background-color":"var(--ast-global-color-5)","background-image":"","background-repeat":"repeat","background-position":"center center","background-size":"auto","background-attachment":"scroll","background-type":"","background-media":"","overlay-type":"","overlay-color":"","overlay-gradient":""}},"footnotes":""},"aioseo_notices":[],"_links":{"self":[{"href":"https:\/\/www.marmottine.fr\/mag\/wp-json\/wp\/v2\/pages\/1126"}],"collection":[{"href":"https:\/\/www.marmottine.fr\/mag\/wp-json\/wp\/v2\/pages"}],"about":[{"href":"https:\/\/www.marmottine.fr\/mag\/wp-json\/wp\/v2\/types\/page"}],"author":[{"embeddable":true,"href":"https:\/\/www.marmottine.fr\/mag\/wp-json\/wp\/v2\/users\/5"}],"replies":[{"embeddable":true,"href":"https:\/\/www.marmottine.fr\/mag\/wp-json\/wp\/v2\/comments?post=1126"}],"version-history":[{"count":2,"href":"https:\/\/www.marmottine.fr\/mag\/wp-json\/wp\/v2\/pages\/1126\/revisions"}],"predecessor-version":[{"id":1259,"href":"https:\/\/www.marmottine.fr\/mag\/wp-json\/wp\/v2\/pages\/1126\/revisions\/1259"}],"up":[{"embeddable":true,"href":"https:\/\/www.marmottine.fr\/mag\/wp-json\/wp\/v2\/pages\/122"}],"wp:featuredmedia":[{"embeddable":true,"href":"https:\/\/www.marmottine.fr\/mag\/wp-json\/wp\/v2\/media\/1127"}],"wp:attachment":[{"href":"https:\/\/www.marmottine.fr\/mag\/wp-json\/wp\/v2\/media?parent=1126"}],"curies":[{"name":"wp","href":"https:\/\/api.w.org\/{rel}","templated":true}]}}