{"id":1105,"date":"2024-11-04T18:10:23","date_gmt":"2024-11-04T17:10:23","guid":{"rendered":"https:\/\/www.marmottine.fr\/mag\/?page_id=1105"},"modified":"2024-11-04T18:10:23","modified_gmt":"2024-11-04T17:10:23","slug":"les-bijoux-personnalises-de-loupidou-joaillier-affectif","status":"publish","type":"page","link":"https:\/\/www.marmottine.fr\/mag\/guides\/bijoux-personnalises\/par-marque\/les-bijoux-personnalises-de-loupidou-joaillier-affectif","title":{"rendered":"Les bijoux personnalis\u00e9s de Loupidou, joaillier affectif"},"content":{"rendered":"<h1 class=\"page-item-title\"><span class=\"ez-toc-section\" id=\"Les_bijoux_personnalises_de_Loupidou_joaillier_affectif\"><\/span>Les bijoux personnalis\u00e9s de Loupidou, joaillier affectif<span class=\"ez-toc-section-end\"><\/span><\/h1><div id=\"ez-toc-container\" class=\"ez-toc-v2_0_69_1 counter-hierarchy ez-toc-counter ez-toc-grey ez-toc-container-direction\">\n<div class=\"ez-toc-title-container\">\n<p class=\"ez-toc-title\" style=\"cursor:inherit\">Sommaire<\/p>\n<span class=\"ez-toc-title-toggle\"><a href=\"#\" class=\"ez-toc-pull-right ez-toc-btn ez-toc-btn-xs ez-toc-btn-default ez-toc-toggle\" aria-label=\"Toggle Table of Content\"><span class=\"ez-toc-js-icon-con\"><span class=\"\"><span class=\"eztoc-hide\" style=\"display:none;\">Toggle<\/span><span class=\"ez-toc-icon-toggle-span\"><svg style=\"fill: #999;color:#999\" xmlns=\"http:\/\/www.w3.org\/2000\/svg\" class=\"list-377408\" width=\"20px\" height=\"20px\" viewBox=\"0 0 24 24\" fill=\"none\"><path d=\"M6 6H4v2h2V6zm14 0H8v2h12V6zM4 11h2v2H4v-2zm16 0H8v2h12v-2zM4 16h2v2H4v-2zm16 0H8v2h12v-2z\" fill=\"currentColor\"><\/path><\/svg><svg style=\"fill: #999;color:#999\" class=\"arrow-unsorted-368013\" xmlns=\"http:\/\/www.w3.org\/2000\/svg\" width=\"10px\" height=\"10px\" viewBox=\"0 0 24 24\" version=\"1.2\" baseProfile=\"tiny\"><path d=\"M18.2 9.3l-6.2-6.3-6.2 6.3c-.2.2-.3.4-.3.7s.1.5.3.7c.2.2.4.3.7.3h11c.3 0 .5-.1.7-.3.2-.2.3-.5.3-.7s-.1-.5-.3-.7zM5.8 14.7l6.2 6.3 6.2-6.3c.2-.2.3-.5.3-.7s-.1-.5-.3-.7c-.2-.2-.4-.3-.7-.3h-11c-.3 0-.5.1-.7.3-.2.2-.3.5-.3.7s.1.5.3.7z\"\/><\/svg><\/span><\/span><\/span><\/a><\/span><\/div>\n<nav><ul class='ez-toc-list ez-toc-list-level-1 ' ><li class='ez-toc-page-1 ez-toc-heading-level-1'><a class=\"ez-toc-link ez-toc-heading-1\" href=\"https:\/\/www.marmottine.fr\/mag\/guides\/bijoux-personnalises\/par-marque\/les-bijoux-personnalises-de-loupidou-joaillier-affectif\/#Les_bijoux_personnalises_de_Loupidou_joaillier_affectif\" title=\"Les bijoux personnalis\u00e9s de Loupidou, joaillier affectif\">Les bijoux personnalis\u00e9s de Loupidou, joaillier affectif<\/a><ul class='ez-toc-list-level-2' ><li class='ez-toc-heading-level-2'><a class=\"ez-toc-link ez-toc-heading-2\" href=\"https:\/\/www.marmottine.fr\/mag\/guides\/bijoux-personnalises\/par-marque\/les-bijoux-personnalises-de-loupidou-joaillier-affectif\/#Le_joaillier_affectif\" title=\"Le joaillier affectif\">Le joaillier affectif<\/a><\/li><li class='ez-toc-page-1 ez-toc-heading-level-2'><a class=\"ez-toc-link ez-toc-heading-3\" href=\"https:\/\/www.marmottine.fr\/mag\/guides\/bijoux-personnalises\/par-marque\/les-bijoux-personnalises-de-loupidou-joaillier-affectif\/#Des_bijoux_Made_in_France\" title=\"Des bijoux Made in France\">Des bijoux Made in France<\/a><\/li><li class='ez-toc-page-1 ez-toc-heading-level-2'><a class=\"ez-toc-link ez-toc-heading-4\" href=\"https:\/\/www.marmottine.fr\/mag\/guides\/bijoux-personnalises\/par-marque\/les-bijoux-personnalises-de-loupidou-joaillier-affectif\/#Des_bijoux_personnalises_pour_toute_la_famille\" title=\"Des bijoux personnalis\u00e9s pour toute la famille\">Des bijoux personnalis\u00e9s pour toute la famille<\/a><\/li><li class='ez-toc-page-1 ez-toc-heading-level-2'><a class=\"ez-toc-link ez-toc-heading-5\" href=\"https:\/\/www.marmottine.fr\/mag\/guides\/bijoux-personnalises\/par-marque\/les-bijoux-personnalises-de-loupidou-joaillier-affectif\/#Des_collections_de_bijoux_intemporelles\" title=\"Des collections de bijoux intemporelles\">Des collections de bijoux intemporelles<\/a><\/li><li class='ez-toc-page-1 ez-toc-heading-level-2'><a class=\"ez-toc-link ez-toc-heading-6\" href=\"https:\/\/www.marmottine.fr\/mag\/guides\/bijoux-personnalises\/par-marque\/les-bijoux-personnalises-de-loupidou-joaillier-affectif\/#Une_gravure_originale_deposee\" title=\"Une gravure originale d\u00e9pos\u00e9e\">Une gravure originale d\u00e9pos\u00e9e<\/a><\/li><\/ul><\/li><\/ul><\/nav><\/div>\n\n<p><img loading=\"lazy\" decoding=\"async\" class=\"alignnone wp-image-1106 size-full\" src=\"https:\/\/www.marmottine.fr\/mag\/wp-content\/uploads\/2024\/10\/Loupidou-cree-des-bijoux-personnalises-depuis.jpg\" alt=\"\" width=\"700\" height=\"420\" srcset=\"https:\/\/www.marmottine.fr\/mag\/wp-content\/uploads\/2024\/10\/Loupidou-cree-des-bijoux-personnalises-depuis.jpg 700w, https:\/\/www.marmottine.fr\/mag\/wp-content\/uploads\/2024\/10\/Loupidou-cree-des-bijoux-personnalises-depuis-300x180.jpg 300w\" sizes=\"(max-width: 700px) 100vw, 700px\" \/><\/p>\n<div class=\"articleContent\"><span style=\"font-size: 16px;\">Loupidou est une <a href=\"https:\/\/www.marmottine.fr\/mag\/guides\/bijoux-personnalises\/par-marque\">marque fran\u00e7aise de bijoux personnalis\u00e9s<\/a> pour toute la famille fond\u00e9e en 2000 \u00e0 Roanne, dans le centre de la France. Ses petits personnages personnalis\u00e9s par la gravure d\u2019un pr\u00e9nom, Lou et Oscar, ont fait sa renomm\u00e9e dans tout l\u2019hexagone. Nous avons rencontr\u00e9 son fondateur et son \u00e9quipe dans leur atelier du centre-ville. Ambiance studieuse et feutr\u00e9e c\u00f4t\u00e9 atelier, anim\u00e9e et active c\u00f4t\u00e9 boutique.<\/span><\/div>\n<div><\/div>\n<div>\n<div class=\"sdsarticle-des\">\n<div class=\"e-content\">\n<h2><span class=\"ez-toc-section\" id=\"Le_joaillier_affectif\"><\/span>Le joaillier affectif<span class=\"ez-toc-section-end\"><\/span><\/h2>\n<p>L\u2019histoire de\u00a0<strong><a href=\"https:\/\/www.marmottine.fr\/102-loupidou\">Loupidou<\/a><\/strong>\u00a0est une histoire de famille et d\u2019affection avant tout.\u00a0\u00a0Son cr\u00e9ateur Fran\u00e7ois Pidoux a imagin\u00e9 en 2000 un petit personnage repr\u00e9sentant la silhouette d\u2019une petite fille, directement inspir\u00e9 par sa fille Lou. Le mod\u00e8le Lou \u00e9tait n\u00e9, d\u00e9clin\u00e9 en argent et en or, en m\u00e9daille de cou et en bracelet. De Lou Pidoux \u00e0 Loupidou, il n\u2019y avait qu\u2019un pas qui fut franchi rapidement. Tr\u00e8s vite, le mod\u00e8le gar\u00e7on baptis\u00e9 Oscar fut cr\u00e9\u00e9, puis d\u2019autres mod\u00e8les aux formes na\u00efves inspir\u00e9es par l\u2019enfance\u00a0: la marguerite, le nounours et le c\u0153ur. Aujourd\u2019hui les gammes se sont \u00e9toff\u00e9es, avec des versions \u00ab\u00a0luxe\u00a0\u00bb empierr\u00e9es.<\/p>\n<h2><span class=\"ez-toc-section\" id=\"Des_bijoux_Made_in_France\"><\/span>Des bijoux Made in France<span class=\"ez-toc-section-end\"><\/span><\/h2>\n<p>Si Marmottine a craqu\u00e9 pour la marque Loupidou c\u2019est aussi pour sa fabrication fran\u00e7aise.<\/p>\n<p>La marque revendique une fabrication int\u00e9grale en France, dans sa boutique atelier du centre de Roanne. Nous nous sommes rendus dans l\u2019atelier et avons rencontr\u00e9 l\u2019\u00e9quipe. Dans une ambiance studieuse, les bijoux sont r\u00e9alis\u00e9s enti\u00e8rement \u00e0 la main. Les formes sont d\u00e9coup\u00e9es, polies, travaill\u00e9es, empierr\u00e9es, assembl\u00e9es par des mains expertes et passionn\u00e9es par leur m\u00e9tier. Cette fabrication int\u00e9gralement fran\u00e7aise est devenue rare et m\u00e9rite d\u2019\u00eatre soulign\u00e9e.<\/p>\n<h2><span class=\"ez-toc-section\" id=\"Des_bijoux_personnalises_pour_toute_la_famille\"><\/span>Des bijoux personnalis\u00e9s pour toute la famille<span class=\"ez-toc-section-end\"><\/span><\/h2>\n<p>Les bijoux Loupidou sont destin\u00e9s \u00e0 toute la famille\u00a0! Selon leur taille, les\u00a0\u00a0m\u00e9dailles Lou et Oscar conviendront aux b\u00e9b\u00e9s, aux enfants, aux ados, aux mamans, aux papas et aux grand-m\u00e8res\u00a0!\u00a0\u00a0Une m\u00e9daille 12 mm en or jaune\u00a0\u00a0fera un cadeau de naissance id\u00e9al pour un b\u00e9b\u00e9. Une m\u00e9daille de cou en or blanc rehauss\u00e9e d\u2019un diamant fera un cadeau de f\u00eate des m\u00e8res tr\u00e8s appr\u00e9ci\u00e9.\u00a0\u00a0Un bracelet cordon agr\u00e9ment\u00e9 d\u2019une m\u00e9daille 20 mm en argent ravira un papa poule. Nous avons m\u00eame\u00a0\u00a0r\u00e9alis\u00e9 sur-mesure pour une cliente un collier rehauss\u00e9\u00a0\u00a0de 3 personnages repr\u00e9sentant ses trois petits-enfants. Bracelet, pendentif, mais aussi porte-cl\u00e9s, sautoir ou encore m\u00e9daille de berceau\u00a0: tous les mod\u00e8les se d\u00e9clinent \u00e0 l\u2019infini.<\/p>\n<h2><span class=\"ez-toc-section\" id=\"Des_collections_de_bijoux_intemporelles\"><\/span>Des collections de bijoux intemporelles<span class=\"ez-toc-section-end\"><\/span><\/h2>\n<p>Depuis le d\u00e9but, le mod\u00e8le phare de Loupidou est le\u00a0<a href=\"https:\/\/www.marmottine.fr\/personnages-lou-et-oscar\/133-loupidou-bracelet-cordon-petite-fille-argent.html\">petit bracelet en cordon de satin<\/a>, du plus bel effet sur la peau, qui met en valeur le personnage personnalis\u00e9, qu\u2019il soit en argent ou en or. Au fil des ann\u00e9es, la marque a d\u00e9velopp\u00e9 des collections devenues intemporelles, en plus de la collection initiale sur cordons. Ainsi, la\u00a0collection la Parisienne, imagin\u00e9e sur des bracelets en maille m\u00e9tal, est-elle tr\u00e8s demand\u00e9e par nos clientes. La\u00a0<a href=\"https:\/\/www.marmottine.fr\/141-lucky-number\">collection Lucky <\/a>Number\u00a0quant \u00e0 elle pla\u00eet aux superstitieux. On a tous un chiffre f\u00e9tiche ou porte-bonheur, alors pourquoi pas l\u2019arborer fi\u00e8rement \u00e0 son poignet\u00a0!<\/p>\n<h2><span class=\"ez-toc-section\" id=\"Une_gravure_originale_deposee\"><\/span>Une gravure originale d\u00e9pos\u00e9e<span class=\"ez-toc-section-end\"><\/span><\/h2>\n<p>Si vous souhaitez une gravure pour personnaliser votre bijou Loupidou, ne soyez pas \u00e9tonn\u00e9 de d\u00e9couvrir sa particularit\u00e9\u00a0: les points ne sont pas sur les i, mais en dessous\u00a0! C\u2019est la garantie de l\u2019authenticit\u00e9 de votre gravure r\u00e9alis\u00e9e dans l\u2019atelier de Loupidou. Notre conseil\u00a0: plus la m\u00e9daille est petite, plus il est difficile de graver un pr\u00e9nom. Pensez \u00e0 ce d\u00e9tail avant de commander la taille de votre m\u00e9daille\u00a0!<\/p>\n<p>Cr\u00e9\u00e9e en l\u2019an 2000, Loupidou a d\u00e9marr\u00e9 le mill\u00e9naire avec succ\u00e8s et poursuit son ascension. L\u2019imagination de son fondateur et le savoir-faire de son \u00e9quipe laissent augurer de belles ann\u00e9es de cr\u00e9ation, toujours dans le respect de la tradition bijouti\u00e8re et joailli\u00e8re. Marmottine est fi\u00e8re d\u2019\u00eatre un revendeur officiel de cette jolie marque roannaise qui n\u2019a pas fini de nous \u00e9blouir\u00a0!<\/p>\n<p><img loading=\"lazy\" decoding=\"async\" src=\"https:\/\/www.marmottine.fr\/img\/cms\/LOUPIDOU\/2020-07-20-LOUPIDOU1.jpg\" alt=\"\" width=\"600\" height=\"600\" \/><\/p>\n<h2><img loading=\"lazy\" decoding=\"async\" src=\"https:\/\/www.marmottine.fr\/img\/cms\/LOUPIDOU\/2020-07-20-LOUPIDOU3.jpg\" alt=\"\" width=\"600\" height=\"600\" \/><\/h2>\n<h2><img loading=\"lazy\" decoding=\"async\" src=\"https:\/\/www.marmottine.fr\/img\/cms\/LOUPIDOU\/bracelet-parisienne-porte.jpg\" alt=\"\" width=\"599\" height=\"677\" \/><\/h2>\n<h2><img loading=\"lazy\" decoding=\"async\" src=\"https:\/\/www.marmottine.fr\/img\/cms\/LOUPIDOU\/lucky-number-photo.jpg\" alt=\"\" width=\"700\" height=\"778\" \/><\/h2>\n<h2><img loading=\"lazy\" decoding=\"async\" src=\"https:\/\/www.marmottine.fr\/img\/cms\/LOUPIDOU\/ABRALOU_ROSE.jpg\" alt=\"\" width=\"600\" height=\"559\" \/><\/h2>\n<p>&nbsp;<\/p>\n<\/div>\n<p><b>tags:\u00a0<\/b><a href=\"https:\/\/www.marmottine.fr\/les-news-de-marmottine\/tag\/loupidou\">loupidou<\/a>\u00a0<a href=\"https:\/\/www.marmottine.fr\/les-news-de-marmottine\/tag\/bijoux+personnalis%C3%A9s\">bijoux personnalis\u00e9s<\/a><\/p>\n<\/div>\n<\/div>\n","protected":false},"excerpt":{"rendered":"<p>Les bijoux personnalis\u00e9s de Loupidou, joaillier affectif Loupidou est une marque fran\u00e7aise de bijoux personnalis\u00e9s pour toute la famille fond\u00e9e [&hellip;]<\/p>\n","protected":false},"author":5,"featured_media":1106,"parent":647,"menu_order":5,"comment_status":"closed","ping_status":"closed","template":"","meta":{"site-sidebar-layout":"default","site-content-layout":"","ast-site-content-layout":"default","site-content-style":"default","site-sidebar-style":"default","ast-global-header-display":"","ast-banner-title-visibility":"","ast-main-header-display":"","ast-hfb-above-header-display":"","ast-hfb-below-header-display":"","ast-hfb-mobile-header-display":"","site-post-title":"","ast-breadcrumbs-content":"","ast-featured-img":"","footer-sml-layout":"","theme-transparent-header-meta":"default","adv-header-id-meta":"","stick-header-meta":"","header-above-stick-meta":"","header-main-stick-meta":"","header-below-stick-meta":"","astra-migrate-meta-layouts":"set","ast-page-background-enabled":"default","ast-page-background-meta":{"desktop":{"background-color":"var(--ast-global-color-4)","background-image":"","background-repeat":"repeat","background-position":"center center","background-size":"auto","background-attachment":"scroll","background-type":"","background-media":"","overlay-type":"","overlay-color":"","overlay-gradient":""},"tablet":{"background-color":"","background-image":"","background-repeat":"repeat","background-position":"center center","background-size":"auto","background-attachment":"scroll","background-type":"","background-media":"","overlay-type":"","overlay-color":"","overlay-gradient":""},"mobile":{"background-color":"","background-image":"","background-repeat":"repeat","background-position":"center center","background-size":"auto","background-attachment":"scroll","background-type":"","background-media":"","overlay-type":"","overlay-color":"","overlay-gradient":""}},"ast-content-background-meta":{"desktop":{"background-color":"var(--ast-global-color-5)","background-image":"","background-repeat":"repeat","background-position":"center center","background-size":"auto","background-attachment":"scroll","background-type":"","background-media":"","overlay-type":"","overlay-color":"","overlay-gradient":""},"tablet":{"background-color":"var(--ast-global-color-5)","background-image":"","background-repeat":"repeat","background-position":"center center","background-size":"auto","background-attachment":"scroll","background-type":"","background-media":"","overlay-type":"","overlay-color":"","overlay-gradient":""},"mobile":{"background-color":"var(--ast-global-color-5)","background-image":"","background-repeat":"repeat","background-position":"center center","background-size":"auto","background-attachment":"scroll","background-type":"","background-media":"","overlay-type":"","overlay-color":"","overlay-gradient":""}},"footnotes":""},"aioseo_notices":[],"_links":{"self":[{"href":"https:\/\/www.marmottine.fr\/mag\/wp-json\/wp\/v2\/pages\/1105"}],"collection":[{"href":"https:\/\/www.marmottine.fr\/mag\/wp-json\/wp\/v2\/pages"}],"about":[{"href":"https:\/\/www.marmottine.fr\/mag\/wp-json\/wp\/v2\/types\/page"}],"author":[{"embeddable":true,"href":"https:\/\/www.marmottine.fr\/mag\/wp-json\/wp\/v2\/users\/5"}],"replies":[{"embeddable":true,"href":"https:\/\/www.marmottine.fr\/mag\/wp-json\/wp\/v2\/comments?post=1105"}],"version-history":[{"count":5,"href":"https:\/\/www.marmottine.fr\/mag\/wp-json\/wp\/v2\/pages\/1105\/revisions"}],"predecessor-version":[{"id":1269,"href":"https:\/\/www.marmottine.fr\/mag\/wp-json\/wp\/v2\/pages\/1105\/revisions\/1269"}],"up":[{"embeddable":true,"href":"https:\/\/www.marmottine.fr\/mag\/wp-json\/wp\/v2\/pages\/647"}],"wp:featuredmedia":[{"embeddable":true,"href":"https:\/\/www.marmottine.fr\/mag\/wp-json\/wp\/v2\/media\/1106"}],"wp:attachment":[{"href":"https:\/\/www.marmottine.fr\/mag\/wp-json\/wp\/v2\/media?parent=1105"}],"curies":[{"name":"wp","href":"https:\/\/api.w.org\/{rel}","templated":true}]}}