{"id":1093,"date":"2024-11-04T18:26:23","date_gmt":"2024-11-04T17:26:23","guid":{"rendered":"https:\/\/www.marmottine.fr\/mag\/?page_id=1093"},"modified":"2024-11-04T18:27:50","modified_gmt":"2024-11-04T17:27:50","slug":"adoptez-le-pendentif-zodiaque-cest-la-tendance-du-moment","status":"publish","type":"page","link":"https:\/\/www.marmottine.fr\/mag\/guides\/bijoux-personnalises\/choisir\/pendentif-personnalise\/adoptez-le-pendentif-zodiaque-cest-la-tendance-du-moment","title":{"rendered":"Adoptez le pendentif zodiaque, c\u2019est la tendance du moment"},"content":{"rendered":"<h1><span class=\"ez-toc-section\" id=\"Adoptez_le_pendentif_zodiaque_cest_la_tendance_du_moment\"><\/span>Adoptez le pendentif zodiaque, c\u2019est la tendance du moment<span class=\"ez-toc-section-end\"><\/span><\/h1><div id=\"ez-toc-container\" class=\"ez-toc-v2_0_69_1 counter-hierarchy ez-toc-counter ez-toc-grey ez-toc-container-direction\">\n<div class=\"ez-toc-title-container\">\n<p class=\"ez-toc-title\" style=\"cursor:inherit\">Sommaire<\/p>\n<span class=\"ez-toc-title-toggle\"><a href=\"#\" class=\"ez-toc-pull-right ez-toc-btn ez-toc-btn-xs ez-toc-btn-default ez-toc-toggle\" aria-label=\"Toggle Table of Content\"><span class=\"ez-toc-js-icon-con\"><span class=\"\"><span class=\"eztoc-hide\" style=\"display:none;\">Toggle<\/span><span class=\"ez-toc-icon-toggle-span\"><svg style=\"fill: #999;color:#999\" xmlns=\"http:\/\/www.w3.org\/2000\/svg\" class=\"list-377408\" width=\"20px\" height=\"20px\" viewBox=\"0 0 24 24\" fill=\"none\"><path d=\"M6 6H4v2h2V6zm14 0H8v2h12V6zM4 11h2v2H4v-2zm16 0H8v2h12v-2zM4 16h2v2H4v-2zm16 0H8v2h12v-2z\" fill=\"currentColor\"><\/path><\/svg><svg style=\"fill: #999;color:#999\" class=\"arrow-unsorted-368013\" xmlns=\"http:\/\/www.w3.org\/2000\/svg\" width=\"10px\" height=\"10px\" viewBox=\"0 0 24 24\" version=\"1.2\" baseProfile=\"tiny\"><path d=\"M18.2 9.3l-6.2-6.3-6.2 6.3c-.2.2-.3.4-.3.7s.1.5.3.7c.2.2.4.3.7.3h11c.3 0 .5-.1.7-.3.2-.2.3-.5.3-.7s-.1-.5-.3-.7zM5.8 14.7l6.2 6.3 6.2-6.3c.2-.2.3-.5.3-.7s-.1-.5-.3-.7c-.2-.2-.4-.3-.7-.3h-11c-.3 0-.5.1-.7.3-.2.2-.3.5-.3.7s.1.5.3.7z\"\/><\/svg><\/span><\/span><\/span><\/a><\/span><\/div>\n<nav><ul class='ez-toc-list ez-toc-list-level-1 ' ><li class='ez-toc-page-1 ez-toc-heading-level-1'><a class=\"ez-toc-link ez-toc-heading-1\" href=\"https:\/\/www.marmottine.fr\/mag\/guides\/bijoux-personnalises\/choisir\/pendentif-personnalise\/adoptez-le-pendentif-zodiaque-cest-la-tendance-du-moment\/#Adoptez_le_pendentif_zodiaque_cest_la_tendance_du_moment\" title=\"Adoptez le pendentif zodiaque, c\u2019est la tendance du moment\">Adoptez le pendentif zodiaque, c\u2019est la tendance du moment<\/a><ul class='ez-toc-list-level-2' ><li class='ez-toc-heading-level-2'><a class=\"ez-toc-link ez-toc-heading-2\" href=\"https:\/\/www.marmottine.fr\/mag\/guides\/bijoux-personnalises\/choisir\/pendentif-personnalise\/adoptez-le-pendentif-zodiaque-cest-la-tendance-du-moment\/#Le_pendentif_zodiaque_le_bijou_quil_faut_avoir\" title=\"Le pendentif zodiaque : le bijou qu\u2019il faut avoir\">Le pendentif zodiaque : le bijou qu\u2019il faut avoir<\/a><\/li><li class='ez-toc-page-1 ez-toc-heading-level-2'><a class=\"ez-toc-link ez-toc-heading-3\" href=\"https:\/\/www.marmottine.fr\/mag\/guides\/bijoux-personnalises\/choisir\/pendentif-personnalise\/adoptez-le-pendentif-zodiaque-cest-la-tendance-du-moment\/#A_quelle_occasion_offrir_un_bijou_avec_le_signe_astrologique\" title=\"A quelle occasion offrir un bijou avec le signe astrologique\u00a0?\">A quelle occasion offrir un bijou avec le signe astrologique\u00a0?<\/a><\/li><li class='ez-toc-page-1 ez-toc-heading-level-2'><a class=\"ez-toc-link ez-toc-heading-4\" href=\"https:\/\/www.marmottine.fr\/mag\/guides\/bijoux-personnalises\/choisir\/pendentif-personnalise\/adoptez-le-pendentif-zodiaque-cest-la-tendance-du-moment\/#Quel_est_mon_signe_astrologique\" title=\"Quel est mon signe astrologique\u00a0?\">Quel est mon signe astrologique\u00a0?<\/a><\/li><li class='ez-toc-page-1 ez-toc-heading-level-2'><a class=\"ez-toc-link ez-toc-heading-5\" href=\"https:\/\/www.marmottine.fr\/mag\/guides\/bijoux-personnalises\/choisir\/pendentif-personnalise\/adoptez-le-pendentif-zodiaque-cest-la-tendance-du-moment\/#La_collection_de_pendentifs_Zodiaque_de_Marmottine_Bijoux\" title=\"La collection de pendentifs Zodiaque de Marmottine Bijoux\">La collection de pendentifs Zodiaque de Marmottine Bijoux<\/a><\/li><li class='ez-toc-page-1 ez-toc-heading-level-2'><a class=\"ez-toc-link ez-toc-heading-6\" href=\"https:\/\/www.marmottine.fr\/mag\/guides\/bijoux-personnalises\/choisir\/pendentif-personnalise\/adoptez-le-pendentif-zodiaque-cest-la-tendance-du-moment\/#La_collection_Astro_de_Mikado\" title=\"La collection Astro de Mikado\">La collection Astro de Mikado<\/a><\/li><li class='ez-toc-page-1 ez-toc-heading-level-2'><a class=\"ez-toc-link ez-toc-heading-7\" href=\"https:\/\/www.marmottine.fr\/mag\/guides\/bijoux-personnalises\/choisir\/pendentif-personnalise\/adoptez-le-pendentif-zodiaque-cest-la-tendance-du-moment\/#La_collection_de_medailles_signe_astrologique_Medicis\" title=\"La collection de m\u00e9dailles signe astrologique M\u00e9dicis\">La collection de m\u00e9dailles signe astrologique M\u00e9dicis<\/a><\/li><li class='ez-toc-page-1 ez-toc-heading-level-2'><a class=\"ez-toc-link ez-toc-heading-8\" href=\"https:\/\/www.marmottine.fr\/mag\/guides\/bijoux-personnalises\/choisir\/pendentif-personnalise\/adoptez-le-pendentif-zodiaque-cest-la-tendance-du-moment\/#La_medaille_constellation_et_ses_astres_lumineux\" title=\"La m\u00e9daille constellation\u00a0et ses astres lumineux\">La m\u00e9daille constellation\u00a0et ses astres lumineux<\/a><\/li><\/ul><\/li><\/ul><\/nav><\/div>\n\n<p><img loading=\"lazy\" decoding=\"async\" class=\"alignnone wp-image-1094 size-full\" src=\"https:\/\/www.marmottine.fr\/mag\/wp-content\/uploads\/2024\/10\/adoptez-le-pendentif-zodiaque.jpg\" alt=\"\" width=\"700\" height=\"420\" srcset=\"https:\/\/www.marmottine.fr\/mag\/wp-content\/uploads\/2024\/10\/adoptez-le-pendentif-zodiaque.jpg 700w, https:\/\/www.marmottine.fr\/mag\/wp-content\/uploads\/2024\/10\/adoptez-le-pendentif-zodiaque-300x180.jpg 300w\" sizes=\"(max-width: 700px) 100vw, 700px\" \/><\/p>\n<h2><span class=\"ez-toc-section\" id=\"Le_pendentif_zodiaque_le_bijou_quil_faut_avoir\"><\/span>Le pendentif zodiaque : le bijou qu\u2019il faut avoir<span class=\"ez-toc-section-end\"><\/span><\/h2>\n<p><a href=\"https:\/\/www.marmottine.fr\/mag\/guides\/bijoux-personnalises\/choisir\/pendentif-personnalise\">Impossible d\u2019avoir \u00e9chapp\u00e9 \u00e0 la tendance du moment<\/a>\u00a0: le\u00a0<strong>pendentif zodiaque<\/strong>\u00a0s\u2019affiche au cou des people comme un talisman. Comme Meghan Markle, qui\u00a0\u00a0porte fi\u00e8rement deux colliers avec les m\u00e9dailles du signe astrologique de son mari (le signe du zodiaque de la Vierge, le pince Harry \u00e9tant n\u00e9 le 15 septembre 1984) et de son fils (le signe du Taureau pour Archie, n\u00e9 le 6 mai 2019). Depuis quelques temps, toutes les marques de bijoux ont imagin\u00e9 des collections sur le th\u00e8me de l\u2019astrologie, plus originales les unes que les autres.<\/p>\n<p>C\u2019est une dr\u00f4le d\u2019histoire que celle des\u00a0<strong>bijoux astro<\/strong>\u00a0! En effet, ils ont longtemps \u00e9t\u00e9 oubli\u00e9s. Les mod\u00e8les que l\u2019on trouvait dans le commerce dataient des ann\u00e9es 70 et avaient bien vieilli\u2026 Ce sont les cr\u00e9ateurs de bijoux pour enfants qui les premiers\u00a0\u00a0ont repris ce th\u00e8me pour imaginer des collections de\u00a0<strong>m\u00e9daille zodiaque<\/strong>\u00a0pour petits, \u00e0 offrir comme m\u00e9daille de bapt\u00eame. Les signes astrologiques ont \u00e9t\u00e9 revisit\u00e9s de mani\u00e8re enfantine, imagin\u00e9s comme des dessins d\u2019enfant. Ces collections \u00e9taient les bienvenues \u00e0 une \u00e9poque o\u00f9 il est plus facile de porter un bijou la\u00efque sans signe religieux ostentatoire \u00e0 l\u2019\u00e9cole. La mode n\u2019\u00e9tant qu\u2019un \u00e9ternel recommencement, les bijoux astro ont ensuite fait leur apparition dans les collections de bijoux pour femme, principalement sur des m\u00e9dailles de cou, autre grande tendance depuis quelques saisons (voir notre article\u00a0:\u00a0<a href=\"https:\/\/www.marmottine.fr\/les-news-de-marmottine\/32_Le-grand-retour-de-la-m%C3%A9daille-\">le grand retour de la m\u00e9daille<\/a>). A la diff\u00e9rence des collections pass\u00e9es, les signes du zodiaque de ces nouvelles collections sont trait\u00e9s de mani\u00e8re plus ludique, avec un parti pris\u00a0\u00a0affich\u00e9 pour la mode.<\/p>\n<h2><span class=\"ez-toc-section\" id=\"A_quelle_occasion_offrir_un_bijou_avec_le_signe_astrologique\"><\/span>A quelle occasion offrir un bijou avec le signe astrologique\u00a0?<span class=\"ez-toc-section-end\"><\/span><\/h2>\n<p>Tous les \u00e9v\u00e9nements sont des opportunit\u00e9s pour offrir un bijou astro\u00a0!\u00a0\u00a0Les collections de bijoux\u00a0\u00a0(voir plus bas) s\u2019adressent \u00e0 tous, du berceau \u00e0 l\u2019\u00e2ge adulte. Les styles s\u2019adaptent aux circonstances\u00a0: des mod\u00e8les tr\u00e8s enfantins pour les b\u00e9b\u00e9s et les enfants, des mod\u00e8les tr\u00e8s modernes pour les ados, des mod\u00e8les tendance pour femme. La m\u00e9daille zodiaque est devenue un accessoire de mode\u00a0; elle est sortie de son carcan traditionnel qui la cantonnait \u00e0 la m\u00e9daille de cou pour b\u00e9b\u00e9 ou pour enfant. On offrira donc ais\u00e9ment une\u00a0<a href=\"https:\/\/www.marmottine.fr\/229-medaille-zodiaque\"><strong>m\u00e9daille zodiaque<\/strong><\/a>\u00a0\u00e0 un b\u00e9b\u00e9 \u00e0 l\u2019occasion de sa naissance ou de son bapt\u00eame, on l\u2019offrira aussi \u00e0 la maman qui portera le signe astrologique de son enfant, comme Meghan Markle. Mais elle fera un beau cadeau de communion ou d\u2019anniversaire pour une ado, et un joli bijou tendance et actuel pour une fashionista accro aux bijoux.<\/p>\n<h2><span class=\"ez-toc-section\" id=\"Quel_est_mon_signe_astrologique\"><\/span>Quel est mon signe astrologique\u00a0?<span class=\"ez-toc-section-end\"><\/span><\/h2>\n<p>Avant de choisir votre bijou, v\u00e9rifiez bien quel est votre signe astrologique ou celui de la personne pour qui le bijou est destin\u00e9\u00a0! Sachez \u00e9galement que chaque signe du zodiaque correspond \u00e0 un trait de caract\u00e8re, ce qui rend ces bijoux encore plus personnels.<\/p>\n<p>B\u00e9lier ( 21 mars \u2013 20 avril)\u00a0: c\u2019est le signe du printemps, de la nature qui renait. Les B\u00e9lier sont \u00e9nergiques, vigoureux et volontaires.<\/p>\n<p>Taureau (21 avril \u2013 20 mai)\u00a0: sensuel et \u00e9picurien, le Taureau a une force de travail impressionnante.<\/p>\n<p>G\u00e9meaux (21 mai &#8211; 21 juin)\u00a0: Les G\u00e9meaux voient en double et sont tourn\u00e9s vers les autres\u00a0; ils sont dou\u00e9s pour la communication et les \u00e9changes.<\/p>\n<p>Cancer (22 juin \u2013 22 juillet)\u00a0: Timide et sensible, le cancer avance doucement avec t\u00e9nacit\u00e9.<\/p>\n<p>Lion (23 juillet \u2013 22 ao\u00fbt)\u00a0: Tel le roi des animaux, le lion domine son monde avec une force tranquille emprunte de confiance.<\/p>\n<p>Vierge (23 ao\u00fbt \u2013 22 septembre)\u00a0: il existe deux vierges, la vierge folle et la vierge sage, mais toutes deux sont m\u00e9thodiques, travailleuses et consciencieuses.<\/p>\n<p>Balance (23 septembre \u2013 22 octobre)\u00a0: c\u2019est le signe de l\u2019\u00e9quilibre, \u00e0 mi-chemin entre l\u2019audace et la retenue.<\/p>\n<p>Scorpion (23 octobre \u2013 22 novembre)\u00a0: associ\u00e9 \u00e0 la mort, le scorpion lutte et r\u00e9siste avec force.<\/p>\n<p>Sagittaire ( 23 novembre \u2013 21 d\u00e9cembre)\u00a0: associ\u00e9 \u00e0 la chasse, par opposition au travail de la terre, le sagittaire est ind\u00e9pendant et en perp\u00e9tuel mouvement.<\/p>\n<p>Capricorne (22 d\u00e9cembre \u2013 20 janvier)\u00a0: v\u00e9ritable ing\u00e9nieur, le capricorne avance prudemment avec pers\u00e9v\u00e9rance sur des travaux \u00e0 long terme.<\/p>\n<p>Verseau\u00a0(21 janvier \u2013 19 f\u00e9vrier)\u00a0: r\u00e9solument tourn\u00e9 vers les autres et vers l\u2019avenir, le verseau est solidaire et altruiste.<\/p>\n<p>Poissons (20 f\u00e9vrier \u2013 20 mars)\u00a0: de nature mall\u00e9able et impressionnable, les poissons sont ouverts \u00e0 toutes les surprises de la vie.<\/p>\n<h2><span class=\"ez-toc-section\" id=\"La_collection_de_pendentifs_Zodiaque_de_Marmottine_Bijoux\"><\/span>La collection de pendentifs Zodiaque de Marmottine Bijoux<span class=\"ez-toc-section-end\"><\/span><\/h2>\n<p>Destin\u00e9e aux b\u00e9b\u00e9s et aux enfants, la collection de\u00a0<a href=\"https:\/\/www.marmottine.fr\/160-pendentifs-zodiaque\">pendentifs Zodiaque<\/a>\u00a0semble dessin\u00e9e par des enfants. Chaque signe est repr\u00e9sent\u00e9 par un dessin na\u00eff. Originale et inattendue, cette collection est parfaite pour faire un cadeau de naissance ou de bapt\u00eame \u00e0 un tout petit. Le signe astrologique est \u00e0 la fois tr\u00e8s personnel et diff\u00e9renciant.<\/p>\n<h2><span class=\"ez-toc-section\" id=\"La_collection_Astro_de_Mikado\"><\/span>La collection Astro de Mikado<span class=\"ez-toc-section-end\"><\/span><\/h2>\n<p>Fid\u00e8le \u00e0 son style tr\u00e8s \u00e9pur\u00e9, la marque MIKADO a imagin\u00e9\u00a0<a href=\"https:\/\/www.marmottine.fr\/74-astro\">Astro<\/a>, une collection compl\u00e8te de pendentifs zodiaque sur plaque double\u00a0: sur la premi\u00e8re le signe astrologique est d\u00e9tour\u00e9, la seconde est lisse, permettant de graver un pr\u00e9nom et une date. Sur cordon pour un look tr\u00e8s actuel, les pendentifs se d\u00e9clinent en argent, en or jaune, or jaune, or rose, et m\u00eame avec un diamant.<\/p>\n<h2><span class=\"ez-toc-section\" id=\"La_collection_de_medailles_signe_astrologique_Medicis\"><\/span>La collection de m\u00e9dailles signe astrologique M\u00e9dicis<span class=\"ez-toc-section-end\"><\/span><\/h2>\n<p>Comme une ancienne pi\u00e8ce de monnaie antique frapp\u00e9e artisanalement et que le temps aurait patin\u00e9e, la m\u00e9daille M\u00e9dicis \u00e9voque un bijou ancien que l\u2019on se transmet de m\u00e8re en fille. Chaque signe astrologique est\u00a0\u00a0dessin\u00e9 en relief de mani\u00e8re tr\u00e8s figurative. Ce mod\u00e8le conviendra aux ados et aux adultes.<\/p>\n<h2><span class=\"ez-toc-section\" id=\"La_medaille_constellation_et_ses_astres_lumineux\"><\/span>La m\u00e9daille constellation\u00a0et ses astres lumineux<span class=\"ez-toc-section-end\"><\/span><\/h2>\n<p>Chaque signe astrologique correspond \u00e0 un th\u00e8me astral et une position pr\u00e9cise des \u00e9toiles. La collection Constellation reprend ce th\u00e8me sur des m\u00e9dailles en plaqu\u00e9 or o\u00f9 les \u00e9toiles sont symbolis\u00e9es par des zircons. Cette version tr\u00e8s fantaisie du bijou astro est un incontournable du moment. Les zircons apportent une touche \u00ab\u00a0glitter\u00a0\u00bb du plus bel effet\u00a0! Les m\u00e9dailles se portent en collier ou en sautoir, superpos\u00e9es sur d\u2019autres colliers et pendentifs, une mani\u00e8re tr\u00e8s ann\u00e9es 20 de porter ses colliers.<\/p>\n","protected":false},"excerpt":{"rendered":"<p>Adoptez le pendentif zodiaque, c\u2019est la tendance du moment Le pendentif zodiaque : le bijou qu\u2019il faut avoir Impossible d\u2019avoir [&hellip;]<\/p>\n","protected":false},"author":5,"featured_media":1094,"parent":222,"menu_order":0,"comment_status":"closed","ping_status":"closed","template":"","meta":{"site-sidebar-layout":"default","site-content-layout":"","ast-site-content-layout":"default","site-content-style":"default","site-sidebar-style":"default","ast-global-header-display":"","ast-banner-title-visibility":"","ast-main-header-display":"","ast-hfb-above-header-display":"","ast-hfb-below-header-display":"","ast-hfb-mobile-header-display":"","site-post-title":"","ast-breadcrumbs-content":"","ast-featured-img":"","footer-sml-layout":"","theme-transparent-header-meta":"default","adv-header-id-meta":"","stick-header-meta":"","header-above-stick-meta":"","header-main-stick-meta":"","header-below-stick-meta":"","astra-migrate-meta-layouts":"set","ast-page-background-enabled":"default","ast-page-background-meta":{"desktop":{"background-color":"var(--ast-global-color-4)","background-image":"","background-repeat":"repeat","background-position":"center center","background-size":"auto","background-attachment":"scroll","background-type":"","background-media":"","overlay-type":"","overlay-color":"","overlay-gradient":""},"tablet":{"background-color":"","background-image":"","background-repeat":"repeat","background-position":"center center","background-size":"auto","background-attachment":"scroll","background-type":"","background-media":"","overlay-type":"","overlay-color":"","overlay-gradient":""},"mobile":{"background-color":"","background-image":"","background-repeat":"repeat","background-position":"center center","background-size":"auto","background-attachment":"scroll","background-type":"","background-media":"","overlay-type":"","overlay-color":"","overlay-gradient":""}},"ast-content-background-meta":{"desktop":{"background-color":"var(--ast-global-color-5)","background-image":"","background-repeat":"repeat","background-position":"center center","background-size":"auto","background-attachment":"scroll","background-type":"","background-media":"","overlay-type":"","overlay-color":"","overlay-gradient":""},"tablet":{"background-color":"var(--ast-global-color-5)","background-image":"","background-repeat":"repeat","background-position":"center center","background-size":"auto","background-attachment":"scroll","background-type":"","background-media":"","overlay-type":"","overlay-color":"","overlay-gradient":""},"mobile":{"background-color":"var(--ast-global-color-5)","background-image":"","background-repeat":"repeat","background-position":"center center","background-size":"auto","background-attachment":"scroll","background-type":"","background-media":"","overlay-type":"","overlay-color":"","overlay-gradient":""}},"footnotes":""},"aioseo_notices":[],"_links":{"self":[{"href":"https:\/\/www.marmottine.fr\/mag\/wp-json\/wp\/v2\/pages\/1093"}],"collection":[{"href":"https:\/\/www.marmottine.fr\/mag\/wp-json\/wp\/v2\/pages"}],"about":[{"href":"https:\/\/www.marmottine.fr\/mag\/wp-json\/wp\/v2\/types\/page"}],"author":[{"embeddable":true,"href":"https:\/\/www.marmottine.fr\/mag\/wp-json\/wp\/v2\/users\/5"}],"replies":[{"embeddable":true,"href":"https:\/\/www.marmottine.fr\/mag\/wp-json\/wp\/v2\/comments?post=1093"}],"version-history":[{"count":3,"href":"https:\/\/www.marmottine.fr\/mag\/wp-json\/wp\/v2\/pages\/1093\/revisions"}],"predecessor-version":[{"id":1291,"href":"https:\/\/www.marmottine.fr\/mag\/wp-json\/wp\/v2\/pages\/1093\/revisions\/1291"}],"up":[{"embeddable":true,"href":"https:\/\/www.marmottine.fr\/mag\/wp-json\/wp\/v2\/pages\/222"}],"wp:featuredmedia":[{"embeddable":true,"href":"https:\/\/www.marmottine.fr\/mag\/wp-json\/wp\/v2\/media\/1094"}],"wp:attachment":[{"href":"https:\/\/www.marmottine.fr\/mag\/wp-json\/wp\/v2\/media?parent=1093"}],"curies":[{"name":"wp","href":"https:\/\/api.w.org\/{rel}","templated":true}]}}