{"id":1084,"date":"2024-11-04T18:23:47","date_gmt":"2024-11-04T17:23:47","guid":{"rendered":"https:\/\/www.marmottine.fr\/mag\/?page_id=1084"},"modified":"2024-11-04T18:23:47","modified_gmt":"2024-11-04T17:23:47","slug":"le-bracelet-jonc-pour-toute-la-famille","status":"publish","type":"page","link":"https:\/\/www.marmottine.fr\/mag\/guides\/bijoux-personnalises\/choisir\/bracelet-personnalise\/le-bracelet-jonc-pour-toute-la-famille","title":{"rendered":"Le bracelet jonc pour toute la famille !"},"content":{"rendered":"<h1 class=\"page-item-title\"><span class=\"ez-toc-section\" id=\"Le_bracelet_jonc_pour_toute_la_famille\"><\/span>Le bracelet jonc pour toute la famille !<span class=\"ez-toc-section-end\"><\/span><\/h1><div id=\"ez-toc-container\" class=\"ez-toc-v2_0_69_1 counter-hierarchy ez-toc-counter ez-toc-grey ez-toc-container-direction\">\n<div class=\"ez-toc-title-container\">\n<p class=\"ez-toc-title\" style=\"cursor:inherit\">Sommaire<\/p>\n<span class=\"ez-toc-title-toggle\"><a href=\"#\" class=\"ez-toc-pull-right ez-toc-btn ez-toc-btn-xs ez-toc-btn-default ez-toc-toggle\" aria-label=\"Toggle Table of Content\"><span class=\"ez-toc-js-icon-con\"><span class=\"\"><span class=\"eztoc-hide\" style=\"display:none;\">Toggle<\/span><span class=\"ez-toc-icon-toggle-span\"><svg style=\"fill: #999;color:#999\" xmlns=\"http:\/\/www.w3.org\/2000\/svg\" class=\"list-377408\" width=\"20px\" height=\"20px\" viewBox=\"0 0 24 24\" fill=\"none\"><path d=\"M6 6H4v2h2V6zm14 0H8v2h12V6zM4 11h2v2H4v-2zm16 0H8v2h12v-2zM4 16h2v2H4v-2zm16 0H8v2h12v-2z\" fill=\"currentColor\"><\/path><\/svg><svg style=\"fill: #999;color:#999\" class=\"arrow-unsorted-368013\" xmlns=\"http:\/\/www.w3.org\/2000\/svg\" width=\"10px\" height=\"10px\" viewBox=\"0 0 24 24\" version=\"1.2\" baseProfile=\"tiny\"><path d=\"M18.2 9.3l-6.2-6.3-6.2 6.3c-.2.2-.3.4-.3.7s.1.5.3.7c.2.2.4.3.7.3h11c.3 0 .5-.1.7-.3.2-.2.3-.5.3-.7s-.1-.5-.3-.7zM5.8 14.7l6.2 6.3 6.2-6.3c.2-.2.3-.5.3-.7s-.1-.5-.3-.7c-.2-.2-.4-.3-.7-.3h-11c-.3 0-.5.1-.7.3-.2.2-.3.5-.3.7s.1.5.3.7z\"\/><\/svg><\/span><\/span><\/span><\/a><\/span><\/div>\n<nav><ul class='ez-toc-list ez-toc-list-level-1 ' ><li class='ez-toc-page-1 ez-toc-heading-level-1'><a class=\"ez-toc-link ez-toc-heading-1\" href=\"https:\/\/www.marmottine.fr\/mag\/guides\/bijoux-personnalises\/choisir\/bracelet-personnalise\/le-bracelet-jonc-pour-toute-la-famille\/#Le_bracelet_jonc_pour_toute_la_famille\" title=\"Le bracelet jonc pour toute la famille !\">Le bracelet jonc pour toute la famille !<\/a><ul class='ez-toc-list-level-2' ><li class='ez-toc-heading-level-2'><a class=\"ez-toc-link ez-toc-heading-2\" href=\"https:\/\/www.marmottine.fr\/mag\/guides\/bijoux-personnalises\/choisir\/bracelet-personnalise\/le-bracelet-jonc-pour-toute-la-famille\/#Quest-ce_quun_bracelet_jonc\" title=\"Qu\u2019est-ce qu\u2019un bracelet jonc\u00a0?\">Qu\u2019est-ce qu\u2019un bracelet jonc\u00a0?<\/a><\/li><li class='ez-toc-page-1 ez-toc-heading-level-2'><a class=\"ez-toc-link ez-toc-heading-3\" href=\"https:\/\/www.marmottine.fr\/mag\/guides\/bijoux-personnalises\/choisir\/bracelet-personnalise\/le-bracelet-jonc-pour-toute-la-famille\/#Quelle_est_la_signification_du_bracelet_jonc\" title=\"Quelle est la signification du bracelet jonc\u00a0?\">Quelle est la signification du bracelet jonc\u00a0?<\/a><\/li><li class='ez-toc-page-1 ez-toc-heading-level-2'><a class=\"ez-toc-link ez-toc-heading-4\" href=\"https:\/\/www.marmottine.fr\/mag\/guides\/bijoux-personnalises\/choisir\/bracelet-personnalise\/le-bracelet-jonc-pour-toute-la-famille\/#Bracelet_jonc_or_ou_bracelet_jonc_argent\" title=\"Bracelet jonc or\u00a0ou\u00a0bracelet jonc argent\u00a0?\">Bracelet jonc or\u00a0ou\u00a0bracelet jonc argent\u00a0?<\/a><\/li><li class='ez-toc-page-1 ez-toc-heading-level-2'><a class=\"ez-toc-link ez-toc-heading-5\" href=\"https:\/\/www.marmottine.fr\/mag\/guides\/bijoux-personnalises\/choisir\/bracelet-personnalise\/le-bracelet-jonc-pour-toute-la-famille\/#Peut-on_choisir_un_bracelet_jonc_personnalise\" title=\"Peut-on choisir un bracelet jonc personnalis\u00e9\u00a0?\">Peut-on choisir un bracelet jonc personnalis\u00e9\u00a0?<\/a><\/li><li class='ez-toc-page-1 ez-toc-heading-level-2'><a class=\"ez-toc-link ez-toc-heading-6\" href=\"https:\/\/www.marmottine.fr\/mag\/guides\/bijoux-personnalises\/choisir\/bracelet-personnalise\/le-bracelet-jonc-pour-toute-la-famille\/#Quelle_taille_choisir_pour_un_bracelet_jonc\" title=\"Quelle taille choisir pour un bracelet jonc\u00a0?\">Quelle taille choisir pour un bracelet jonc\u00a0?<\/a><\/li><li class='ez-toc-page-1 ez-toc-heading-level-2'><a class=\"ez-toc-link ez-toc-heading-7\" href=\"https:\/\/www.marmottine.fr\/mag\/guides\/bijoux-personnalises\/choisir\/bracelet-personnalise\/le-bracelet-jonc-pour-toute-la-famille\/#Comment_se_porte_un_bracelet_jonc\" title=\"Comment se porte un bracelet jonc\u00a0?\">Comment se porte un bracelet jonc\u00a0?<\/a><\/li><\/ul><\/li><\/ul><\/nav><\/div>\n\n<p><img loading=\"lazy\" decoding=\"async\" class=\"alignnone wp-image-1085 size-full\" src=\"https:\/\/www.marmottine.fr\/mag\/wp-content\/uploads\/2024\/10\/le-bracelet-jonc-pour-toute-la-famille.jpg\" alt=\"\" width=\"700\" height=\"420\" srcset=\"https:\/\/www.marmottine.fr\/mag\/wp-content\/uploads\/2024\/10\/le-bracelet-jonc-pour-toute-la-famille.jpg 700w, https:\/\/www.marmottine.fr\/mag\/wp-content\/uploads\/2024\/10\/le-bracelet-jonc-pour-toute-la-famille-300x180.jpg 300w\" sizes=\"(max-width: 700px) 100vw, 700px\" \/><\/p>\n<div class=\"articleContent\"><span style=\"font-size: 16px;\"><a href=\"https:\/\/www.marmottine.fr\/mag\/guides\/bijoux-personnalises\/choisir\/bracelet-personnalise\">Le bracelet jonc est devenu un mod\u00e8le ultra tendance<\/a> que l\u2019on retrouve dans la bijouterie fantaisie comme dans la joaillerie. Bijou mill\u00e9naire s\u2019il en est, c\u2019est aujourd\u2019hui une valeur s\u00fbre pour faire un cadeau \u00e0 un enfant comme \u00e0 une femme ou \u00e0 un homme. On vous dit tout dans cet article d\u00e9di\u00e9 au jonc, pour bien choisir le v\u00f4tre.<\/span><\/div>\n<div>\n<div class=\"sdsarticle-des\">\n<div class=\"e-content\">\n<h2><span class=\"ez-toc-section\" id=\"Quest-ce_quun_bracelet_jonc\"><\/span>Qu\u2019est-ce qu\u2019un bracelet jonc\u00a0?<span class=\"ez-toc-section-end\"><\/span><\/h2>\n<p>Le bracelet jonc est certainement le plus vieux bijou du monde, car nous retrouvons des exemples de ce mod\u00e8le de bracelet dans les fouilles arch\u00e9ologiques aussi bien dans l\u2019antiquit\u00e9 gr\u00e9co-romaine et \u00e9gyptienne, que dans les civilisations am\u00e9rindiennes. La simplicit\u00e9 de ce bijou est en effet tr\u00e8s primitive. Qu\u2019il soit r\u00e9alis\u00e9 en fibre v\u00e9g\u00e9tale ou en or, il s\u2019agit d\u2019une tige arrondie, ferm\u00e9e ou ouverte. Les premiers mod\u00e8les retrouv\u00e9s sont parfois agr\u00e9ment\u00e9s de gravures ou de breloques. Il est \u00e9tonnant de constater la similitude entre ces vestiges exhum\u00e9s du fin fond de nos civilisations et les bracelets joncs que nous trouvons en bijouterie et joaillier de nos jours\u00a0! Toutes les plus grandes marques de bijoux le revisitent \u00e0 l\u2019envi\u00a0:\u00a0Cartier, Swarovski, Daniel Wellington, Calvin Klein, Gas, Tomas Sabo ou encore Clio Blue.<\/p>\n<p>&nbsp;<\/p>\n<h2><span class=\"ez-toc-section\" id=\"Quelle_est_la_signification_du_bracelet_jonc\"><\/span>Quelle est la signification du bracelet jonc\u00a0?<span class=\"ez-toc-section-end\"><\/span><\/h2>\n<p>S\u2019il est purement d\u00e9coratif et participe \u00e0 la coquetterie des femmes depuis la nuit des temps, le bracelet jonc peut aussi avoir une signification pr\u00e9cise. Ainsi, au temps de l\u2019esclavage, ces bracelets \u00e9taient port\u00e9s par les esclaves comme signe d\u2019appartenance \u00e0 un ma\u00eetre. Cette triste r\u00e9f\u00e9rence historique lui a m\u00eame valu une autre appellation, encore utilis\u00e9e de nos jours\u00a0: le bracelet esclave.<\/p>\n<p>Plus r\u00e9cemment, en Indon\u00e9sie, les moines bouddhistes r\u00e9alisent les fameux\u00a0joncs bouddhistes\u00a0: des bracelets aussi appel\u00e9s joncs tib\u00e9tains, joncs de temple ou\u00a0encore Kumla\u00ef. Ce sont de simples joncs en caoutchouc remplis de feuilles d&rsquo;or, scell\u00e9s par une amulette grav\u00e9e et b\u00e9nis par les moines dans les temples. Selon la croyance, ces bracelets sont des porte-bonheur, et les femmes les collectionnent \u00e0 leur poignet. Depuis l\u2019av\u00e8nement du tourisme dans ces r\u00e9gions du globe, on voit de plus en plus de joncs bouddhistes en Occident.<\/p>\n<p>Quel bracelet jonc choisir ?<\/p>\n<p>Il existe deux types de bracelets joncs\u00a0: les joncs ouverts et les joncs ferm\u00e9s. Les joncs ouverts ont un \u00e9norme avantage\u00a0: ils s\u2019adaptent tr\u00e8s facilement \u00e0 votre poignet. L\u2019ouverture permet de le glisser sur le poignet et de l\u2019ajuster, le jonc \u00e9tant souvent l\u00e9g\u00e8rement flexible. Ces joncs ouverts ont un look tr\u00e8s 70\u2019, hyper tendance depuis quelques saisons. Ils sont g\u00e9n\u00e9ralement aplatis sur le dessus, ce qui permet de les personnaliser avec la gravure d\u2019un pr\u00e9nom ou d\u2019un texte court.<\/p>\n<p>Les joncs ferm\u00e9s, aussi appel\u00e9s bracelets esclaves, sont soit tubulaires, soit ruban\u00e9s. Les premiers peuvent \u00eatre tr\u00e8s fins ou tr\u00e8s \u00e9pais, les seconds \u00e9galement, et en fonction de leur largeur, il est possible l\u00e0 aussi de faire graver un texte.<\/p>\n<p>Dans les deux cas, il est important de conna\u00eetre le tour de votre poignet pour bien choisir la taille de votre bracelet jonc.<\/p>\n<p><a href=\"https:\/\/www.marmottine.fr\/bracelets-jonc\/2149-trio-de-bracelets-joncs-ruban-a-graver.html\" target=\"_blank\" rel=\"noopener\"><img loading=\"lazy\" decoding=\"async\" src=\"https:\/\/www.marmottine.fr\/img\/cms\/JONC\/jonc-trio.jpg\" alt=\"\" width=\"700\" height=\"420\" \/><\/a><\/p>\n<h2><span class=\"ez-toc-section\" id=\"Bracelet_jonc_or_ou_bracelet_jonc_argent\"><\/span>Bracelet jonc or\u00a0ou\u00a0bracelet jonc argent\u00a0?<span class=\"ez-toc-section-end\"><\/span><\/h2>\n<p>C\u2019est une question tr\u00e8s personnelle\u00a0! C\u2019est aussi une question de budget\u2026 Les joncs en argent sont de grands classiques qui reviennent sur le devant de la sc\u00e8ne et restent dans des prix tr\u00e8s raisonnables. Les joncs en or peuvent atteindre des sommets, surtout s\u2019ils sont en or plein (certains joncs tubulaires sont creux), il faut donc bien v\u00e9rifier ce d\u00e9tail en se r\u00e9f\u00e9rant notamment au poids, pour acheter en connaissance de cause. Enfin, les bracelets joncs \u00e9tant de nouveau \u00e0 la mode, on trouve de tr\u00e8s jolis mod\u00e8les en bijouterie fantaisie en plaqu\u00e9 or jaune, plaqu\u00e9 or rose ou plaqu\u00e9 argent, \u00e0 des prix tr\u00e8s abordables.<\/p>\n<p><strong>\u00a0<a href=\"https:\/\/www.marmottine.fr\/marmottine-bijoux\/2337-bracelet-jonc-bebe-argent.html\" target=\"_blank\" rel=\"noopener\"><img loading=\"lazy\" decoding=\"async\" src=\"https:\/\/www.marmottine.fr\/img\/cms\/JONC\/jonc-bebe-sandro.jpg\" alt=\"\" width=\"700\" height=\"420\" \/><\/a><\/strong><\/p>\n<h2><span class=\"ez-toc-section\" id=\"Peut-on_choisir_un_bracelet_jonc_personnalise\"><\/span>Peut-on choisir un bracelet jonc personnalis\u00e9\u00a0?<span class=\"ez-toc-section-end\"><\/span><\/h2>\n<p>Absolument\u00a0! A l\u2019instar de la plupart des bijoux, le bracelet jonc se d\u00e9cline personnalis\u00e9. Attention toutefois \u00e0 bien choisir le mod\u00e8le pour que la personnalisation soit visible et jolie. V\u00e9rifiez la largeur de la partie \u00e0 graver et le nombre de caract\u00e8res \u00e0 ne pas d\u00e9passer. Les mod\u00e8les \u00e0 privil\u00e9gier sont les joncs ouverts aplatis sur le dessus, et les joncs rubans suffisamment larges pour accueillir une gravure (minimum 4 mm). Certains joncs sont personnalisables des deux c\u00f4t\u00e9s, sauf imp\u00e9ratif technique.<\/p>\n<p>&nbsp;<\/p>\n<h2><span class=\"ez-toc-section\" id=\"Quelle_taille_choisir_pour_un_bracelet_jonc\"><\/span>Quelle taille choisir pour un bracelet jonc\u00a0?<span class=\"ez-toc-section-end\"><\/span><\/h2>\n<p>Les bracelets joncs ouverts conviennent en g\u00e9n\u00e9ral \u00e0 tous les poignets car ils sont flexibles et on peut les agrandir pour passer le poignet puis les resserrer. Quant aux bracelets joncs ferm\u00e9s, il est essentiel de prendre vos pr\u00e9cautions pour \u00e9viter que le jonc soit trop petit (impossible \u00e0 mettre) ou trop grand (tr\u00e8s vilain au poignet, sans compter le risque de le perdre).<\/p>\n<p>Pour cela, rien de plus simple\u00a0: \u00e0 l\u2019aide d\u2019un m\u00e8tre de couturi\u00e8re, mesurez votre tour de main (c\u2019est-\u00e0-dire la partie renfl\u00e9e de votre main) et reportez-vous \u00e0 ce tableau\u00a0:<\/p>\n<p>&nbsp;<\/p>\n<table>\n<tbody>\n<tr>\n<td><strong>Tour de main maximum<\/strong><\/td>\n<td><strong>Taille du jonc conseill\u00e9<\/strong><\/td>\n<\/tr>\n<tr>\n<td>13 cm<\/td>\n<td>B\u00e9b\u00e9<\/td>\n<\/tr>\n<tr>\n<td>17 cm<\/td>\n<td>Enfant<\/td>\n<\/tr>\n<tr>\n<td>19 cm<\/td>\n<td>Ado, adulte \u00e0 poignet fin<\/td>\n<\/tr>\n<tr>\n<td>20 cm<\/td>\n<td>Adulte poignet classique<\/td>\n<\/tr>\n<tr>\n<td>21 cm<\/td>\n<td>Adulte poignet fort<\/td>\n<\/tr>\n<\/tbody>\n<\/table>\n<p>&nbsp;<\/p>\n<p>Chacun \u00e9tant diff\u00e9rent, n\u2019h\u00e9sitez pas \u00e0 nous contacter pour affiner votre choix. Certains mod\u00e8les sont \u00e9galement r\u00e9alisables sur mesure.<\/p>\n<p><strong>\u00a0<img loading=\"lazy\" decoding=\"async\" src=\"https:\/\/www.marmottine.fr\/img\/cms\/JONC\/madeleine.jpg\" alt=\"\" width=\"700\" height=\"420\" \/><\/strong><\/p>\n<h2><span class=\"ez-toc-section\" id=\"Comment_se_porte_un_bracelet_jonc\"><\/span>Comment se porte un bracelet jonc\u00a0?<span class=\"ez-toc-section-end\"><\/span><\/h2>\n<p>La tendance est \u00e0 l\u2019accumulation\u00a0! N\u2019h\u00e9sitez pas \u00e0 collectionner les bracelets \u00e0 votre poignet, le mod\u00e8le jonc s\u2019y pr\u00eate particuli\u00e8rement. Et osez la diversit\u00e9 en associant plusieurs couleurs\u00a0: dor\u00e9 et argent\u00e9 se m\u00ealent \u00e0 merveille. Cr\u00e9ez une suite originale qui viendra personnaliser votre look et lui donner du caract\u00e8re.<\/p>\n<p>&nbsp;<\/p>\n<p>En r\u00e9sum\u00e9, pour faire un cadeau, le bracelet jonc est une valeur s\u00fbre, \u00e0 condition de bien choisir la taille et la forme. D\u00e9couvrez la s\u00e9lection Marmottine pour offrir un\u00a0<a href=\"https:\/\/www.marmottine.fr\/marmottine-bijoux\/2337-bracelet-jonc-bebe-argent.html\" target=\"_blank\" rel=\"noopener\"><strong>bracelet jonc b\u00e9b\u00e9<\/strong><\/a>, un\u00a0<a href=\"https:\/\/www.marmottine.fr\/marmottine-bijoux\/2274-bracelet-jonc-enfant-argent.html\" target=\"_blank\" rel=\"noopener\"><strong>bracelet jonc enfant<\/strong><\/a>, ou un\u00a0<a href=\"https:\/\/www.marmottine.fr\/263-bracelets-joncs\" target=\"_blank\" rel=\"noopener\"><strong>bracelet jonc femme<\/strong><\/a>.<\/p>\n<\/div>\n<\/div>\n<\/div>\n","protected":false},"excerpt":{"rendered":"<p>Le bracelet jonc pour toute la famille ! Le bracelet jonc est devenu un mod\u00e8le ultra tendance que l\u2019on retrouve [&hellip;]<\/p>\n","protected":false},"author":5,"featured_media":1085,"parent":212,"menu_order":0,"comment_status":"closed","ping_status":"closed","template":"","meta":{"site-sidebar-layout":"default","site-content-layout":"","ast-site-content-layout":"default","site-content-style":"default","site-sidebar-style":"default","ast-global-header-display":"","ast-banner-title-visibility":"","ast-main-header-display":"","ast-hfb-above-header-display":"","ast-hfb-below-header-display":"","ast-hfb-mobile-header-display":"","site-post-title":"","ast-breadcrumbs-content":"","ast-featured-img":"","footer-sml-layout":"","theme-transparent-header-meta":"default","adv-header-id-meta":"","stick-header-meta":"","header-above-stick-meta":"","header-main-stick-meta":"","header-below-stick-meta":"","astra-migrate-meta-layouts":"set","ast-page-background-enabled":"default","ast-page-background-meta":{"desktop":{"background-color":"var(--ast-global-color-4)","background-image":"","background-repeat":"repeat","background-position":"center center","background-size":"auto","background-attachment":"scroll","background-type":"","background-media":"","overlay-type":"","overlay-color":"","overlay-gradient":""},"tablet":{"background-color":"","background-image":"","background-repeat":"repeat","background-position":"center center","background-size":"auto","background-attachment":"scroll","background-type":"","background-media":"","overlay-type":"","overlay-color":"","overlay-gradient":""},"mobile":{"background-color":"","background-image":"","background-repeat":"repeat","background-position":"center center","background-size":"auto","background-attachment":"scroll","background-type":"","background-media":"","overlay-type":"","overlay-color":"","overlay-gradient":""}},"ast-content-background-meta":{"desktop":{"background-color":"var(--ast-global-color-5)","background-image":"","background-repeat":"repeat","background-position":"center center","background-size":"auto","background-attachment":"scroll","background-type":"","background-media":"","overlay-type":"","overlay-color":"","overlay-gradient":""},"tablet":{"background-color":"var(--ast-global-color-5)","background-image":"","background-repeat":"repeat","background-position":"center center","background-size":"auto","background-attachment":"scroll","background-type":"","background-media":"","overlay-type":"","overlay-color":"","overlay-gradient":""},"mobile":{"background-color":"var(--ast-global-color-5)","background-image":"","background-repeat":"repeat","background-position":"center center","background-size":"auto","background-attachment":"scroll","background-type":"","background-media":"","overlay-type":"","overlay-color":"","overlay-gradient":""}},"footnotes":""},"aioseo_notices":[],"_links":{"self":[{"href":"https:\/\/www.marmottine.fr\/mag\/wp-json\/wp\/v2\/pages\/1084"}],"collection":[{"href":"https:\/\/www.marmottine.fr\/mag\/wp-json\/wp\/v2\/pages"}],"about":[{"href":"https:\/\/www.marmottine.fr\/mag\/wp-json\/wp\/v2\/types\/page"}],"author":[{"embeddable":true,"href":"https:\/\/www.marmottine.fr\/mag\/wp-json\/wp\/v2\/users\/5"}],"replies":[{"embeddable":true,"href":"https:\/\/www.marmottine.fr\/mag\/wp-json\/wp\/v2\/comments?post=1084"}],"version-history":[{"count":3,"href":"https:\/\/www.marmottine.fr\/mag\/wp-json\/wp\/v2\/pages\/1084\/revisions"}],"predecessor-version":[{"id":1286,"href":"https:\/\/www.marmottine.fr\/mag\/wp-json\/wp\/v2\/pages\/1084\/revisions\/1286"}],"up":[{"embeddable":true,"href":"https:\/\/www.marmottine.fr\/mag\/wp-json\/wp\/v2\/pages\/212"}],"wp:featuredmedia":[{"embeddable":true,"href":"https:\/\/www.marmottine.fr\/mag\/wp-json\/wp\/v2\/media\/1085"}],"wp:attachment":[{"href":"https:\/\/www.marmottine.fr\/mag\/wp-json\/wp\/v2\/media?parent=1084"}],"curies":[{"name":"wp","href":"https:\/\/api.w.org\/{rel}","templated":true}]}}