{"id":1080,"date":"2024-11-04T18:30:22","date_gmt":"2024-11-04T17:30:22","guid":{"rendered":"https:\/\/www.marmottine.fr\/mag\/?page_id=1080"},"modified":"2024-11-04T18:30:22","modified_gmt":"2024-11-04T17:30:22","slug":"la-medaille-damour-fait-son-grand-retour","status":"publish","type":"page","link":"https:\/\/www.marmottine.fr\/mag\/guides\/bijoux-personnalises\/choisir\/medaille-personnalisee\/la-medaille-damour-fait-son-grand-retour","title":{"rendered":"La m\u00e9daille d\u2019amour fait son grand retour"},"content":{"rendered":"<h1><span class=\"ez-toc-section\" id=\"La_medaille_damour_fait_son_grand_retour\"><\/span>La m\u00e9daille d\u2019amour fait son grand retour<span class=\"ez-toc-section-end\"><\/span><\/h1><div id=\"ez-toc-container\" class=\"ez-toc-v2_0_69_1 counter-hierarchy ez-toc-counter ez-toc-grey ez-toc-container-direction\">\n<div class=\"ez-toc-title-container\">\n<p class=\"ez-toc-title\" style=\"cursor:inherit\">Sommaire<\/p>\n<span class=\"ez-toc-title-toggle\"><a href=\"#\" class=\"ez-toc-pull-right ez-toc-btn ez-toc-btn-xs ez-toc-btn-default ez-toc-toggle\" aria-label=\"Toggle Table of Content\"><span class=\"ez-toc-js-icon-con\"><span class=\"\"><span class=\"eztoc-hide\" style=\"display:none;\">Toggle<\/span><span class=\"ez-toc-icon-toggle-span\"><svg style=\"fill: #999;color:#999\" xmlns=\"http:\/\/www.w3.org\/2000\/svg\" class=\"list-377408\" width=\"20px\" height=\"20px\" viewBox=\"0 0 24 24\" fill=\"none\"><path d=\"M6 6H4v2h2V6zm14 0H8v2h12V6zM4 11h2v2H4v-2zm16 0H8v2h12v-2zM4 16h2v2H4v-2zm16 0H8v2h12v-2z\" fill=\"currentColor\"><\/path><\/svg><svg style=\"fill: #999;color:#999\" class=\"arrow-unsorted-368013\" xmlns=\"http:\/\/www.w3.org\/2000\/svg\" width=\"10px\" height=\"10px\" viewBox=\"0 0 24 24\" version=\"1.2\" baseProfile=\"tiny\"><path d=\"M18.2 9.3l-6.2-6.3-6.2 6.3c-.2.2-.3.4-.3.7s.1.5.3.7c.2.2.4.3.7.3h11c.3 0 .5-.1.7-.3.2-.2.3-.5.3-.7s-.1-.5-.3-.7zM5.8 14.7l6.2 6.3 6.2-6.3c.2-.2.3-.5.3-.7s-.1-.5-.3-.7c-.2-.2-.4-.3-.7-.3h-11c-.3 0-.5.1-.7.3-.2.2-.3.5-.3.7s.1.5.3.7z\"\/><\/svg><\/span><\/span><\/span><\/a><\/span><\/div>\n<nav><ul class='ez-toc-list ez-toc-list-level-1 ' ><li class='ez-toc-page-1 ez-toc-heading-level-1'><a class=\"ez-toc-link ez-toc-heading-1\" href=\"https:\/\/www.marmottine.fr\/mag\/guides\/bijoux-personnalises\/choisir\/medaille-personnalisee\/la-medaille-damour-fait-son-grand-retour\/#La_medaille_damour_fait_son_grand_retour\" title=\"La m\u00e9daille d\u2019amour fait son grand retour\">La m\u00e9daille d\u2019amour fait son grand retour<\/a><ul class='ez-toc-list-level-2' ><li class='ez-toc-heading-level-2'><a class=\"ez-toc-link ez-toc-heading-2\" href=\"https:\/\/www.marmottine.fr\/mag\/guides\/bijoux-personnalises\/choisir\/medaille-personnalisee\/la-medaille-damour-fait-son-grand-retour\/#Quelle_est_la_signification_de_la_medaille_damour\" title=\"Quelle est la signification de la m\u00e9daille d\u2019amour\u00a0?\">Quelle est la signification de la m\u00e9daille d\u2019amour\u00a0?<\/a><\/li><li class='ez-toc-page-1 ez-toc-heading-level-2'><a class=\"ez-toc-link ez-toc-heading-3\" href=\"https:\/\/www.marmottine.fr\/mag\/guides\/bijoux-personnalises\/choisir\/medaille-personnalisee\/la-medaille-damour-fait-son-grand-retour\/#Qui_etait_Rosemonde_Gerard\" title=\"Qui \u00e9tait Rosemonde G\u00e9rard\u00a0?\">Qui \u00e9tait Rosemonde G\u00e9rard\u00a0?<\/a><\/li><\/ul><\/li><\/ul><\/nav><\/div>\n\n<p><img loading=\"lazy\" decoding=\"async\" class=\"alignnone wp-image-482 size-full\" src=\"https:\/\/www.marmottine.fr\/mag\/wp-content\/uploads\/2024\/04\/2022-03-16-augis.jpg\" alt=\"\" width=\"800\" height=\"800\" srcset=\"https:\/\/www.marmottine.fr\/mag\/wp-content\/uploads\/2024\/04\/2022-03-16-augis.jpg 800w, https:\/\/www.marmottine.fr\/mag\/wp-content\/uploads\/2024\/04\/2022-03-16-augis-300x300.jpg 300w, https:\/\/www.marmottine.fr\/mag\/wp-content\/uploads\/2024\/04\/2022-03-16-augis-150x150.jpg 150w, https:\/\/www.marmottine.fr\/mag\/wp-content\/uploads\/2024\/04\/2022-03-16-augis-768x768.jpg 768w\" sizes=\"(max-width: 800px) 100vw, 800px\" \/><\/p>\n<div class=\"articleContent\"><span style=\"font-size: 1.7em; font-weight: bold;\">La m\u00e9daille plus qu\u2019hier moins que demain<\/span><\/div>\n<div><\/div>\n<div>\n<div class=\"sdsarticle-des\">\n<div class=\"e-content\">\n<p>On connait tous quelqu\u2019un <a href=\"https:\/\/www.marmottine.fr\/mag\/guides\/bijoux-personnalises\/choisir\/medaille-personnalisee\">qui poss\u00e8de cette m\u00e9daille personnalis\u00e9e<\/a> : une amie, une tante, ou une grand-m\u00e8re. La <a href=\"https:\/\/www.marmottine.fr\/260-medaille-d-amour\" target=\"_blank\" rel=\"noopener\"><strong>m\u00e9daille d\u2019amour<\/strong>\u00a0<\/a>est une m\u00e9daille pour femme, mais certains hommes la portent dans sa version en or blanc. Son prix varie en fonction du mod\u00e8le. Elle est facilement reconnaissable par la gravure du texte \u00ab\u00a0+ qu\u2019hier \u2013 que demain\u00a0\u00bb, les signes + et + \u00e9tant g\u00e9n\u00e9ralement repr\u00e9sent\u00e9s par un diamant et un rubis. Le mod\u00e8le d\u2019origine fut cr\u00e9\u00e9 en 1907 par Alfonse Augis, le petit-fils du fondateur de la c\u00e9l\u00e8bre marque lyonnaise de bijoux sp\u00e9cialis\u00e9e dans les m\u00e9dailles. Il trouva l\u2019inspiration dans un po\u00e8me de Rosemonde G\u00e9rard \u00e9pouse d\u2019Edmond Rostand, grande po\u00e9tesse fran\u00e7aise qui a connu la c\u00e9l\u00e9brit\u00e9 bien avant son illustre mari. Le succ\u00e8s de cette m\u00e9daille fut imm\u00e9diat, et donna lieu \u00e0 d\u2019autres versions, empierr\u00e9es. Ce mod\u00e8le sera vendu dans le monde entier et conna\u00eetra diff\u00e9rentes p\u00e9riodes de succ\u00e8s plus ou moins grands. Dans l&rsquo;Histoire du Bijou, on aura rarement rencontr\u00e9 un tel ph\u00e9nom\u00e8ne. Marmottine s&rsquo;est pench\u00e9 sur le destin de cette m\u00e9daille historique bien connue des amoureux, et est ravie de vous proposer l&rsquo;int\u00e9gralit\u00e9 de la collection.<\/p>\n<p><strong><a href=\"https:\/\/www.marmottine.fr\/medaille-d-amour\/2257-medaille-d-amour-plus-qu-hier-moins-que-demain-or-jaune.html\" target=\"_blank\" rel=\"noopener\">La m\u00e9daille d&rsquo;amour en or jaune, le mod\u00e8le le plus vendu :<\/a><\/strong><\/p>\n<p><a href=\"https:\/\/www.marmottine.fr\/medaille-d-amour\/2257-medaille-d-amour-plus-qu-hier-moins-que-demain-or-jaune.html\" target=\"_blank\" rel=\"noopener\"><img loading=\"lazy\" decoding=\"async\" src=\"https:\/\/www.marmottine.fr\/img\/cms\/MEDAILLE%20AMOUR\/medaille-amour-OJ.jpg\" alt=\"medaille-amour-or-jaune\" width=\"700\" height=\"420\" \/><\/a><\/p>\n<h2><span class=\"ez-toc-section\" id=\"Quelle_est_la_signification_de_la_medaille_damour\"><\/span>Quelle est la signification de la m\u00e9daille d\u2019amour\u00a0?<span class=\"ez-toc-section-end\"><\/span><\/h2>\n<p>La m\u00e9daille d\u2019amour porte bien son nom. Elle t\u00e9moigne de l\u2019amour \u00e9ternel et grandissant entre deux personnes, c\u2019est pourquoi elle est souvent offerte pour une occasion particuli\u00e8re\u00a0comme la Saint Valentin, un anniversaire de mariage, ou encore un anniversaire de rencontre. La m\u00e9daille d\u2019origine est une m\u00e9daille ronde en or jaune mont\u00e9e sur b\u00e9li\u00e8re. La m\u00e9daille est grav\u00e9e du texte\u00a0: + qu\u2019hier \u2013 que demain.\u00a0La premi\u00e8re m\u00e9daille conna\u00eet un succ\u00e8s fulgurant lors de sa sortie au d\u00e9but du XX\u00e8me si\u00e8cle. Puis, dans les ann\u00e9es 70, la m\u00e9daille redevient tr\u00e8s populaire et c\u2019est un bijou \u00e0 la mode que l\u2019on retrouve aujourd\u2019hui dans les tiroirs de nos grand-m\u00e8res et dans les bijoux d\u2019occasion. En 2022, Augis relance la collection M\u00e9daille d\u2019Amour et l\u2019enrichit de nouveaux mod\u00e8les (comme la m\u00e9daille d\u2019amour c\u0153ur), empierr\u00e9s ou simples, en or jaune, or blanc et or rose. Une revisite qui plait car elle correspond \u00e0 l&rsquo;engouement du Vintage, y compris dans les bijoux.<\/p>\n<p><strong><a href=\"https:\/\/www.marmottine.fr\/medaille-d-amour\/2597-medaille-d-amour-l-intemporelle-or-jaune-diamant-et-rubis-augis.html\" target=\"_blank\" rel=\"noopener\">La m\u00e9daille d&rsquo;amour empierr\u00e9e, la plus connue :<\/a><\/strong><\/p>\n<p><a href=\"https:\/\/www.marmottine.fr\/medaille-d-amour\/2597-medaille-d-amour-l-intemporelle-or-jaune-diamant-et-rubis-augis.html\" target=\"_blank\" rel=\"noopener\"><img loading=\"lazy\" decoding=\"async\" src=\"https:\/\/www.marmottine.fr\/img\/cms\/MEDAILLE%20AMOUR\/medaille-amour-rubis.jpg\" alt=\"medaille-amour-pierres\" width=\"700\" height=\"420\" \/><\/a><\/p>\n<h2><span class=\"ez-toc-section\" id=\"Qui_etait_Rosemonde_Gerard\"><\/span>Qui \u00e9tait Rosemonde G\u00e9rard\u00a0?<span class=\"ez-toc-section-end\"><\/span><\/h2>\n<p>Rosemonde G\u00e9rard (1866 \u2013 1953) \u00e9tait une po\u00e9tesse fran\u00e7aise. Elle \u00e9crivit le po\u00e8me\u00a0<em>Les Vieux<\/em>\u00a0pour son \u00e9poux, le grand \u00e9crivain Edmond Rostand\u00a0; le po\u00e8me fut chant\u00e9 par Sarah Bernhardt en 1903. Plus tard, le po\u00e8me sera rebaptis\u00e9\u00a0<em>l\u2019Eternelle Chanson<\/em>. Marmottine vous fait d\u00e9couvrir ce merveilleux texte qui c\u00e9l\u00e8bre l\u2019amour \u00e9ternel avec cet extrait d&rsquo;o\u00f9 est tir\u00e9 le fameux vers :<\/p>\n<p>&nbsp;<\/p>\n<p>L\u2019Eternelle Chanson<\/p>\n<p><em>Lorsque tu seras vieux et que je serai vieille,<\/em><\/p>\n<p><em>Lorsque mes cheveux blonds seront des cheveux blancs,<\/em><\/p>\n<p><em>Au mois de mai, dans le jardin qui s\u2019ensoleille,<\/em><\/p>\n<p><em>Nous irons r\u00e9chauffer nos v\u0153ux membres tremblants.<\/em><\/p>\n<p><em>Comme le renouveau mettra nos c\u0153urs en f\u00eate,<\/em><\/p>\n<p><em>Nous nous croirons encore de jeunes amoureux,<\/em><\/p>\n<p><em>Et je te sourirai tout en branlant la t\u00eate,<\/em><\/p>\n<p><em>Et nous fertons un couple adorable de vieux.<\/em><\/p>\n<p><em>Nous nous regarderons, assis sous notre treille,<\/em><\/p>\n<p><em>Avec de petits yeux attendris et brillants,<\/em><\/p>\n<p><em>Lorsque tu seras vieux et que je serai vieille,<\/em><\/p>\n<p><em>Lorsque mes cheveux blonds seront des cheveux blancs.<\/em><\/p>\n<p><i>&#8230;.<\/i><\/p>\n<p><em>Et comme chaque jour je t\u2019aime davantage,<\/em><\/p>\n<p><em>Aujourd\u2019hui plus qu\u2019hier et bien moins que demain,<\/em><\/p>\n<p><em>Qu\u2019importeront alors les rides du visage\u00a0?<\/em><\/p>\n<p><em>Mon amour se fera plus grave \u2013 et serein.<\/em><\/p>\n<p><em>Songe que tous les jours des souvenirs s\u2019entassent,<\/em><\/p>\n<p><em>Mes souvenirs \u00e0 moi seront aussi les tiens.<\/em><\/p>\n<p><em>Ces communs souvenirs toujours plus nous enlacent<\/em><\/p>\n<p><em>Et sans cesse entre nous tissent d\u2019autres liens.<\/em><\/p>\n<p><em>C\u2019est vrai, nous serons vieux, tr\u00e8s vieux, faiblis par l\u2019\u00e2ge,<\/em><\/p>\n<p><em>Mais plus fort chaque jour je serrerai ta main<\/em><\/p>\n<p><em>Car vois-tu chaque jour je t\u2019aime davantage,<\/em><\/p>\n<p><em>Aujourd\u2019hui\u00a0<strong>plus qu\u2019hier<\/strong>\u00a0et bien\u00a0<strong>moins que demain<\/strong>.<\/em><\/p>\n<p>&#8230;.<\/p>\n<p><strong><a href=\"https:\/\/www.marmottine.fr\/medaille-d-amour\/2598-medaille-d-amour-coeur-la-passionnee-augis.html\" target=\"_blank\" rel=\"noopener\">La m\u00e9daille d&rsquo;amour en forme de coeur, la plus originale :<\/a><\/strong><\/p>\n<p><strong><a href=\"https:\/\/www.marmottine.fr\/medaille-d-amour\/2598-medaille-d-amour-coeur-la-passionnee-augis.html\" target=\"_blank\" rel=\"noopener\"><img loading=\"lazy\" decoding=\"async\" src=\"https:\/\/www.marmottine.fr\/img\/cms\/MEDAILLE%20AMOUR\/medaille-amour-coeur.jpg\" alt=\"medaille-amour-coeur\" width=\"700\" height=\"420\" \/><\/a><\/strong><\/p>\n<p>Retrouvez l&rsquo;ensemble de la collection\u00a0<strong><a href=\"https:\/\/www.marmottine.fr\/260-medaille-d-amour\" target=\"_blank\" rel=\"noopener\">M\u00e9daille d&rsquo;Amour\u00a0<\/a><\/strong>de la marque Augis chez Marmottine, revendeur officiel.<\/p>\n<\/div>\n<\/div>\n<\/div>\n","protected":false},"excerpt":{"rendered":"<p>La m\u00e9daille d\u2019amour fait son grand retour La m\u00e9daille plus qu\u2019hier moins que demain On connait tous quelqu\u2019un qui poss\u00e8de [&hellip;]<\/p>\n","protected":false},"author":5,"featured_media":1081,"parent":220,"menu_order":0,"comment_status":"closed","ping_status":"closed","template":"","meta":{"site-sidebar-layout":"default","site-content-layout":"","ast-site-content-layout":"default","site-content-style":"default","site-sidebar-style":"default","ast-global-header-display":"","ast-banner-title-visibility":"","ast-main-header-display":"","ast-hfb-above-header-display":"","ast-hfb-below-header-display":"","ast-hfb-mobile-header-display":"","site-post-title":"","ast-breadcrumbs-content":"","ast-featured-img":"","footer-sml-layout":"","theme-transparent-header-meta":"default","adv-header-id-meta":"","stick-header-meta":"","header-above-stick-meta":"","header-main-stick-meta":"","header-below-stick-meta":"","astra-migrate-meta-layouts":"set","ast-page-background-enabled":"default","ast-page-background-meta":{"desktop":{"background-color":"var(--ast-global-color-4)","background-image":"","background-repeat":"repeat","background-position":"center center","background-size":"auto","background-attachment":"scroll","background-type":"","background-media":"","overlay-type":"","overlay-color":"","overlay-gradient":""},"tablet":{"background-color":"","background-image":"","background-repeat":"repeat","background-position":"center center","background-size":"auto","background-attachment":"scroll","background-type":"","background-media":"","overlay-type":"","overlay-color":"","overlay-gradient":""},"mobile":{"background-color":"","background-image":"","background-repeat":"repeat","background-position":"center center","background-size":"auto","background-attachment":"scroll","background-type":"","background-media":"","overlay-type":"","overlay-color":"","overlay-gradient":""}},"ast-content-background-meta":{"desktop":{"background-color":"var(--ast-global-color-5)","background-image":"","background-repeat":"repeat","background-position":"center center","background-size":"auto","background-attachment":"scroll","background-type":"","background-media":"","overlay-type":"","overlay-color":"","overlay-gradient":""},"tablet":{"background-color":"var(--ast-global-color-5)","background-image":"","background-repeat":"repeat","background-position":"center center","background-size":"auto","background-attachment":"scroll","background-type":"","background-media":"","overlay-type":"","overlay-color":"","overlay-gradient":""},"mobile":{"background-color":"var(--ast-global-color-5)","background-image":"","background-repeat":"repeat","background-position":"center center","background-size":"auto","background-attachment":"scroll","background-type":"","background-media":"","overlay-type":"","overlay-color":"","overlay-gradient":""}},"footnotes":""},"aioseo_notices":[],"_links":{"self":[{"href":"https:\/\/www.marmottine.fr\/mag\/wp-json\/wp\/v2\/pages\/1080"}],"collection":[{"href":"https:\/\/www.marmottine.fr\/mag\/wp-json\/wp\/v2\/pages"}],"about":[{"href":"https:\/\/www.marmottine.fr\/mag\/wp-json\/wp\/v2\/types\/page"}],"author":[{"embeddable":true,"href":"https:\/\/www.marmottine.fr\/mag\/wp-json\/wp\/v2\/users\/5"}],"replies":[{"embeddable":true,"href":"https:\/\/www.marmottine.fr\/mag\/wp-json\/wp\/v2\/comments?post=1080"}],"version-history":[{"count":4,"href":"https:\/\/www.marmottine.fr\/mag\/wp-json\/wp\/v2\/pages\/1080\/revisions"}],"predecessor-version":[{"id":1297,"href":"https:\/\/www.marmottine.fr\/mag\/wp-json\/wp\/v2\/pages\/1080\/revisions\/1297"}],"up":[{"embeddable":true,"href":"https:\/\/www.marmottine.fr\/mag\/wp-json\/wp\/v2\/pages\/220"}],"wp:featuredmedia":[{"embeddable":true,"href":"https:\/\/www.marmottine.fr\/mag\/wp-json\/wp\/v2\/media\/1081"}],"wp:attachment":[{"href":"https:\/\/www.marmottine.fr\/mag\/wp-json\/wp\/v2\/media?parent=1080"}],"curies":[{"name":"wp","href":"https:\/\/api.w.org\/{rel}","templated":true}]}}