{"id":1066,"date":"2024-11-04T17:07:41","date_gmt":"2024-11-04T16:07:41","guid":{"rendered":"https:\/\/www.marmottine.fr\/mag\/?page_id=1066"},"modified":"2024-11-04T17:11:54","modified_gmt":"2024-11-04T16:11:54","slug":"le-bracelet-cuir-simpose-en-hiver","status":"publish","type":"page","link":"https:\/\/www.marmottine.fr\/mag\/guides\/bijoux-personnalises\/matieres\/le-bracelet-cuir-simpose-en-hiver","title":{"rendered":"Le bracelet cuir s\u2019impose en hiver"},"content":{"rendered":"<h1><span class=\"ez-toc-section\" id=\"Le_bracelet_cuir_simpose_en_hiver\"><\/span>Le bracelet cuir s\u2019impose en hiver<span class=\"ez-toc-section-end\"><\/span><\/h1><div id=\"ez-toc-container\" class=\"ez-toc-v2_0_69_1 counter-hierarchy ez-toc-counter ez-toc-grey ez-toc-container-direction\">\n<div class=\"ez-toc-title-container\">\n<p class=\"ez-toc-title\" style=\"cursor:inherit\">Sommaire<\/p>\n<span class=\"ez-toc-title-toggle\"><a href=\"#\" class=\"ez-toc-pull-right ez-toc-btn ez-toc-btn-xs ez-toc-btn-default ez-toc-toggle\" aria-label=\"Toggle Table of Content\"><span class=\"ez-toc-js-icon-con\"><span class=\"\"><span class=\"eztoc-hide\" style=\"display:none;\">Toggle<\/span><span class=\"ez-toc-icon-toggle-span\"><svg style=\"fill: #999;color:#999\" xmlns=\"http:\/\/www.w3.org\/2000\/svg\" class=\"list-377408\" width=\"20px\" height=\"20px\" viewBox=\"0 0 24 24\" fill=\"none\"><path d=\"M6 6H4v2h2V6zm14 0H8v2h12V6zM4 11h2v2H4v-2zm16 0H8v2h12v-2zM4 16h2v2H4v-2zm16 0H8v2h12v-2z\" fill=\"currentColor\"><\/path><\/svg><svg style=\"fill: #999;color:#999\" class=\"arrow-unsorted-368013\" xmlns=\"http:\/\/www.w3.org\/2000\/svg\" width=\"10px\" height=\"10px\" viewBox=\"0 0 24 24\" version=\"1.2\" baseProfile=\"tiny\"><path d=\"M18.2 9.3l-6.2-6.3-6.2 6.3c-.2.2-.3.4-.3.7s.1.5.3.7c.2.2.4.3.7.3h11c.3 0 .5-.1.7-.3.2-.2.3-.5.3-.7s-.1-.5-.3-.7zM5.8 14.7l6.2 6.3 6.2-6.3c.2-.2.3-.5.3-.7s-.1-.5-.3-.7c-.2-.2-.4-.3-.7-.3h-11c-.3 0-.5.1-.7.3-.2.2-.3.5-.3.7s.1.5.3.7z\"\/><\/svg><\/span><\/span><\/span><\/a><\/span><\/div>\n<nav><ul class='ez-toc-list ez-toc-list-level-1 ' ><li class='ez-toc-page-1 ez-toc-heading-level-1'><a class=\"ez-toc-link ez-toc-heading-1\" href=\"https:\/\/www.marmottine.fr\/mag\/guides\/bijoux-personnalises\/matieres\/le-bracelet-cuir-simpose-en-hiver\/#Le_bracelet_cuir_simpose_en_hiver\" title=\"Le bracelet cuir s\u2019impose en hiver\">Le bracelet cuir s\u2019impose en hiver<\/a><ul class='ez-toc-list-level-2' ><li class='ez-toc-heading-level-2'><a class=\"ez-toc-link ez-toc-heading-2\" href=\"https:\/\/www.marmottine.fr\/mag\/guides\/bijoux-personnalises\/matieres\/le-bracelet-cuir-simpose-en-hiver\/#Le_bracelet_cuir_homme_est_devenu_un_classique\" title=\"Le bracelet cuir homme est devenu un classique\">Le bracelet cuir homme est devenu un classique<\/a><\/li><li class='ez-toc-page-1 ez-toc-heading-level-2'><a class=\"ez-toc-link ez-toc-heading-3\" href=\"https:\/\/www.marmottine.fr\/mag\/guides\/bijoux-personnalises\/matieres\/le-bracelet-cuir-simpose-en-hiver\/#Le_bracelet_cuir_femme_sest_impose_dans_les_collections\" title=\"Le bracelet cuir femme s\u2019est impos\u00e9 dans les collections\">Le bracelet cuir femme s\u2019est impos\u00e9 dans les collections<\/a><\/li><li class='ez-toc-page-1 ez-toc-heading-level-2'><a class=\"ez-toc-link ez-toc-heading-4\" href=\"https:\/\/www.marmottine.fr\/mag\/guides\/bijoux-personnalises\/matieres\/le-bracelet-cuir-simpose-en-hiver\/#Le_bracelet_cuir_enfant_na_rien_a_envier_aux_grands\" title=\"Le bracelet cuir enfant n\u2019a rien \u00e0 envier aux grands\">Le bracelet cuir enfant n\u2019a rien \u00e0 envier aux grands<\/a><\/li><li class='ez-toc-page-1 ez-toc-heading-level-2'><a class=\"ez-toc-link ez-toc-heading-5\" href=\"https:\/\/www.marmottine.fr\/mag\/guides\/bijoux-personnalises\/matieres\/le-bracelet-cuir-simpose-en-hiver\/#Quand_le_bracelet_cuir_devient_personnalise\" title=\"Quand le bracelet cuir devient personnalis\u00e9\">Quand le bracelet cuir devient personnalis\u00e9<\/a><\/li><\/ul><\/li><\/ul><\/nav><\/div>\n\n<p>&nbsp;<\/p>\n<p><img loading=\"lazy\" decoding=\"async\" class=\"alignnone wp-image-1067 size-full\" src=\"https:\/\/www.marmottine.fr\/mag\/wp-content\/uploads\/2024\/10\/le-bracelet-cuir-s-impose-en-hiver.jpg\" alt=\"\" width=\"700\" height=\"420\" srcset=\"https:\/\/www.marmottine.fr\/mag\/wp-content\/uploads\/2024\/10\/le-bracelet-cuir-s-impose-en-hiver.jpg 700w, https:\/\/www.marmottine.fr\/mag\/wp-content\/uploads\/2024\/10\/le-bracelet-cuir-s-impose-en-hiver-300x180.jpg 300w\" sizes=\"(max-width: 700px) 100vw, 700px\" \/><\/p>\n<div><span style=\"font-size: 16px;\"><strong>La bijouterie nous a habitu\u00e9 \u00e0 associer le m\u00e9tal pr\u00e9cieux<\/strong> (argent ou or) \u00e0 d\u2019autres mati\u00e8res inattendues. Parmi elles, le cuir tient une place privil\u00e9gi\u00e9e. Longtemps cantonn\u00e9 au bracelet montre, le cuir s\u2019est affranchi de ce premier usage pour investir les bijoux. D\u2019abord introduit par les grandes marques de maroquinerie et autres selleries de luxe pour compl\u00e9ter leurs collections principales, le bracelet en cuir a fait une perc\u00e9e fulgurante ces derni\u00e8res ann\u00e9es dans les collections de bijoux. Chez Marmottine, on l\u2019a vu appara\u00eetre progressivement. D\u2019abord timidement, dans les collections pour homme, pour s\u2019\u00e9tendre \u00e0 toute la famille, chez de nombreuses marques de bijoux de cr\u00e9ateurs.<\/span><\/div>\n<div><\/div>\n<div>\n<div class=\"sdsarticle-des\">\n<div class=\"e-content\">\n<h2><span class=\"ez-toc-section\" id=\"Le_bracelet_cuir_homme_est_devenu_un_classique\"><\/span>Le bracelet cuir homme est devenu un classique<span class=\"ez-toc-section-end\"><\/span><\/h2>\n<p>Le cuir est par essence une mati\u00e8re brute, rac\u00e9e et animale, qui convient au style masculin. C\u2019est en toute logique que le cuir est d\u2019abord apparu dans les collections de bijoux pour homme. Les premi\u00e8res couleurs de teinture \u00e9taient classiques : noir, marron, bleu marine, puis elles se sont \u00e9claircies au fil du temps jusqu\u2019\u00e0 proposer toute une palette de couleurs lumineuses. Les bracelets les plus sophistiqu\u00e9s sont surpiqu\u00e9s d\u2019un fil de couleur.<\/p>\n<p><strong>Les fermoirs sont en argent ou en acier inoxydable<\/strong>, selon le style, certains sont m\u00eame aimant\u00e9s, pour une pose et une d\u00e9pose facile. Certains bracelets sont r\u00e9alis\u00e9s en cuir tress\u00e9, pour un effet de relief int\u00e9ressant. Pendant des ann\u00e9es les hommes ont port\u00e9 peu de bijou \u00e0 part leur alliance, leur chevali\u00e8re en or et leur gourmette en argent. Le bracelet en cuir pour homme a ouvert la gente masculine au bijou, avec des mod\u00e8les d\u2019abord simples puis de plus en plus sophistiqu\u00e9s. Les plus timides d\u2019entre eux porte une simple lani\u00e8re de cuir attach\u00e9e par un aimant, les plus audacieux osent les bracelets complexes aux cuirs entrem\u00eal\u00e9s, tress\u00e9s et imposants.<\/p>\n<p>Nos bracelets cuir pour homme pr\u00e9f\u00e9r\u00e9s chez Marmottine\u00a0:<\/p>\n<p>Le\u00a0<strong><a href=\"https:\/\/www.marmottine.fr\/bijoux-homme\/1697-petits-tresors-bracelet-cuir-homme-le-mix.html\" target=\"_blank\" rel=\"noopener\">mix de Petits Tr\u00e9sors<\/a><\/strong>, qui a aussi le gros avantage d\u2019\u00eatre personnalisable :<\/p>\n<p><a href=\"https:\/\/www.marmottine.fr\/bijoux-homme\/1697-petits-tresors-bracelet-cuir-homme-le-mix.html\" target=\"_blank\" rel=\"noopener\"><img loading=\"lazy\" decoding=\"async\" src=\"https:\/\/www.marmottine.fr\/img\/cms\/BLOG%20BRACELET%20CUIR\/mix.jpg\" alt=\"bracelet cuir homme le mix\" width=\"700\" height=\"420\" \/><\/a><\/p>\n<p>Le bracelet le Parisien de Loupidou, tellement chic avec sa plaque en argent massif r\u00e9alis\u00e9e en atelier :<\/p>\n<p><img loading=\"lazy\" decoding=\"async\" src=\"https:\/\/www.marmottine.fr\/img\/cms\/BLOG%20BRACELET%20CUIR\/bracelets-cuir-loupidou.jpg\" alt=\"bracelet cuir homme loupidou\" width=\"700\" height=\"420\" \/><\/p>\n<p>&nbsp;<\/p>\n<h2><span class=\"ez-toc-section\" id=\"Le_bracelet_cuir_femme_sest_impose_dans_les_collections\"><\/span>Le bracelet cuir femme s\u2019est impos\u00e9 dans les collections<span class=\"ez-toc-section-end\"><\/span><\/h2>\n<p>La mode f\u00e9minine, toujours en qu\u00eate de nouveaut\u00e9, n\u2019a pas tard\u00e9 \u00e0 d\u00e9celer le potentiel du bracelet en cuir. Car cette mati\u00e8re se d\u00e9cline \u00e0 l\u2019infini selon son origine (veau, vachette, agneau, buffle\u2026) et les techniques de tannage permettent d\u2019obtenir des couleurs extraordinaires, des plus classiques aux plus originales, des plus sages aux plus lumineuses. Fin, \u00e9pais, lisse, rugueux, sophistiqu\u00e9, sport, le bracelet en cuir est devenu un indispensable sur un poignet f\u00e9minin.<\/p>\n<p>L\u00e0 encore, l\u2019industrie du luxe nous a montr\u00e9 la voix, avec des mod\u00e8les chicissimes m\u00ealant des cuirs d\u2019exception \u00e0 des appr\u00eats en argent massif \u00e9voquant un certain style \u00e9questre intemporel. Loin de la mode minimaliste, le bracelet cuir est au contraire fait pour se montrer\u00a0: il prend toute sa place sur le poignet et se porte seul comme une pi\u00e8ce ma\u00eetresse. Les bracelets en cuir pour femme rivalisent de beaut\u00e9 dans le choix des couleurs et d\u2019originalit\u00e9 dans leur forme et leur finition.<\/p>\n<p>Depuis plusieurs ann\u00e9es d\u00e9j\u00e0, Marmottine distribue les bracelets en cuir pour femme de la marque\u00a0<strong><a href=\"https:\/\/www.marmottine.fr\/217-collection-femme\" target=\"_blank\" rel=\"noopener\">Flowers For Zo\u00e9<\/a><\/strong>, une marque de bijoux lilloise sp\u00e9cialis\u00e9e dans les bijoux en cuir. La marque source chez les peausseries de luxe des cuirs aux teintes lumineuses et fabrique des bracelets originaux dans des cama\u00efeux savamment orchestr\u00e9s. Du bracelet discret \u00e0 la manchette imposante, on craque face \u00e0 tant de beaut\u00e9\u00a0!<\/p>\n<p><a href=\"https:\/\/www.marmottine.fr\/collection-femme\/1436-flowersforzoe-bracelet-cuir-multiliens-multicolore-fermoir-argent.html\" target=\"_blank\" rel=\"noopener\"><img loading=\"lazy\" decoding=\"async\" src=\"https:\/\/www.marmottine.fr\/img\/cms\/BLOG%20BRACELET%20CUIR\/ffz.jpg\" alt=\"bracelet cuir femme flowers for zoe\" width=\"700\" height=\"420\" \/><\/a><\/p>\n<p>&nbsp;<\/p>\n<h2><span class=\"ez-toc-section\" id=\"Le_bracelet_cuir_enfant_na_rien_a_envier_aux_grands\"><\/span>Le bracelet cuir enfant n\u2019a rien \u00e0 envier aux grands<span class=\"ez-toc-section-end\"><\/span><\/h2>\n<p>Et les kids dans tout \u00e7a\u00a0? Ils n\u2019ont pas tra\u00een\u00e9 \u00e0 imiter leurs a\u00een\u00e9s\u00a0! Et les marques ont bien compris l\u2019int\u00e9r\u00eat de leur proposer des bijoux pour faire comme maman ou comme papa. Et de proposer des r\u00e9pliques miniatures des bracelets cuir pour adultes, adapt\u00e9s \u00e0 leurs petits poignets. L\u2019int\u00e9r\u00eat du bracelet cuir pour enfant est qu\u2019il est tr\u00e8s facile \u00e0 porter au quotidien, moins pr\u00e9cieux qu\u2019un bracelet en or, donc moins cher et moins fragile. D\u00e8s lors, on n\u2019h\u00e9site pas \u00e0 leur laisser au poignet m\u00eame pour aller \u00e0 l\u2019\u00e9cole. Les bracelets cuir pour enfant sont r\u00e9alis\u00e9s dans des couleurs lumineuses ou tr\u00e8s classiques. Les fermoirs sont \u00e9labor\u00e9s pour r\u00e9sister \u00e0 leur vie tr\u00e9pidante.<\/p>\n<p>Nos bracelets cuir enfant pr\u00e9f\u00e9r\u00e9s\u00a0:<\/p>\n<p>Le\u00a0<strong>bracelet cuir pour fille Artiste de Flowers For Zo\u00e9<\/strong>\u00a0:<\/p>\n<p><a href=\"https:\/\/www.marmottine.fr\/collection-enfants\/2207-bracelet-cuir-enfant-artiste-flowersforzoe.html\" target=\"_blank\" rel=\"noopener\"><img loading=\"lazy\" decoding=\"async\" src=\"https:\/\/www.marmottine.fr\/img\/cms\/BLOG%20BRACELET%20CUIR\/bracelet-cuir-enfant.jpg\" alt=\"bracelet cuir enfant flowers for zoe\" width=\"700\" height=\"420\" \/><\/a><\/p>\n<p>Le\u00a0<a href=\"https:\/\/www.marmottine.fr\/bracelets-kids\/2034-bracelet-cuir-garcon-petits-tresors.html\" target=\"_blank\" rel=\"noopener\"><strong>bracelet cuir gar\u00e7on <\/strong><\/a>de Petits Tr\u00e9sors :<\/p>\n<p><a href=\"https:\/\/www.marmottine.fr\/bracelets-kids\/2034-bracelet-cuir-garcon-petits-tresors.html\" target=\"_blank\" rel=\"noopener\"><img loading=\"lazy\" decoding=\"async\" src=\"https:\/\/www.marmottine.fr\/img\/cms\/BLOG%20BRACELET%20CUIR\/bracelet-cuir-enfant-garcon.jpg\" alt=\"bracelet cuir enfant petits tresors\" width=\"700\" height=\"420\" \/><\/a><\/p>\n<p>&nbsp;<\/p>\n<\/div>\n<div class=\"e-content\">\n<h2><span class=\"ez-toc-section\" id=\"Quand_le_bracelet_cuir_devient_personnalise\"><\/span>Quand le bracelet cuir devient personnalis\u00e9<span class=\"ez-toc-section-end\"><\/span><\/h2>\n<p>Comme la plupart des bijoux actuels, le bracelet cuir n\u2019\u00e9chappe pas \u00e0 la d\u00e9ferlante des bijoux personnalis\u00e9s. En plus de choisir la couleur du cuir, il n\u2019est pas rare de trouver des bracelets cuir personnalisables par la gravure d\u2019un pr\u00e9nom ou d\u2019un message, pour rendre votre achat compl\u00e8tement unique.<\/p>\n<p>Notre coup de c\u0153ur\u00a0: La collection de\u00a0<strong><a href=\"https:\/\/www.marmottine.fr\/107-bracelets-amazone\" target=\"_blank\" rel=\"noopener\">bracelets cuir personnalis\u00e9s Amazone de Petits Tr\u00e9sors<\/a><\/strong>\u00a0et ses bracelets faits de liens en cuir fin surpiqu\u00e9s d\u2019un fil dor\u00e9 ou argent\u00e9 selon la finition de la m\u00e9daille qu\u2019il porte. Un mod\u00e8le haute couture qui fait sensation au poignet !<\/p>\n<p><a href=\"https:\/\/www.marmottine.fr\/107-bracelets-amazone\" target=\"_blank\" rel=\"noopener\"><img loading=\"lazy\" decoding=\"async\" src=\"https:\/\/www.marmottine.fr\/img\/cms\/BLOG%20BRACELET%20CUIR\/bracelet-cuir-amazone.jpg\" alt=\"bracelet cuir femme personnalis\u00e9 amazone\" width=\"700\" height=\"420\" \/><\/a><\/p>\n<p>Vous l\u2019aurez compris, le\u00a0<strong>bracelet cuir<\/strong>\u00a0s\u2019est taill\u00e9 une place de choix dans la bijouterie fantaisie haute de gamme, allant m\u00eame jusqu\u2019\u00e0 flirter avec les marques de luxe. Pour les petits comme pour les grands, n\u2019h\u00e9sitez pas \u00e0 l\u2019offrir en toute occasion car il se plait au poignet\u00a0! Sa mati\u00e8re naturelle se patine dans le temps pour devenir, \u00e0 l\u2019instar de son anc\u00eatre le bracelet montre, comme une seconde peau.<\/p>\n<\/div>\n<\/div>\n<\/div>\n","protected":false},"excerpt":{"rendered":"<p>Le bracelet cuir s\u2019impose en hiver &nbsp; La bijouterie nous a habitu\u00e9 \u00e0 associer le m\u00e9tal pr\u00e9cieux (argent ou or) [&hellip;]<\/p>\n","protected":false},"author":5,"featured_media":1067,"parent":854,"menu_order":3,"comment_status":"closed","ping_status":"closed","template":"","meta":{"site-sidebar-layout":"default","site-content-layout":"","ast-site-content-layout":"default","site-content-style":"default","site-sidebar-style":"default","ast-global-header-display":"","ast-banner-title-visibility":"","ast-main-header-display":"","ast-hfb-above-header-display":"","ast-hfb-below-header-display":"","ast-hfb-mobile-header-display":"","site-post-title":"","ast-breadcrumbs-content":"","ast-featured-img":"","footer-sml-layout":"","theme-transparent-header-meta":"default","adv-header-id-meta":"","stick-header-meta":"","header-above-stick-meta":"","header-main-stick-meta":"","header-below-stick-meta":"","astra-migrate-meta-layouts":"set","ast-page-background-enabled":"default","ast-page-background-meta":{"desktop":{"background-color":"var(--ast-global-color-4)","background-image":"","background-repeat":"repeat","background-position":"center center","background-size":"auto","background-attachment":"scroll","background-type":"","background-media":"","overlay-type":"","overlay-color":"","overlay-gradient":""},"tablet":{"background-color":"","background-image":"","background-repeat":"repeat","background-position":"center center","background-size":"auto","background-attachment":"scroll","background-type":"","background-media":"","overlay-type":"","overlay-color":"","overlay-gradient":""},"mobile":{"background-color":"","background-image":"","background-repeat":"repeat","background-position":"center center","background-size":"auto","background-attachment":"scroll","background-type":"","background-media":"","overlay-type":"","overlay-color":"","overlay-gradient":""}},"ast-content-background-meta":{"desktop":{"background-color":"var(--ast-global-color-5)","background-image":"","background-repeat":"repeat","background-position":"center center","background-size":"auto","background-attachment":"scroll","background-type":"","background-media":"","overlay-type":"","overlay-color":"","overlay-gradient":""},"tablet":{"background-color":"var(--ast-global-color-5)","background-image":"","background-repeat":"repeat","background-position":"center center","background-size":"auto","background-attachment":"scroll","background-type":"","background-media":"","overlay-type":"","overlay-color":"","overlay-gradient":""},"mobile":{"background-color":"var(--ast-global-color-5)","background-image":"","background-repeat":"repeat","background-position":"center center","background-size":"auto","background-attachment":"scroll","background-type":"","background-media":"","overlay-type":"","overlay-color":"","overlay-gradient":""}},"footnotes":""},"aioseo_notices":[],"_links":{"self":[{"href":"https:\/\/www.marmottine.fr\/mag\/wp-json\/wp\/v2\/pages\/1066"}],"collection":[{"href":"https:\/\/www.marmottine.fr\/mag\/wp-json\/wp\/v2\/pages"}],"about":[{"href":"https:\/\/www.marmottine.fr\/mag\/wp-json\/wp\/v2\/types\/page"}],"author":[{"embeddable":true,"href":"https:\/\/www.marmottine.fr\/mag\/wp-json\/wp\/v2\/users\/5"}],"replies":[{"embeddable":true,"href":"https:\/\/www.marmottine.fr\/mag\/wp-json\/wp\/v2\/comments?post=1066"}],"version-history":[{"count":7,"href":"https:\/\/www.marmottine.fr\/mag\/wp-json\/wp\/v2\/pages\/1066\/revisions"}],"predecessor-version":[{"id":1244,"href":"https:\/\/www.marmottine.fr\/mag\/wp-json\/wp\/v2\/pages\/1066\/revisions\/1244"}],"up":[{"embeddable":true,"href":"https:\/\/www.marmottine.fr\/mag\/wp-json\/wp\/v2\/pages\/854"}],"wp:featuredmedia":[{"embeddable":true,"href":"https:\/\/www.marmottine.fr\/mag\/wp-json\/wp\/v2\/media\/1067"}],"wp:attachment":[{"href":"https:\/\/www.marmottine.fr\/mag\/wp-json\/wp\/v2\/media?parent=1066"}],"curies":[{"name":"wp","href":"https:\/\/api.w.org\/{rel}","templated":true}]}}