{"id":1047,"date":"2024-10-30T11:34:06","date_gmt":"2024-10-30T10:34:06","guid":{"rendered":"https:\/\/www.marmottine.fr\/mag\/?page_id=1047"},"modified":"2024-11-04T18:03:58","modified_gmt":"2024-11-04T17:03:58","slug":"la-tendance-des-bijoux-en-argent","status":"publish","type":"page","link":"https:\/\/www.marmottine.fr\/mag\/guides\/bijoux-personnalises\/matieres\/la-tendance-des-bijoux-en-argent","title":{"rendered":"La tendance des bijoux en argent"},"content":{"rendered":"<h1><span class=\"ez-toc-section\" id=\"La_tendance_des_bijoux_en_argent\"><\/span>La tendance des bijoux en argent<span class=\"ez-toc-section-end\"><\/span><\/h1><div id=\"ez-toc-container\" class=\"ez-toc-v2_0_69_1 counter-hierarchy ez-toc-counter ez-toc-grey ez-toc-container-direction\">\n<div class=\"ez-toc-title-container\">\n<p class=\"ez-toc-title\" style=\"cursor:inherit\">Sommaire<\/p>\n<span class=\"ez-toc-title-toggle\"><a href=\"#\" class=\"ez-toc-pull-right ez-toc-btn ez-toc-btn-xs ez-toc-btn-default ez-toc-toggle\" aria-label=\"Toggle Table of Content\"><span class=\"ez-toc-js-icon-con\"><span class=\"\"><span class=\"eztoc-hide\" style=\"display:none;\">Toggle<\/span><span class=\"ez-toc-icon-toggle-span\"><svg style=\"fill: #999;color:#999\" xmlns=\"http:\/\/www.w3.org\/2000\/svg\" class=\"list-377408\" width=\"20px\" height=\"20px\" viewBox=\"0 0 24 24\" fill=\"none\"><path d=\"M6 6H4v2h2V6zm14 0H8v2h12V6zM4 11h2v2H4v-2zm16 0H8v2h12v-2zM4 16h2v2H4v-2zm16 0H8v2h12v-2z\" fill=\"currentColor\"><\/path><\/svg><svg style=\"fill: #999;color:#999\" class=\"arrow-unsorted-368013\" xmlns=\"http:\/\/www.w3.org\/2000\/svg\" width=\"10px\" height=\"10px\" viewBox=\"0 0 24 24\" version=\"1.2\" baseProfile=\"tiny\"><path d=\"M18.2 9.3l-6.2-6.3-6.2 6.3c-.2.2-.3.4-.3.7s.1.5.3.7c.2.2.4.3.7.3h11c.3 0 .5-.1.7-.3.2-.2.3-.5.3-.7s-.1-.5-.3-.7zM5.8 14.7l6.2 6.3 6.2-6.3c.2-.2.3-.5.3-.7s-.1-.5-.3-.7c-.2-.2-.4-.3-.7-.3h-11c-.3 0-.5.1-.7.3-.2.2-.3.5-.3.7s.1.5.3.7z\"\/><\/svg><\/span><\/span><\/span><\/a><\/span><\/div>\n<nav><ul class='ez-toc-list ez-toc-list-level-1 ' ><li class='ez-toc-page-1 ez-toc-heading-level-1'><a class=\"ez-toc-link ez-toc-heading-1\" href=\"https:\/\/www.marmottine.fr\/mag\/guides\/bijoux-personnalises\/matieres\/la-tendance-des-bijoux-en-argent\/#La_tendance_des_bijoux_en_argent\" title=\"La tendance des bijoux en argent\">La tendance des bijoux en argent<\/a><ul class='ez-toc-list-level-2' ><li class='ez-toc-heading-level-2'><a class=\"ez-toc-link ez-toc-heading-2\" href=\"https:\/\/www.marmottine.fr\/mag\/guides\/bijoux-personnalises\/matieres\/la-tendance-des-bijoux-en-argent\/#Pourquoi_les_bijoux_en_argent_ont-ils_la_cote\" title=\"Pourquoi les bijoux en argent ont-ils la c\u00f4te\u00a0?\">Pourquoi les bijoux en argent ont-ils la c\u00f4te\u00a0?<\/a><\/li><li class='ez-toc-page-1 ez-toc-heading-level-2'><a class=\"ez-toc-link ez-toc-heading-3\" href=\"https:\/\/www.marmottine.fr\/mag\/guides\/bijoux-personnalises\/matieres\/la-tendance-des-bijoux-en-argent\/#Comment_choisir_un_bijou_en_argent\" title=\"Comment choisir un bijou en argent\u00a0?\">Comment choisir un bijou en argent\u00a0?<\/a><\/li><li class='ez-toc-page-1 ez-toc-heading-level-2'><a class=\"ez-toc-link ez-toc-heading-4\" href=\"https:\/\/www.marmottine.fr\/mag\/guides\/bijoux-personnalises\/matieres\/la-tendance-des-bijoux-en-argent\/#Comment_nettoyer_un_bijou_en_argent\" title=\"Comment nettoyer un bijou en argent ?\">Comment nettoyer un bijou en argent ?<\/a><\/li><li class='ez-toc-page-1 ez-toc-heading-level-2'><a class=\"ez-toc-link ez-toc-heading-5\" href=\"https:\/\/www.marmottine.fr\/mag\/guides\/bijoux-personnalises\/matieres\/la-tendance-des-bijoux-en-argent\/#Quest-ce_quun_bijou_rhodie\" title=\"Qu\u2019est-ce qu\u2019un bijou rhodi\u00e9\u00a0?\">Qu\u2019est-ce qu\u2019un bijou rhodi\u00e9\u00a0?<\/a><\/li><li class='ez-toc-page-1 ez-toc-heading-level-2'><a class=\"ez-toc-link ez-toc-heading-6\" href=\"https:\/\/www.marmottine.fr\/mag\/guides\/bijoux-personnalises\/matieres\/la-tendance-des-bijoux-en-argent\/#Comment_reconnaitre_un_vrai_bijou_en_argent\" title=\"Comment reconna\u00eetre un vrai bijou en argent\u00a0?\">Comment reconna\u00eetre un vrai bijou en argent\u00a0?<\/a><\/li><li class='ez-toc-page-1 ez-toc-heading-level-2'><a class=\"ez-toc-link ez-toc-heading-7\" href=\"https:\/\/www.marmottine.fr\/mag\/guides\/bijoux-personnalises\/matieres\/la-tendance-des-bijoux-en-argent\/#Quels_sont_les_bijoux_en_argent_pour_femme\" title=\"Quels sont les bijoux en argent pour femme\u00a0?\">Quels sont les bijoux en argent pour femme\u00a0?<\/a><\/li><li class='ez-toc-page-1 ez-toc-heading-level-2'><a class=\"ez-toc-link ez-toc-heading-8\" href=\"https:\/\/www.marmottine.fr\/mag\/guides\/bijoux-personnalises\/matieres\/la-tendance-des-bijoux-en-argent\/#Quels_sont_les_bijoux_en_argent_pour_homme\" title=\"Quels sont les bijoux en argent pour homme\u00a0?\">Quels sont les bijoux en argent pour homme\u00a0?<\/a><\/li><li class='ez-toc-page-1 ez-toc-heading-level-2'><a class=\"ez-toc-link ez-toc-heading-9\" href=\"https:\/\/www.marmottine.fr\/mag\/guides\/bijoux-personnalises\/matieres\/la-tendance-des-bijoux-en-argent\/#Peut-on_offrir_un_bijou_en_argent_a_un_enfant\" title=\"Peut-on offrir un bijou en argent \u00e0 un enfant\u00a0?\">Peut-on offrir un bijou en argent \u00e0 un enfant\u00a0?<\/a><\/li><li class='ez-toc-page-1 ez-toc-heading-level-2'><a class=\"ez-toc-link ez-toc-heading-10\" href=\"https:\/\/www.marmottine.fr\/mag\/guides\/bijoux-personnalises\/matieres\/la-tendance-des-bijoux-en-argent\/#Quels_sont_les_bijoux_tendance_en_argent\" title=\"Quels sont les bijoux tendance en argent\u00a0?\">Quels sont les bijoux tendance en argent\u00a0?<\/a><\/li><li class='ez-toc-page-1 ez-toc-heading-level-2'><a class=\"ez-toc-link ez-toc-heading-11\" href=\"https:\/\/www.marmottine.fr\/mag\/guides\/bijoux-personnalises\/matieres\/la-tendance-des-bijoux-en-argent\/#Comment_entretenir_un_bijou_en_argent\" title=\"Comment entretenir un bijou en argent\u00a0?\">Comment entretenir un bijou en argent\u00a0?<\/a><\/li><\/ul><\/li><\/ul><\/nav><\/div>\n\n<p><img loading=\"lazy\" decoding=\"async\" class=\"alignnone wp-image-996 size-full\" src=\"https:\/\/www.marmottine.fr\/mag\/wp-content\/uploads\/2024\/10\/BAGUE-ARGENT.jpg\" alt=\"\" width=\"700\" height=\"420\" srcset=\"https:\/\/www.marmottine.fr\/mag\/wp-content\/uploads\/2024\/10\/BAGUE-ARGENT.jpg 700w, https:\/\/www.marmottine.fr\/mag\/wp-content\/uploads\/2024\/10\/BAGUE-ARGENT-300x180.jpg 300w\" sizes=\"(max-width: 700px) 100vw, 700px\" \/><\/p>\n<p><a href=\"https:\/\/www.marmottine.fr\/mag\/guides\/bijoux-personnalises\/matieres\">La bijouterie n\u2019\u00e9chappe pas aux modes<\/a>, comme dans la d\u00e9coration ou le pr\u00eat \u00e0 porter. Chaque saison apporte son lot de nouveaut\u00e9s et de tendances. Et actuellement, nous constatons un regain d\u2019int\u00e9r\u00eat pour les\u00a0<b>bijoux en argent<\/b>, en France comme en Italie ou en Belgique. Que ce soit pour femme, homme ou enfant, on constate un retour en gr\u00e2ce de ce m\u00e9tal pr\u00e9cieux un peu d\u00e9laiss\u00e9 ces derni\u00e8res ann\u00e9es. Pourquoi les bijoux en argent ont la c\u00f4te\u00a0? Comment les choisir\u00a0? Comment les entretenir pour qu\u2019ils ne noircissent pas\u00a0? On fait un point complet sur le sujet.<\/p>\n<h2><span class=\"ez-toc-section\" id=\"Pourquoi_les_bijoux_en_argent_ont-ils_la_cote\"><\/span>Pourquoi les bijoux en argent ont-ils la c\u00f4te\u00a0?<span class=\"ez-toc-section-end\"><\/span><\/h2>\n<p>Plusieurs facteurs expliquent ce nouvel engouement pour l\u2019argent.<\/p>\n<p>1.\u00a0\u00a0\u00a0\u00a0\u00a0\u00a0\u00a0Tout d\u2019abord, comme on l\u2019a vu pr\u00e9c\u00e9demment, les collections de\u00a0<strong>bijoux correspondent \u00e0 des modes<\/strong>\u00a0qui apparaissent aussi vite qu\u2019elles sont venues. Ces derni\u00e8res ann\u00e9es nous ont habitu\u00e9s aux bijoux dor\u00e9s, parfois m\u00eame dor\u00e9s rose. En plaqu\u00e9 or ou en or v\u00e9ritable, on a toutes succomb\u00e9es \u00e0 la mode des colliers m\u00e9dailles multi rangs, aux bagues fines dor\u00e9es \u00e0 chaque doigt. Cette mode s\u2019essouffle un peu \u00e0 force de l\u2019avoir trop vue.<\/p>\n<p>2.\u00a0\u00a0\u00a0\u00a0\u00a0\u00a0\u00a0Autre \u00e9l\u00e9ment d\u00e9clencheur\u00a0: l\u2019<strong>augmentation du prix de l\u2019or<\/strong>. Valeur refuge en p\u00e9riode de crise, l\u2019or a vu son cours s\u2019envoler de mani\u00e8re stratosph\u00e9rique. M\u00eame si les cr\u00e9ateurs de bijoux ont frein\u00e9 l\u2019augmentation en proposant des bijoux plus fins et plus l\u00e9gers, les bijoux en or sont devenus de vrais objets de luxe que l\u2019on h\u00e9site \u00e0 acheter pour certaines occasions.<\/p>\n<p>3.\u00a0\u00a0\u00a0\u00a0\u00a0\u00a0\u00a0Enfin, l\u2019argent demeure un\u00a0<strong>m\u00e9tal pr\u00e9cieux\u00a0<\/strong>que l\u2019on peut garder longtemps \u00e0 condition d\u2019en prendre soin. Un beau bijou en argent massif, fabriqu\u00e9 dans un atelier artisanal, dans les r\u00e8gles de l\u2019art, vaut largement un bijou en or, en termes de long\u00e9vit\u00e9, de beaut\u00e9 et de qualit\u00e9. Certaines marques de luxe comme<strong>\u00a0<a href=\"https:\/\/www.hermes.com\/fr\/fr\/category\/bijouterie\/bijoux-en-argent\/#|\" target=\"_blank\" rel=\"noopener\">Herm\u00e8s<\/a>\u00a0<\/strong>ou\u00a0<strong><a href=\"https:\/\/www.tiffany.fr\/jewelry\/shop\/sterling-silver-jewelry\/\" target=\"_blank\" rel=\"noopener\">Tiffany<\/a><\/strong>\u00a0l\u2019ont bien compris et proposent depuis toujours des collections de bijoux en argent intemporelles, au luxe ind\u00e9modable, qui se transmettent de m\u00e8re en fille.<\/p>\n<h2><span class=\"ez-toc-section\" id=\"Comment_choisir_un_bijou_en_argent\"><\/span>Comment choisir un bijou en argent\u00a0?<span class=\"ez-toc-section-end\"><\/span><\/h2>\n<p>Bijou en argent 925 milli\u00e8me, argent massif, plaqu\u00e9 argent, argent\u00e9\u2026 de quoi parle-t-on\u00a0? Difficile de s\u2019y retrouver entre les diff\u00e9rentes appellations et les pr\u00e9sentations all\u00e9chantes de certaines marques. Un bijou en argent peut valoir du simple au double voire au triple en fonction de la qualit\u00e9 de sa fabrication.<\/p>\n<p>L\u2019argent utilis\u00e9 pour faire les bijoux est un alliage compos\u00e9 d\u2019argent pur pour sa plus grande part et d\u2019autres m\u00e9taux. En France, on utilise essentiellement l\u2019argent 925 milli\u00e8mes\u00a0: il est compos\u00e9 de 92.5\u00a0% d\u2019argent pur et 7.5 % d\u2019autres m\u00e9taux comme du cuivre. C\u2019est pourquoi vous verrez souvent dans les descriptions l\u2019expression \u00ab\u00a0argent 925\u00a0\u00bb, \u00ab\u00a0argent\u00a0925\/000\u00a0\u00bb, \u00ab\u00a0argent 925 milli\u00e8mes\u00a0\u00bb, \u00ab\u00a0argent massif\u00a0\u00bb ou encore \u00ab\u00a0argent sterling\u00a0\u00bb. L\u2019int\u00e9r\u00eat de l\u2019argent 925 est double\u00a0: il est plus r\u00e9sistant et s\u2019oxyde moins facilement.<\/p>\n<h2><span class=\"ez-toc-section\" id=\"Comment_nettoyer_un_bijou_en_argent\"><\/span>Comment nettoyer un bijou en argent ?<span class=\"ez-toc-section-end\"><\/span><\/h2>\n<p>Vos bijoux en argent sont noircis\u00a0? C\u2019est qu\u2019ils sont oxyd\u00e9s. Car l\u2019argent est un m\u00e9tal naturel qui a pour propri\u00e9t\u00e9 de\u00a0s\u2019oxyder au contact de l\u2019air. C\u2019est une r\u00e9action chimique qui fait appara\u00eetre des taches noires en surface sur la mati\u00e8re. Si cela vous arrive, pas de panique, ce n\u2019est pas d\u00e9finitif\u00a0! Il suffit de frotter avec une\u00a0chamoisine\u00a0sp\u00e9ciale, douce et imbib\u00e9e d\u2019un produit nettoyant pour bijoux argent, pour redonner tout son \u00e9clat \u00e0 votre bijou. C\u2019est m\u00eame la magie d\u2019un vrai bijou en argent\u00a0: il ne s\u2019ab\u00eeme pas, il se patine. Cependant, pour \u00e9viter ces d\u00e9sagr\u00e9ments, de plus en plus de marques proposent des bijoux en argent rhodi\u00e9s.<\/p>\n<h2><span class=\"ez-toc-section\" id=\"Quest-ce_quun_bijou_rhodie\"><\/span>Qu\u2019est-ce qu\u2019un bijou rhodi\u00e9\u00a0?<span class=\"ez-toc-section-end\"><\/span><\/h2>\n<p>Le rhodiage est un\u00a0traitement de surface\u00a0qui vient d\u00e9poser une fine pellicule sur le bijou, l\u2019enrobant pour mieux le prot\u00e9ger des attaques du temps. Ainsi, le bijou ne s\u2019oxyde pas. Des pr\u00e9cautions s\u2019imposent tout de m\u00eame\u00a0: pas de laque, pas de parfum, et \u00e9vitez de vous baigner avec, que ce soit \u00e0 la piscine ou en mer. Sachez aussi que certaines peaux particuli\u00e8rement acides acc\u00e9l\u00e8rent l\u2019oxydation, m\u00eame sur un bijou rhodi\u00e9.<\/p>\n<h2><span class=\"ez-toc-section\" id=\"Comment_reconnaitre_un_vrai_bijou_en_argent\"><\/span>Comment reconna\u00eetre un vrai bijou en argent\u00a0?<span class=\"ez-toc-section-end\"><\/span><\/h2>\n<p>Prenez une loupe et observez le\u00a0<strong>poin\u00e7on<\/strong>\u00a0! Comme pour les bijoux en or, les bijoux en argent pr\u00e9sentent un ou plusieurs poin\u00e7ons, garantie d\u2019authenticit\u00e9 et de qualit\u00e9. Le poin\u00e7on officiel de l\u2019argent en France est la\u00a0<strong>t\u00eate de Minerve<\/strong>. Si vous constatez un autre poin\u00e7on, c\u2019est que le bijou provient d\u2019un autre pays, o\u00f9 les standards de qualit\u00e9 sont diff\u00e9rents. Enfin, les fabricants ont eux aussi leur propre poin\u00e7on, que l\u2019on appelle poin\u00e7on de ma\u00eetre.\u00a0L\u2019observation de ces diff\u00e9rentes marques distinctives vous donnera des indications sur le p\u00e9digr\u00e9e de votre bijou.<\/p>\n<p>Si vous ne constatez aucun poin\u00e7on, c\u2019est qu\u2019il s\u2019agit tout simplement d\u2019un bijou en m\u00e9tal argent\u00e9, ou plaqu\u00e9 argent. Ce genre de bijou est en r\u00e9alit\u00e9 fabriqu\u00e9 en cuivre ou en bronze, puis recouvert d\u2019une fine couche d\u2019argent obtenu par \u00e9lectrolyse ou galvanoplastie. Il s\u2019agit dans ce cas de bijoux fantaisie qui ternissent tr\u00e8s vite, la moindre rayure faisant appara\u00eetre la couleur du m\u00e9tal principal.<\/p>\n<h2><span class=\"ez-toc-section\" id=\"Quels_sont_les_bijoux_en_argent_pour_femme\"><\/span>Quels sont les bijoux en argent pour femme\u00a0?<span class=\"ez-toc-section-end\"><\/span><\/h2>\n<p>Tous les bijoux pour femme se d\u00e9clinent en argent\u00a0:\u00a0<strong>bagues, boucles d\u2019oreilles, colliers, pendentifs, bracelets, cha\u00eenes<\/strong>. On trouve des bijoux en argent dans tous les styles\u00a0: minimalistes, volumineux, ethniques. Mais \u00e9galement associ\u00e9 \u00e0 des pierres dures (comme la turquoise, l\u2019am\u00e9thyste, la marcassite ou l\u2019onyx), des pierres pr\u00e9cieuses (comme le diamant) ou des pierres synth\u00e9tiques (comme du cristal Swarovski). La couleur de l\u2019argent se marie avec tous les types de peaux, des plus p\u00e2les aux plus fonc\u00e9es. Ce m\u00e9tal pr\u00e9cieux se gravant facilement, on trouve beaucoup de bijoux personnalis\u00e9s en argent, pr\u00e9texte \u00e0 faire des cadeaux originaux en toute occasion (f\u00eate des m\u00e8res, No\u00ebl, anniversaire, naissance\u2026).<\/p>\n<h2><span class=\"ez-toc-section\" id=\"Quels_sont_les_bijoux_en_argent_pour_homme\"><\/span>Quels sont les bijoux en argent pour homme\u00a0?<span class=\"ez-toc-section-end\"><\/span><\/h2>\n<p>La couleur argent est similaire \u00e0 celle de l\u2019or blanc\u00a0et du\u00a0rhodium, deux m\u00e9taux fr\u00e9quemment utilis\u00e9s dans la fabrication des\u00a0<strong>bijoux pour homme<\/strong>, et que l\u2019on confond parfois avec l\u2019argent. Cette couleur s\u2019associe bien \u00e0 celles dites masculines comme le noir, le bleu et le marron. C\u2019est pourquoi il n\u2019est pas rare de trouver des bijoux en argent pour homme combin\u00e9s \u00e0 d\u2019autres mat\u00e9riaux comme le cuir, la corde, ou la laine. En t\u00eate des bijoux en argent pour homme, on trouve le bracelet sous toutes ses formes (bracelet argent massif, bracelet jonc, bracelet cordon, bracelet cuir). La m\u00e9daille en argent est \u00e9galement tr\u00e8s appr\u00e9ci\u00e9e par la gente masculine\u00a0: m\u00e9daille ronde, m\u00e9daille carr\u00e9e, m\u00e9daille rectangulaire (comme la m\u00e9daille militaire). Les chaines \u00e0 grosse maille sont \u00e9galement tr\u00e8s populaires aupr\u00e8s de ces messieurs, notamment chez les rappeurs. Tout comme les grosses bagues, orn\u00e9es de pierres dures (onyx, lapis lazuli) ou d\u2019\u00e9l\u00e9ments figuratifs (croix, t\u00eate de mort, lion, aigle) et bien s\u00fbr les chevali\u00e8res qui reviennent sur le devant de la sc\u00e8ne.<\/p>\n<h2><span class=\"ez-toc-section\" id=\"Peut-on_offrir_un_bijou_en_argent_a_un_enfant\"><\/span>Peut-on offrir un bijou en argent \u00e0 un enfant\u00a0?<span class=\"ez-toc-section-end\"><\/span><\/h2>\n<p>Non seulement c\u2019est admis mais c\u2019est m\u00eame recommand\u00e9\u00a0! L\u2019argent \u00e9tant moins cher que l\u2019or, on h\u00e9site moins \u00e0 leur faire porter un bijou en argent, que ce soit un pendentif, une m\u00e9daille ou un bracelet. Les cr\u00e9ateurs de bijoux ne s\u2019y sont pas tromp\u00e9\u00a0: les\u00a0<strong>collections de bijoux pour enfants<\/strong>\u00a0regorgent de jolis mod\u00e8les tr\u00e8s qualitatifs en argent, pratiquement tous personnalisables, rehauss\u00e9s de cordons ou de tissus color\u00e9s. Toute occasion est bonne pour offrir un bijou en argent \u00e0 un enfant\u00a0: une m\u00e9daille de bapt\u00eame, un pendentif pour une communion, un bracelet pour un anniversaire.<\/p>\n<h2><span class=\"ez-toc-section\" id=\"Quels_sont_les_bijoux_tendance_en_argent\"><\/span>Quels sont les bijoux tendance en argent\u00a0?<span class=\"ez-toc-section-end\"><\/span><\/h2>\n<p>On l\u2019a vu, la mode est un \u00e9ternel recommencement. C\u2019est pourquoi on voit ressurgir des bijoux qui \u00e9taient tr\u00e8s en vogue au XX\u00e8me si\u00e8cle\u00a0:<\/p>\n<p>\u00b7\u00a0\u00a0\u00a0\u00a0\u00a0\u00a0\u00a0\u00a0<strong>\u00a0<a href=\"https:\/\/www.marmottine.fr\/les-empreintes\/428-rosset-gaulejac-collier-plaque-militaire-a-graver.html?search_query=militaire&amp;results=11\" target=\"_blank\" rel=\"noopener\">La m\u00e9daille militaire\u00a0en argent<\/a><\/strong><strong>\u00a0<\/strong>: la r\u00e9plique en argent de la fameuse m\u00e9daille rectangulaire avec le matricule de l\u2019appel\u00e9 fait fureur. Elle est revisit\u00e9e par de nombreuses marques qui proposent de la graver avec les donn\u00e9es personnelles de son porteur.<\/p>\n<p><a href=\"https:\/\/www.marmottine.fr\/les-empreintes\/428-rosset-gaulejac-collier-plaque-militaire-a-graver.html?search_query=militaire&amp;results=11\" target=\"_blank\" rel=\"noopener\"><img loading=\"lazy\" decoding=\"async\" src=\"https:\/\/www.marmottine.fr\/img\/cms\/BLOG%20Bijoux%20argent\/MEDAILLE-MILITAIRE-ARGENT.jpg\" alt=\"\" width=\"700\" height=\"420\" \/><\/a><\/p>\n<p>\u00b7\u00a0\u00a0\u00a0\u00a0\u00a0\u00a0\u00a0\u00a0\u00a0<strong><a href=\"https:\/\/www.marmottine.fr\/so-marmotte\/2338-bracelet-jonc-femme-argent.html\" target=\"_blank\" rel=\"noopener\">Le bracelet jonc en argent<\/a><\/strong>\u00a0: \u00e9galement appel\u00e9 jonc ouvert, ou jonc esclave, c\u2019est l\u2019accessoire indispensable actuellement pour petits et grands. Son plateau aplati permet de faire graver un pr\u00e9nom. Sa forme intemporelle \u00e9pouse parfaitement le poignet et se glisse discr\u00e8tement sous un chemisier.<\/p>\n<p><a href=\"https:\/\/www.marmottine.fr\/so-marmotte\/2338-bracelet-jonc-femme-argent.html\" target=\"_blank\" rel=\"noopener\"><img loading=\"lazy\" decoding=\"async\" src=\"https:\/\/www.marmottine.fr\/img\/cms\/BLOG%20Bijoux%20argent\/JONC-ARGENT.jpg\" alt=\"\" width=\"700\" height=\"420\" \/><\/a><\/p>\n<p>\u00b7\u00a0\u00a0\u00a0\u00a0\u00a0\u00a0\u00a0\u00a0\u00a0<strong><a href=\"https:\/\/www.marmottine.fr\/so-marmotte\/2344-bague-cercle-argent-grand-modele.html\" target=\"_blank\" rel=\"noopener\">La grosse bague en argent<\/a><\/strong>\u00a0: et que dire des grosses bagues en argent\u00a0? Sinon qu\u2019on les adore, monumentales, comme on les voit aux doigts des peoples. Pleines ou ajour\u00e9es, en argent massif, \u00e9ventuellement rehauss\u00e9es d\u2019une pierre, elles ont beaucoup de caract\u00e8re.<\/p>\n<p><a href=\"https:\/\/www.marmottine.fr\/so-marmotte\/2344-bague-cercle-argent-grand-modele.html\" target=\"_blank\" rel=\"noopener\"><img loading=\"lazy\" decoding=\"async\" src=\"https:\/\/www.marmottine.fr\/img\/cms\/BLOG%20Bijoux%20argent\/BAGUE-ARGENT.jpg\" alt=\"grosse bague argent\" width=\"700\" height=\"420\" \/><\/a><\/p>\n<p>\u00b7\u00a0\u00a0\u00a0\u00a0\u00a0\u00a0\u00a0<strong>\u00a0\u00a0<a href=\"https:\/\/www.marmottine.fr\/so-marmotte\/2340-gourmette-bebe-argent-a-graver.html\" target=\"_blank\" rel=\"noopener\">La gourmette b\u00e9b\u00e9 en argent<\/a><\/strong><strong>\u00a0<\/strong><strong>:<\/strong>\u00a0version plus abordable que la gourmette traditionnelle en or, plus moderne et tout aussi \u00e9l\u00e9gante, elle est parfaite pour faire un cadeau de bapt\u00eame<\/p>\n<p><a href=\"https:\/\/www.marmottine.fr\/so-marmotte\/2340-gourmette-bebe-argent-a-graver.html\" target=\"_blank\" rel=\"noopener\"><img loading=\"lazy\" decoding=\"async\" src=\"https:\/\/www.marmottine.fr\/img\/cms\/BLOG%20Bijoux%20argent\/GOURMETTE-BEBE-ARGENT.jpg\" alt=\"gourmette bebe argent\" width=\"700\" height=\"420\" \/><\/a><\/p>\n<p>\u00b7\u00a0\u00a0\u00a0\u00a0\u00a0\u00a0\u00a0\u00a0\u00a0<b>La manchette en argent\u00a0<\/b>: de largeur plus ou moins grande, la machette existe depuis la nuit des temps. Pas \u00e9tonnant qu\u2019on en retrouve dans les fouilles arch\u00e9ologiques. De nos jours, elle est plus que jamais d\u2019actualit\u00e9 et se glisse au poignet ou au bras comme une seconde peau.<\/p>\n<h2><span class=\"ez-toc-section\" id=\"Comment_entretenir_un_bijou_en_argent\"><\/span>Comment entretenir un bijou en argent\u00a0?<span class=\"ez-toc-section-end\"><\/span><\/h2>\n<p>Qu\u2019il soit rhodi\u00e9 ou pas, un bijou en argent est un bijou qui vit. Plus vous en prendrez soin, mieux il vieillira. Comme pour tout bijou, il convient de prendre\u00a0<strong>certaines pr\u00e9cautions<\/strong>, surtout s\u2019il s\u2019agit d\u2019un bijou expos\u00e9 aux chocs comme une bague ou un bracelet.<\/p>\n<p>\u00d8\u00a0\u00a0Evitez le contact avec des\u00a0d\u00e9tergents\u00a0et des produits chimiques ou corrosifs<\/p>\n<p>\u00d8\u00a0\u00a0Ne projetez pas de\u00a0laque ni de parfum\u00a0sur vos bijoux<\/p>\n<p>\u00d8\u00a0\u00a0Nettoyez-les r\u00e9guli\u00e8rement avec une\u00a0chamoisine\u00a0pour leur redonner leur \u00e9clat<\/p>\n<p>\u00d8\u00a0\u00a0Ne les laissez jamais trop longtemps pos\u00e9s sur une surface \u00e0 l\u2019air libre, cela acc\u00e9l\u00e8re l\u2019oxydation<\/p>\n<p>La bonne nouvelle est que plus un bijou en argent est port\u00e9, moins il s\u2019alt\u00e8re. Il va au contraire se patiner dans le temps, lui apportant un look vintage. Bref, il vieillira avec vous comme un compagnon irrempla\u00e7able\u00a0!<\/p>\n","protected":false},"excerpt":{"rendered":"<p>La tendance des bijoux en argent La bijouterie n\u2019\u00e9chappe pas aux modes, comme dans la d\u00e9coration ou le pr\u00eat \u00e0 [&hellip;]<\/p>\n","protected":false},"author":5,"featured_media":1048,"parent":854,"menu_order":1,"comment_status":"closed","ping_status":"closed","template":"","meta":{"site-sidebar-layout":"default","site-content-layout":"","ast-site-content-layout":"default","site-content-style":"default","site-sidebar-style":"default","ast-global-header-display":"","ast-banner-title-visibility":"","ast-main-header-display":"","ast-hfb-above-header-display":"","ast-hfb-below-header-display":"","ast-hfb-mobile-header-display":"","site-post-title":"","ast-breadcrumbs-content":"","ast-featured-img":"","footer-sml-layout":"","theme-transparent-header-meta":"default","adv-header-id-meta":"","stick-header-meta":"","header-above-stick-meta":"","header-main-stick-meta":"","header-below-stick-meta":"","astra-migrate-meta-layouts":"set","ast-page-background-enabled":"default","ast-page-background-meta":{"desktop":{"background-color":"var(--ast-global-color-4)","background-image":"","background-repeat":"repeat","background-position":"center center","background-size":"auto","background-attachment":"scroll","background-type":"","background-media":"","overlay-type":"","overlay-color":"","overlay-gradient":""},"tablet":{"background-color":"","background-image":"","background-repeat":"repeat","background-position":"center center","background-size":"auto","background-attachment":"scroll","background-type":"","background-media":"","overlay-type":"","overlay-color":"","overlay-gradient":""},"mobile":{"background-color":"","background-image":"","background-repeat":"repeat","background-position":"center center","background-size":"auto","background-attachment":"scroll","background-type":"","background-media":"","overlay-type":"","overlay-color":"","overlay-gradient":""}},"ast-content-background-meta":{"desktop":{"background-color":"var(--ast-global-color-5)","background-image":"","background-repeat":"repeat","background-position":"center center","background-size":"auto","background-attachment":"scroll","background-type":"","background-media":"","overlay-type":"","overlay-color":"","overlay-gradient":""},"tablet":{"background-color":"var(--ast-global-color-5)","background-image":"","background-repeat":"repeat","background-position":"center center","background-size":"auto","background-attachment":"scroll","background-type":"","background-media":"","overlay-type":"","overlay-color":"","overlay-gradient":""},"mobile":{"background-color":"var(--ast-global-color-5)","background-image":"","background-repeat":"repeat","background-position":"center center","background-size":"auto","background-attachment":"scroll","background-type":"","background-media":"","overlay-type":"","overlay-color":"","overlay-gradient":""}},"footnotes":""},"aioseo_notices":[],"_links":{"self":[{"href":"https:\/\/www.marmottine.fr\/mag\/wp-json\/wp\/v2\/pages\/1047"}],"collection":[{"href":"https:\/\/www.marmottine.fr\/mag\/wp-json\/wp\/v2\/pages"}],"about":[{"href":"https:\/\/www.marmottine.fr\/mag\/wp-json\/wp\/v2\/types\/page"}],"author":[{"embeddable":true,"href":"https:\/\/www.marmottine.fr\/mag\/wp-json\/wp\/v2\/users\/5"}],"replies":[{"embeddable":true,"href":"https:\/\/www.marmottine.fr\/mag\/wp-json\/wp\/v2\/comments?post=1047"}],"version-history":[{"count":3,"href":"https:\/\/www.marmottine.fr\/mag\/wp-json\/wp\/v2\/pages\/1047\/revisions"}],"predecessor-version":[{"id":1257,"href":"https:\/\/www.marmottine.fr\/mag\/wp-json\/wp\/v2\/pages\/1047\/revisions\/1257"}],"up":[{"embeddable":true,"href":"https:\/\/www.marmottine.fr\/mag\/wp-json\/wp\/v2\/pages\/854"}],"wp:featuredmedia":[{"embeddable":true,"href":"https:\/\/www.marmottine.fr\/mag\/wp-json\/wp\/v2\/media\/1048"}],"wp:attachment":[{"href":"https:\/\/www.marmottine.fr\/mag\/wp-json\/wp\/v2\/media?parent=1047"}],"curies":[{"name":"wp","href":"https:\/\/api.w.org\/{rel}","templated":true}]}}